{"id":9932,"date":"2016-04-22T19:01:45","date_gmt":"2016-04-22T16:01:45","guid":{"rendered":"http:\/\/epood.saara.ee\/en\/pood\/dark-green-blue-yarn-for-the-haapsalu-shawl-302-koopia"},"modified":"2025-06-26T10:13:57","modified_gmt":"2025-06-26T07:13:57","slug":"dark-green-blue-yarn-for-the-haapsalu-shawl-302-koopia","status":"publish","type":"product","link":"https:\/\/epood.saara.ee\/en\/pood\/dark-green-blue-yarn-for-the-haapsalu-shawl-302-koopia","title":{"rendered":"Spring Green Yarn for the Haapsalu Shawl 30\/2"},"content":{"rendered":"<p>Itaaliast p\u00e4rit t\u00e4isvillane ja v\u00e4ga hea korrutusastmega Haapsalu salli l\u00f5ng on m\u00f5nus kududa ja hoiab venitatult h\u00e4sti vormi. Soovitame kasutada vardaid nr 2,5 v\u00f5i 2,75 v\u00f5i 3. Sajast grammist l\u00f5ngast saab \u00fche suurema Haapsalu salli.<\/p>\n<p>Raamatute &#8220;Haapsalu sall&#8221; ja &#8220;Haapsalu r\u00e4tt&#8221; autor Siiri Reimann peab seda parimat sorti Haapsalu salli l\u00f5ngaks, mida ta seni proovinud on!<\/p>\n<div  class='av-social-sharing-box av-av_social_share-feb505b66c6ae6530f7e1dd10db56ce8 av-social-sharing-box-minimal  avia-builder-el-0  avia-builder-el-no-sibling  av-social-sharing-box-fullwidth'><div class=\"av-share-box\"><h5 class='av-share-link-description av-no-toc '>Jaga<\/h5><ul class=\"av-share-box-list noLightbox\"><li class='av-share-link av-social-link-facebook' ><a target=\"_blank\" aria-label=\"Share on Facebook\" href='https:\/\/www.facebook.com\/sharer.php?u=https:\/\/epood.saara.ee\/en\/pood\/dark-green-blue-yarn-for-the-haapsalu-shawl-302-koopia&#038;t=Spring%20Green%20Yarn%20for%20the%20Haapsalu%20Shawl%2030%2F2' aria-hidden='false' data-av_icon='\ue8f3' data-av_iconfont='entypo-fontello' title='' data-avia-related-tooltip='Share on Facebook' rel=\"noopener\"><span class='avia_hidden_link_text'>Share on Facebook<\/span><\/a><\/li><\/ul><\/div><\/div>\n","protected":false},"excerpt":{"rendered":"<p>100 % wool<\/p>\n<p>Dimension: 100 g \u00a0\/ 1500 m<\/p>\n<p>Color: Spring Green<\/p>\n","protected":false},"featured_media":9934,"template":"","meta":[],"product_brand":[],"product_cat":[173,204,177],"product_tag":[225],"class_list":{"0":"post-9932","1":"product","2":"type-product","3":"status-publish","4":"has-post-thumbnail","6":"product_cat-haapsalu-shawl","7":"product_cat-haapsalu-shawl-yarns","8":"product_cat-yarns","9":"product_tag-haapsalu-salli-long-en","11":"first","12":"outofstock","13":"shipping-taxable","14":"purchasable","15":"product-type-simple"},"yoast_head":"<!-- This site is optimized with the Yoast SEO plugin v27.3 - https:\/\/yoast.com\/product\/yoast-seo-wordpress\/ -->\n<title>Spring Green Yarn for the Haapsalu Shawl 30\/2 - Saara Kirjastus<\/title>\n<meta name=\"robots\" content=\"index, follow, max-snippet:-1, max-image-preview:large, max-video-preview:-1\" \/>\n<link rel=\"canonical\" href=\"https:\/\/epood.saara.ee\/en\/pood\/dark-green-blue-yarn-for-the-haapsalu-shawl-302-koopia\" \/>\n<meta property=\"og:locale\" content=\"en_US\" \/>\n<meta property=\"og:type\" content=\"article\" \/>\n<meta property=\"og:title\" content=\"Spring Green Yarn for the Haapsalu Shawl 30\/2 - Saara Kirjastus\" \/>\n<meta property=\"og:description\" content=\"100 % wool  Dimension: 100 g \u00a0\/ 1500 m  Color: Spring Green\" \/>\n<meta property=\"og:url\" content=\"https:\/\/epood.saara.ee\/en\/pood\/dark-green-blue-yarn-for-the-haapsalu-shawl-302-koopia\" \/>\n<meta property=\"og:site_name\" content=\"Saara Kirjastus\" \/>\n<meta property=\"article:publisher\" content=\"https:\/\/www.facebook.com\/Saara-Kirjastus\" \/>\n<meta property=\"article:modified_time\" content=\"2025-06-26T07:13:57+00:00\" \/>\n<meta property=\"og:image\" content=\"https:\/\/epood.saara.ee\/wp-content\/uploads\/2016\/04\/kevadroheline.jpg\" \/>\n\t<meta property=\"og:image:width\" content=\"600\" \/>\n\t<meta property=\"og:image:height\" content=\"600\" \/>\n\t<meta property=\"og:image:type\" content=\"image\/jpeg\" \/>\n<script type=\"application\/ld+json\" class=\"yoast-schema-graph\">{\"@context\":\"https:\\\/\\\/schema.org\",\"@graph\":[{\"@type\":\"WebPage\",\"@id\":\"https:\\\/\\\/epood.saara.ee\\\/en\\\/pood\\\/dark-green-blue-yarn-for-the-haapsalu-shawl-302-koopia\",\"url\":\"https:\\\/\\\/epood.saara.ee\\\/en\\\/pood\\\/dark-green-blue-yarn-for-the-haapsalu-shawl-302-koopia\",\"name\":\"Spring Green Yarn for the Haapsalu Shawl 30\\\/2 - Saara Kirjastus\",\"isPartOf\":{\"@id\":\"https:\\\/\\\/epood.saara.ee\\\/#website\"},\"primaryImageOfPage\":{\"@id\":\"https:\\\/\\\/epood.saara.ee\\\/en\\\/pood\\\/dark-green-blue-yarn-for-the-haapsalu-shawl-302-koopia#primaryimage\"},\"image\":{\"@id\":\"https:\\\/\\\/epood.saara.ee\\\/en\\\/pood\\\/dark-green-blue-yarn-for-the-haapsalu-shawl-302-koopia#primaryimage\"},\"thumbnailUrl\":\"https:\\\/\\\/epood.saara.ee\\\/wp-content\\\/uploads\\\/2016\\\/04\\\/kevadroheline.jpg\",\"datePublished\":\"2016-04-22T16:01:45+00:00\",\"dateModified\":\"2025-06-26T07:13:57+00:00\",\"breadcrumb\":{\"@id\":\"https:\\\/\\\/epood.saara.ee\\\/en\\\/pood\\\/dark-green-blue-yarn-for-the-haapsalu-shawl-302-koopia#breadcrumb\"},\"inLanguage\":\"en-US\",\"potentialAction\":[{\"@type\":\"ReadAction\",\"target\":[\"https:\\\/\\\/epood.saara.ee\\\/en\\\/pood\\\/dark-green-blue-yarn-for-the-haapsalu-shawl-302-koopia\"]}]},{\"@type\":\"ImageObject\",\"inLanguage\":\"en-US\",\"@id\":\"https:\\\/\\\/epood.saara.ee\\\/en\\\/pood\\\/dark-green-blue-yarn-for-the-haapsalu-shawl-302-koopia#primaryimage\",\"url\":\"https:\\\/\\\/epood.saara.ee\\\/wp-content\\\/uploads\\\/2016\\\/04\\\/kevadroheline.jpg\",\"contentUrl\":\"https:\\\/\\\/epood.saara.ee\\\/wp-content\\\/uploads\\\/2016\\\/04\\\/kevadroheline.jpg\",\"width\":600,\"height\":600,\"caption\":\"Spring Green Yarn\"},{\"@type\":\"BreadcrumbList\",\"@id\":\"https:\\\/\\\/epood.saara.ee\\\/en\\\/pood\\\/dark-green-blue-yarn-for-the-haapsalu-shawl-302-koopia#breadcrumb\",\"itemListElement\":[{\"@type\":\"ListItem\",\"position\":1,\"name\":\"Home\",\"item\":\"https:\\\/\\\/epood.saara.ee\\\/en\"},{\"@type\":\"ListItem\",\"position\":2,\"name\":\"Shop\",\"item\":\"https:\\\/\\\/epood.saara.ee\\\/en\\\/shop\"},{\"@type\":\"ListItem\",\"position\":3,\"name\":\"Spring Green Yarn for the Haapsalu Shawl 30\\\/2\"}]},{\"@type\":\"WebSite\",\"@id\":\"https:\\\/\\\/epood.saara.ee\\\/#website\",\"url\":\"https:\\\/\\\/epood.saara.ee\\\/\",\"name\":\"Saara Kirjastus\",\"description\":\"Kujundusteenused, raamatud, k&auml;sit&ouml;&ouml;\",\"publisher\":{\"@id\":\"https:\\\/\\\/epood.saara.ee\\\/#organization\"},\"potentialAction\":[{\"@type\":\"SearchAction\",\"target\":{\"@type\":\"EntryPoint\",\"urlTemplate\":\"https:\\\/\\\/epood.saara.ee\\\/?s={search_term_string}\"},\"query-input\":{\"@type\":\"PropertyValueSpecification\",\"valueRequired\":true,\"valueName\":\"search_term_string\"}}],\"inLanguage\":\"en-US\"},{\"@type\":\"Organization\",\"@id\":\"https:\\\/\\\/epood.saara.ee\\\/#organization\",\"name\":\"Saarakiri O\u00dc\",\"url\":\"https:\\\/\\\/epood.saara.ee\\\/\",\"logo\":{\"@type\":\"ImageObject\",\"inLanguage\":\"en-US\",\"@id\":\"https:\\\/\\\/epood.saara.ee\\\/#\\\/schema\\\/logo\\\/image\\\/\",\"url\":\"https:\\\/\\\/epood.saara.ee\\\/wp-content\\\/uploads\\\/2015\\\/03\\\/saara_mv_R.png\",\"contentUrl\":\"https:\\\/\\\/epood.saara.ee\\\/wp-content\\\/uploads\\\/2015\\\/03\\\/saara_mv_R.png\",\"width\":649,\"height\":226,\"caption\":\"Saarakiri O\u00dc\"},\"image\":{\"@id\":\"https:\\\/\\\/epood.saara.ee\\\/#\\\/schema\\\/logo\\\/image\\\/\"},\"sameAs\":[\"https:\\\/\\\/www.facebook.com\\\/Saara-Kirjastus\"]}]}<\/script>\n<!-- \/ Yoast SEO plugin. -->","yoast_head_json":{"title":"Spring Green Yarn for the Haapsalu Shawl 30\/2 - Saara Kirjastus","robots":{"index":"index","follow":"follow","max-snippet":"max-snippet:-1","max-image-preview":"max-image-preview:large","max-video-preview":"max-video-preview:-1"},"canonical":"https:\/\/epood.saara.ee\/en\/pood\/dark-green-blue-yarn-for-the-haapsalu-shawl-302-koopia","og_locale":"en_US","og_type":"article","og_title":"Spring Green Yarn for the Haapsalu Shawl 30\/2 - Saara Kirjastus","og_description":"100 % wool  Dimension: 100 g \u00a0\/ 1500 m  Color: Spring Green","og_url":"https:\/\/epood.saara.ee\/en\/pood\/dark-green-blue-yarn-for-the-haapsalu-shawl-302-koopia","og_site_name":"Saara Kirjastus","article_publisher":"https:\/\/www.facebook.com\/Saara-Kirjastus","article_modified_time":"2025-06-26T07:13:57+00:00","og_image":[{"width":600,"height":600,"url":"https:\/\/epood.saara.ee\/wp-content\/uploads\/2016\/04\/kevadroheline.jpg","type":"image\/jpeg"}],"schema":{"@context":"https:\/\/schema.org","@graph":[{"@type":"WebPage","@id":"https:\/\/epood.saara.ee\/en\/pood\/dark-green-blue-yarn-for-the-haapsalu-shawl-302-koopia","url":"https:\/\/epood.saara.ee\/en\/pood\/dark-green-blue-yarn-for-the-haapsalu-shawl-302-koopia","name":"Spring Green Yarn for the Haapsalu Shawl 30\/2 - Saara Kirjastus","isPartOf":{"@id":"https:\/\/epood.saara.ee\/#website"},"primaryImageOfPage":{"@id":"https:\/\/epood.saara.ee\/en\/pood\/dark-green-blue-yarn-for-the-haapsalu-shawl-302-koopia#primaryimage"},"image":{"@id":"https:\/\/epood.saara.ee\/en\/pood\/dark-green-blue-yarn-for-the-haapsalu-shawl-302-koopia#primaryimage"},"thumbnailUrl":"https:\/\/epood.saara.ee\/wp-content\/uploads\/2016\/04\/kevadroheline.jpg","datePublished":"2016-04-22T16:01:45+00:00","dateModified":"2025-06-26T07:13:57+00:00","breadcrumb":{"@id":"https:\/\/epood.saara.ee\/en\/pood\/dark-green-blue-yarn-for-the-haapsalu-shawl-302-koopia#breadcrumb"},"inLanguage":"en-US","potentialAction":[{"@type":"ReadAction","target":["https:\/\/epood.saara.ee\/en\/pood\/dark-green-blue-yarn-for-the-haapsalu-shawl-302-koopia"]}]},{"@type":"ImageObject","inLanguage":"en-US","@id":"https:\/\/epood.saara.ee\/en\/pood\/dark-green-blue-yarn-for-the-haapsalu-shawl-302-koopia#primaryimage","url":"https:\/\/epood.saara.ee\/wp-content\/uploads\/2016\/04\/kevadroheline.jpg","contentUrl":"https:\/\/epood.saara.ee\/wp-content\/uploads\/2016\/04\/kevadroheline.jpg","width":600,"height":600,"caption":"Spring Green Yarn"},{"@type":"BreadcrumbList","@id":"https:\/\/epood.saara.ee\/en\/pood\/dark-green-blue-yarn-for-the-haapsalu-shawl-302-koopia#breadcrumb","itemListElement":[{"@type":"ListItem","position":1,"name":"Home","item":"https:\/\/epood.saara.ee\/en"},{"@type":"ListItem","position":2,"name":"Shop","item":"https:\/\/epood.saara.ee\/en\/shop"},{"@type":"ListItem","position":3,"name":"Spring Green Yarn for the Haapsalu Shawl 30\/2"}]},{"@type":"WebSite","@id":"https:\/\/epood.saara.ee\/#website","url":"https:\/\/epood.saara.ee\/","name":"Saara Kirjastus","description":"Kujundusteenused, raamatud, k&auml;sit&ouml;&ouml;","publisher":{"@id":"https:\/\/epood.saara.ee\/#organization"},"potentialAction":[{"@type":"SearchAction","target":{"@type":"EntryPoint","urlTemplate":"https:\/\/epood.saara.ee\/?s={search_term_string}"},"query-input":{"@type":"PropertyValueSpecification","valueRequired":true,"valueName":"search_term_string"}}],"inLanguage":"en-US"},{"@type":"Organization","@id":"https:\/\/epood.saara.ee\/#organization","name":"Saarakiri O\u00dc","url":"https:\/\/epood.saara.ee\/","logo":{"@type":"ImageObject","inLanguage":"en-US","@id":"https:\/\/epood.saara.ee\/#\/schema\/logo\/image\/","url":"https:\/\/epood.saara.ee\/wp-content\/uploads\/2015\/03\/saara_mv_R.png","contentUrl":"https:\/\/epood.saara.ee\/wp-content\/uploads\/2015\/03\/saara_mv_R.png","width":649,"height":226,"caption":"Saarakiri O\u00dc"},"image":{"@id":"https:\/\/epood.saara.ee\/#\/schema\/logo\/image\/"},"sameAs":["https:\/\/www.facebook.com\/Saara-Kirjastus"]}]}},"_links":{"self":[{"href":"https:\/\/epood.saara.ee\/en\/wp-json\/wp\/v2\/product\/9932","targetHints":{"allow":["GET"]}}],"collection":[{"href":"https:\/\/epood.saara.ee\/en\/wp-json\/wp\/v2\/product"}],"about":[{"href":"https:\/\/epood.saara.ee\/en\/wp-json\/wp\/v2\/types\/product"}],"wp:featuredmedia":[{"embeddable":true,"href":"https:\/\/epood.saara.ee\/en\/wp-json\/wp\/v2\/media\/9934"}],"wp:attachment":[{"href":"https:\/\/epood.saara.ee\/en\/wp-json\/wp\/v2\/media?parent=9932"}],"wp:term":[{"taxonomy":"product_brand","embeddable":true,"href":"https:\/\/epood.saara.ee\/en\/wp-json\/wp\/v2\/product_brand?post=9932"},{"taxonomy":"product_cat","embeddable":true,"href":"https:\/\/epood.saara.ee\/en\/wp-json\/wp\/v2\/product_cat?post=9932"},{"taxonomy":"product_tag","embeddable":true,"href":"https:\/\/epood.saara.ee\/en\/wp-json\/wp\/v2\/product_tag?post=9932"}],"curies":[{"name":"wp","href":"https:\/\/api.w.org\/{rel}","templated":true}]}}