{"id":60973,"date":"2025-07-21T00:33:36","date_gmt":"2025-07-20T21:33:36","guid":{"rendered":"https:\/\/epood.saara.ee\/pood\/rannarootslaste-rahvaroivad"},"modified":"2025-12-18T00:44:43","modified_gmt":"2025-12-17T22:44:43","slug":"rannarootslaste-rahvaroivad","status":"publish","type":"product","link":"https:\/\/epood.saara.ee\/en\/pood\/rannarootslaste-rahvaroivad","title":{"rendered":"Rannarootslaste rahvar\u00f5ivad"},"content":{"rendered":"<p><em><strong><span class=\"HwtZe\" lang=\"en\"><span class=\"jCAhz ChMk0b\"><span class=\"ryNqvb\">The book is in Estonian only!<\/span><\/span><\/span><\/strong><\/em><\/p>\n<p><span class=\"HwtZe\" lang=\"en\"><span class=\"jCAhz ChMk0b\"><span class=\"ryNqvb\">Vormsi &#8211; Noarootsi &#8211; Pakri &#8211; Ruhnu &#8211; Hiiumaa <\/span><\/span><\/span><\/p>\n<p><span class=\"HwtZe\" lang=\"en\"><span class=\"jCAhz ChMk0b\"><span class=\"ryNqvb\">What clothes did the coastal Swedes who lived on the Estonian islands and the northwest Estonian coast wear?<\/span><\/span> <span class=\"jCAhz ChMk0b\"><span class=\"ryNqvb\">How did the Ruhnu people dress for different events?<\/span><\/span> <span class=\"jCAhz ChMk0b\"><span class=\"ryNqvb\">What kind of dresses did the Vormsi children wear or what was the black robe of the Hiiumaa Swedes?<\/span><\/span> <span class=\"jCAhz ChMk0b\"><span class=\"ryNqvb\">What did the bridal crown and jewelry look like in Pakri, Noarootsi, Vormsi, Ruhnu or Hiiumaa?<\/span><\/span> <span class=\"jCAhz ChMk0b\"><span class=\"ryNqvb\">The answers to these and thousands of other fascinating questions can be found in the book \u201cRannarootslaste rahvar\u00f5ivad\u201d.<\/span><\/span> <span class=\"jCAhz ChMk0b\"><span class=\"ryNqvb\">This richly illustrated book brings a colorful part of the exciting and multifaceted folk culture of the coastal Swedes closer to everyone interested in the history of folk costumes and the traditions of wearing them.<\/span><\/span><span class=\"jCAhz ChMk0b\"><span class=\"ryNqvb\"> The book\u2019s publisher, the Estonian Swedes\u2019 Cultural Self-Government, has involved nine authors in writing the book, all of whom are true experts in coastal Swedish culture and folk costumes.<\/span><\/span> <span class=\"jCAhz ChMk0b\"><span class=\"ryNqvb\">Over the years, the authors have researched clothing and traditions for the book in addition to our museums, also in Finnish and Swedish museums, met many coastal Swedes, studied clothing and archival materials, and tried to understand not only the clothing, but also the dignity of their wearers, their everyday lives and holidays.<\/span><\/span><span class=\"jCAhz ChMk0b\"><span class=\"ryNqvb\"> 440 pages of the beauty of folk costumes unfold before readers in the form of colorful images, old photographs, fascinating facts and stories.<\/span><\/span><\/span><\/p>\n","protected":false},"excerpt":{"rendered":"<p>Authors: Ivar R\u00fc\u00fctli, Juta Holst, Kristina Rajando, Yngve Rosenblad, Marju Tamm, Violetta Riidas, Lembe Maria Sihvre, K\u00fclli Uustal, Helgi P\u00f5llo<\/p>\n<p>440 pages, Colored, Format 30x 22,5 cm<\/p>\n","protected":false},"featured_media":60808,"template":"","meta":[],"product_brand":[],"product_cat":[168,172],"product_tag":[],"class_list":{"0":"post-60973","1":"product","2":"type-product","3":"status-publish","4":"has-post-thumbnail","6":"product_cat-books-en","7":"product_cat-kasitooraamatud-en","9":"first","10":"instock","11":"shipping-taxable","12":"purchasable","13":"product-type-simple"},"yoast_head":"<!-- This site is optimized with the Yoast SEO plugin v27.2 - https:\/\/yoast.com\/product\/yoast-seo-wordpress\/ -->\n<title>Rannarootslaste rahvar\u00f5ivad - Saara Kirjastus<\/title>\n<meta name=\"robots\" content=\"index, follow, max-snippet:-1, max-image-preview:large, max-video-preview:-1\" \/>\n<link rel=\"canonical\" href=\"https:\/\/epood.saara.ee\/en\/pood\/rannarootslaste-rahvaroivad\" \/>\n<meta property=\"og:locale\" content=\"en_US\" \/>\n<meta property=\"og:type\" content=\"article\" \/>\n<meta property=\"og:title\" content=\"Rannarootslaste rahvar\u00f5ivad - Saara Kirjastus\" \/>\n<meta property=\"og:description\" content=\"Authors: Ivar R\u00fc\u00fctli, Juta Holst, Kristina Rajando, Yngve Rosenblad, Marju Tamm, Violetta Riidas, Lembe Maria Sihvre, K\u00fclli Uustal, Helgi P\u00f5llo  440 pages, Colored, Format 30x 22,5 cm\" \/>\n<meta property=\"og:url\" content=\"https:\/\/epood.saara.ee\/en\/pood\/rannarootslaste-rahvaroivad\" \/>\n<meta property=\"og:site_name\" content=\"Saara Kirjastus\" \/>\n<meta property=\"article:publisher\" content=\"https:\/\/www.facebook.com\/Saara-Kirjastus\" \/>\n<meta property=\"article:modified_time\" content=\"2025-12-17T22:44:43+00:00\" \/>\n<meta property=\"og:image\" content=\"https:\/\/epood.saara.ee\/wp-content\/uploads\/2025\/07\/Rannarootslaste-rahvaroivad_vaike.jpg\" \/>\n\t<meta property=\"og:image:width\" content=\"600\" \/>\n\t<meta property=\"og:image:height\" content=\"600\" \/>\n\t<meta property=\"og:image:type\" content=\"image\/jpeg\" \/>\n<meta name=\"twitter:label1\" content=\"Est. reading time\" \/>\n\t<meta name=\"twitter:data1\" content=\"1 minute\" \/>\n<script type=\"application\/ld+json\" class=\"yoast-schema-graph\">{\"@context\":\"https:\/\/schema.org\",\"@graph\":[{\"@type\":\"WebPage\",\"@id\":\"https:\/\/epood.saara.ee\/en\/pood\/rannarootslaste-rahvaroivad\",\"url\":\"https:\/\/epood.saara.ee\/en\/pood\/rannarootslaste-rahvaroivad\",\"name\":\"Rannarootslaste rahvar\u00f5ivad - Saara Kirjastus\",\"isPartOf\":{\"@id\":\"https:\/\/epood.saara.ee\/#website\"},\"primaryImageOfPage\":{\"@id\":\"https:\/\/epood.saara.ee\/en\/pood\/rannarootslaste-rahvaroivad#primaryimage\"},\"image\":{\"@id\":\"https:\/\/epood.saara.ee\/en\/pood\/rannarootslaste-rahvaroivad#primaryimage\"},\"thumbnailUrl\":\"https:\/\/epood.saara.ee\/wp-content\/uploads\/2025\/07\/Rannarootslaste-rahvaroivad_vaike.jpg\",\"datePublished\":\"2025-07-20T21:33:36+00:00\",\"dateModified\":\"2025-12-17T22:44:43+00:00\",\"breadcrumb\":{\"@id\":\"https:\/\/epood.saara.ee\/en\/pood\/rannarootslaste-rahvaroivad#breadcrumb\"},\"inLanguage\":\"en-US\",\"potentialAction\":[{\"@type\":\"ReadAction\",\"target\":[\"https:\/\/epood.saara.ee\/en\/pood\/rannarootslaste-rahvaroivad\"]}]},{\"@type\":\"ImageObject\",\"inLanguage\":\"en-US\",\"@id\":\"https:\/\/epood.saara.ee\/en\/pood\/rannarootslaste-rahvaroivad#primaryimage\",\"url\":\"https:\/\/epood.saara.ee\/wp-content\/uploads\/2025\/07\/Rannarootslaste-rahvaroivad_vaike.jpg\",\"contentUrl\":\"https:\/\/epood.saara.ee\/wp-content\/uploads\/2025\/07\/Rannarootslaste-rahvaroivad_vaike.jpg\",\"width\":600,\"height\":600,\"caption\":\"Rannarootslaste rahvar\u00f5ivad\"},{\"@type\":\"BreadcrumbList\",\"@id\":\"https:\/\/epood.saara.ee\/en\/pood\/rannarootslaste-rahvaroivad#breadcrumb\",\"itemListElement\":[{\"@type\":\"ListItem\",\"position\":1,\"name\":\"Home\",\"item\":\"https:\/\/epood.saara.ee\/en\"},{\"@type\":\"ListItem\",\"position\":2,\"name\":\"Shop\",\"item\":\"https:\/\/epood.saara.ee\/en\/shop\"},{\"@type\":\"ListItem\",\"position\":3,\"name\":\"Rannarootslaste rahvar\u00f5ivad\"}]},{\"@type\":\"WebSite\",\"@id\":\"https:\/\/epood.saara.ee\/#website\",\"url\":\"https:\/\/epood.saara.ee\/\",\"name\":\"Saara Kirjastus\",\"description\":\"Kujundusteenused, raamatud, k&auml;sit&ouml;&ouml;\",\"publisher\":{\"@id\":\"https:\/\/epood.saara.ee\/#organization\"},\"potentialAction\":[{\"@type\":\"SearchAction\",\"target\":{\"@type\":\"EntryPoint\",\"urlTemplate\":\"https:\/\/epood.saara.ee\/?s={search_term_string}\"},\"query-input\":{\"@type\":\"PropertyValueSpecification\",\"valueRequired\":true,\"valueName\":\"search_term_string\"}}],\"inLanguage\":\"en-US\"},{\"@type\":\"Organization\",\"@id\":\"https:\/\/epood.saara.ee\/#organization\",\"name\":\"Saarakiri O\u00dc\",\"url\":\"https:\/\/epood.saara.ee\/\",\"logo\":{\"@type\":\"ImageObject\",\"inLanguage\":\"en-US\",\"@id\":\"https:\/\/epood.saara.ee\/#\/schema\/logo\/image\/\",\"url\":\"https:\/\/epood.saara.ee\/wp-content\/uploads\/2015\/03\/saara_mv_R.png\",\"contentUrl\":\"https:\/\/epood.saara.ee\/wp-content\/uploads\/2015\/03\/saara_mv_R.png\",\"width\":649,\"height\":226,\"caption\":\"Saarakiri O\u00dc\"},\"image\":{\"@id\":\"https:\/\/epood.saara.ee\/#\/schema\/logo\/image\/\"},\"sameAs\":[\"https:\/\/www.facebook.com\/Saara-Kirjastus\"]}]}<\/script>\n<!-- \/ Yoast SEO plugin. -->","yoast_head_json":{"title":"Rannarootslaste rahvar\u00f5ivad - Saara Kirjastus","robots":{"index":"index","follow":"follow","max-snippet":"max-snippet:-1","max-image-preview":"max-image-preview:large","max-video-preview":"max-video-preview:-1"},"canonical":"https:\/\/epood.saara.ee\/en\/pood\/rannarootslaste-rahvaroivad","og_locale":"en_US","og_type":"article","og_title":"Rannarootslaste rahvar\u00f5ivad - Saara Kirjastus","og_description":"Authors: Ivar R\u00fc\u00fctli, Juta Holst, Kristina Rajando, Yngve Rosenblad, Marju Tamm, Violetta Riidas, Lembe Maria Sihvre, K\u00fclli Uustal, Helgi P\u00f5llo  440 pages, Colored, Format 30x 22,5 cm","og_url":"https:\/\/epood.saara.ee\/en\/pood\/rannarootslaste-rahvaroivad","og_site_name":"Saara Kirjastus","article_publisher":"https:\/\/www.facebook.com\/Saara-Kirjastus","article_modified_time":"2025-12-17T22:44:43+00:00","og_image":[{"width":600,"height":600,"url":"https:\/\/epood.saara.ee\/wp-content\/uploads\/2025\/07\/Rannarootslaste-rahvaroivad_vaike.jpg","type":"image\/jpeg"}],"twitter_misc":{"Est. reading time":"1 minute"},"schema":{"@context":"https:\/\/schema.org","@graph":[{"@type":"WebPage","@id":"https:\/\/epood.saara.ee\/en\/pood\/rannarootslaste-rahvaroivad","url":"https:\/\/epood.saara.ee\/en\/pood\/rannarootslaste-rahvaroivad","name":"Rannarootslaste rahvar\u00f5ivad - Saara Kirjastus","isPartOf":{"@id":"https:\/\/epood.saara.ee\/#website"},"primaryImageOfPage":{"@id":"https:\/\/epood.saara.ee\/en\/pood\/rannarootslaste-rahvaroivad#primaryimage"},"image":{"@id":"https:\/\/epood.saara.ee\/en\/pood\/rannarootslaste-rahvaroivad#primaryimage"},"thumbnailUrl":"https:\/\/epood.saara.ee\/wp-content\/uploads\/2025\/07\/Rannarootslaste-rahvaroivad_vaike.jpg","datePublished":"2025-07-20T21:33:36+00:00","dateModified":"2025-12-17T22:44:43+00:00","breadcrumb":{"@id":"https:\/\/epood.saara.ee\/en\/pood\/rannarootslaste-rahvaroivad#breadcrumb"},"inLanguage":"en-US","potentialAction":[{"@type":"ReadAction","target":["https:\/\/epood.saara.ee\/en\/pood\/rannarootslaste-rahvaroivad"]}]},{"@type":"ImageObject","inLanguage":"en-US","@id":"https:\/\/epood.saara.ee\/en\/pood\/rannarootslaste-rahvaroivad#primaryimage","url":"https:\/\/epood.saara.ee\/wp-content\/uploads\/2025\/07\/Rannarootslaste-rahvaroivad_vaike.jpg","contentUrl":"https:\/\/epood.saara.ee\/wp-content\/uploads\/2025\/07\/Rannarootslaste-rahvaroivad_vaike.jpg","width":600,"height":600,"caption":"Rannarootslaste rahvar\u00f5ivad"},{"@type":"BreadcrumbList","@id":"https:\/\/epood.saara.ee\/en\/pood\/rannarootslaste-rahvaroivad#breadcrumb","itemListElement":[{"@type":"ListItem","position":1,"name":"Home","item":"https:\/\/epood.saara.ee\/en"},{"@type":"ListItem","position":2,"name":"Shop","item":"https:\/\/epood.saara.ee\/en\/shop"},{"@type":"ListItem","position":3,"name":"Rannarootslaste rahvar\u00f5ivad"}]},{"@type":"WebSite","@id":"https:\/\/epood.saara.ee\/#website","url":"https:\/\/epood.saara.ee\/","name":"Saara Kirjastus","description":"Kujundusteenused, raamatud, k&auml;sit&ouml;&ouml;","publisher":{"@id":"https:\/\/epood.saara.ee\/#organization"},"potentialAction":[{"@type":"SearchAction","target":{"@type":"EntryPoint","urlTemplate":"https:\/\/epood.saara.ee\/?s={search_term_string}"},"query-input":{"@type":"PropertyValueSpecification","valueRequired":true,"valueName":"search_term_string"}}],"inLanguage":"en-US"},{"@type":"Organization","@id":"https:\/\/epood.saara.ee\/#organization","name":"Saarakiri O\u00dc","url":"https:\/\/epood.saara.ee\/","logo":{"@type":"ImageObject","inLanguage":"en-US","@id":"https:\/\/epood.saara.ee\/#\/schema\/logo\/image\/","url":"https:\/\/epood.saara.ee\/wp-content\/uploads\/2015\/03\/saara_mv_R.png","contentUrl":"https:\/\/epood.saara.ee\/wp-content\/uploads\/2015\/03\/saara_mv_R.png","width":649,"height":226,"caption":"Saarakiri O\u00dc"},"image":{"@id":"https:\/\/epood.saara.ee\/#\/schema\/logo\/image\/"},"sameAs":["https:\/\/www.facebook.com\/Saara-Kirjastus"]}]}},"_links":{"self":[{"href":"https:\/\/epood.saara.ee\/en\/wp-json\/wp\/v2\/product\/60973","targetHints":{"allow":["GET"]}}],"collection":[{"href":"https:\/\/epood.saara.ee\/en\/wp-json\/wp\/v2\/product"}],"about":[{"href":"https:\/\/epood.saara.ee\/en\/wp-json\/wp\/v2\/types\/product"}],"wp:featuredmedia":[{"embeddable":true,"href":"https:\/\/epood.saara.ee\/en\/wp-json\/wp\/v2\/media\/60808"}],"wp:attachment":[{"href":"https:\/\/epood.saara.ee\/en\/wp-json\/wp\/v2\/media?parent=60973"}],"wp:term":[{"taxonomy":"product_brand","embeddable":true,"href":"https:\/\/epood.saara.ee\/en\/wp-json\/wp\/v2\/product_brand?post=60973"},{"taxonomy":"product_cat","embeddable":true,"href":"https:\/\/epood.saara.ee\/en\/wp-json\/wp\/v2\/product_cat?post=60973"},{"taxonomy":"product_tag","embeddable":true,"href":"https:\/\/epood.saara.ee\/en\/wp-json\/wp\/v2\/product_tag?post=60973"}],"curies":[{"name":"wp","href":"https:\/\/api.w.org\/{rel}","templated":true}]}}