{"id":5885,"date":"2015-04-18T17:04:39","date_gmt":"2015-04-18T14:04:39","guid":{"rendered":"http:\/\/epood.saara.ee\/pood\/vaike-kudumissonastik-2"},"modified":"2019-07-02T09:07:11","modified_gmt":"2019-07-02T06:07:11","slug":"vaike-kudumissonastik","status":"publish","type":"product","link":"https:\/\/epood.saara.ee\/en\/pood\/vaike-kudumissonastik","title":{"rendered":"V\u00e4ike kudumiss\u00f5nastik. Concise Knitting Dictionary"},"content":{"rendered":"<p>Many knitters throughout the world have discovered the rich heritage of Estonian knitting and are eager to learn more about it. This dictionary is compiled firstly and foremostly for the Estonian user, but English-speaking knitters can also use it to delve into Estonian knitting patterns or knitting books.<br \/>\nDespite its humble size, the dictionary contains all the essential knitting terms, both from English to Estonian and vice versa.<\/p>\n<div  class='av-social-sharing-box av-av_social_share-74ee1388febaf617b881d75ed0cc3ada av-social-sharing-box-minimal  avia-builder-el-0  avia-builder-el-no-sibling  av-social-sharing-box-fullwidth'><div class=\"av-share-box\"><h5 class='av-share-link-description av-no-toc '>Share<\/h5><ul class=\"av-share-box-list noLightbox\"><li class='av-share-link av-social-link-facebook' ><a target=\"_blank\" aria-label=\"Share on Facebook\" href='https:\/\/www.facebook.com\/sharer.php?u=https:\/\/epood.saara.ee\/en\/pood\/vaike-kudumissonastik&#038;t=V%C3%A4ike%20kudumiss%C3%B5nastik.%20Concise%20Knitting%20Dictionary' aria-hidden='false' data-av_icon='\ue8f3' data-av_iconfont='entypo-fontello' title='' data-avia-related-tooltip='Share on Facebook' rel=\"noopener\"><span class='avia_hidden_link_text'>Share on Facebook<\/span><\/a><\/li><\/ul><\/div><\/div>\n","protected":false},"excerpt":{"rendered":"<p>Authors: Kait Lubja, Anu Pink<br \/>\nDual language (Estonian and English)<\/p>\n","protected":false},"featured_media":18303,"template":"","meta":[],"product_brand":[],"product_cat":[168,172],"product_tag":[],"class_list":{"0":"post-5885","1":"product","2":"type-product","3":"status-publish","4":"has-post-thumbnail","6":"product_cat-books-en","7":"product_cat-kasitooraamatud-en","9":"first","10":"outofstock","11":"shipping-taxable","12":"purchasable","13":"product-type-simple"},"yoast_head":"<!-- This site is optimized with the Yoast SEO plugin v27.3 - https:\/\/yoast.com\/product\/yoast-seo-wordpress\/ -->\n<title>V\u00e4ike kudumiss\u00f5nastik. Concise Knitting Dictionary - Saara Kirjastus<\/title>\n<meta name=\"robots\" content=\"index, follow, max-snippet:-1, max-image-preview:large, max-video-preview:-1\" \/>\n<link rel=\"canonical\" href=\"https:\/\/epood.saara.ee\/en\/pood\/vaike-kudumissonastik\" \/>\n<meta property=\"og:locale\" content=\"en_US\" \/>\n<meta property=\"og:type\" content=\"article\" \/>\n<meta property=\"og:title\" content=\"V\u00e4ike kudumiss\u00f5nastik. Concise Knitting Dictionary - Saara Kirjastus\" \/>\n<meta property=\"og:description\" content=\"Authors: Kait Lubja, Anu Pink Dual language (Estonian and English)\" \/>\n<meta property=\"og:url\" content=\"https:\/\/epood.saara.ee\/en\/pood\/vaike-kudumissonastik\" \/>\n<meta property=\"og:site_name\" content=\"Saara Kirjastus\" \/>\n<meta property=\"article:publisher\" content=\"https:\/\/www.facebook.com\/Saara-Kirjastus\" \/>\n<meta property=\"article:modified_time\" content=\"2019-07-02T06:07:11+00:00\" \/>\n<meta property=\"og:image\" content=\"https:\/\/epood.saara.ee\/wp-content\/uploads\/2015\/04\/kudumiss\u00f5nastik_kaaned_full_bleed-5mm-1.png\" \/>\n\t<meta property=\"og:image:width\" content=\"600\" \/>\n\t<meta property=\"og:image:height\" content=\"602\" \/>\n\t<meta property=\"og:image:type\" content=\"image\/png\" \/>\n<script type=\"application\/ld+json\" class=\"yoast-schema-graph\">{\"@context\":\"https:\\\/\\\/schema.org\",\"@graph\":[{\"@type\":\"WebPage\",\"@id\":\"https:\\\/\\\/epood.saara.ee\\\/en\\\/pood\\\/vaike-kudumissonastik\",\"url\":\"https:\\\/\\\/epood.saara.ee\\\/en\\\/pood\\\/vaike-kudumissonastik\",\"name\":\"V\u00e4ike kudumiss\u00f5nastik. Concise Knitting Dictionary - Saara Kirjastus\",\"isPartOf\":{\"@id\":\"https:\\\/\\\/epood.saara.ee\\\/#website\"},\"primaryImageOfPage\":{\"@id\":\"https:\\\/\\\/epood.saara.ee\\\/en\\\/pood\\\/vaike-kudumissonastik#primaryimage\"},\"image\":{\"@id\":\"https:\\\/\\\/epood.saara.ee\\\/en\\\/pood\\\/vaike-kudumissonastik#primaryimage\"},\"thumbnailUrl\":\"https:\\\/\\\/epood.saara.ee\\\/wp-content\\\/uploads\\\/2015\\\/04\\\/kudumiss\u00f5nastik_kaaned_full_bleed-5mm-1.png\",\"datePublished\":\"2015-04-18T14:04:39+00:00\",\"dateModified\":\"2019-07-02T06:07:11+00:00\",\"breadcrumb\":{\"@id\":\"https:\\\/\\\/epood.saara.ee\\\/en\\\/pood\\\/vaike-kudumissonastik#breadcrumb\"},\"inLanguage\":\"en-US\",\"potentialAction\":[{\"@type\":\"ReadAction\",\"target\":[\"https:\\\/\\\/epood.saara.ee\\\/en\\\/pood\\\/vaike-kudumissonastik\"]}]},{\"@type\":\"ImageObject\",\"inLanguage\":\"en-US\",\"@id\":\"https:\\\/\\\/epood.saara.ee\\\/en\\\/pood\\\/vaike-kudumissonastik#primaryimage\",\"url\":\"https:\\\/\\\/epood.saara.ee\\\/wp-content\\\/uploads\\\/2015\\\/04\\\/kudumiss\u00f5nastik_kaaned_full_bleed-5mm-1.png\",\"contentUrl\":\"https:\\\/\\\/epood.saara.ee\\\/wp-content\\\/uploads\\\/2015\\\/04\\\/kudumiss\u00f5nastik_kaaned_full_bleed-5mm-1.png\",\"width\":600,\"height\":602,\"caption\":\"V\u00e4ike kudumiss\u00f5nastik\"},{\"@type\":\"BreadcrumbList\",\"@id\":\"https:\\\/\\\/epood.saara.ee\\\/en\\\/pood\\\/vaike-kudumissonastik#breadcrumb\",\"itemListElement\":[{\"@type\":\"ListItem\",\"position\":1,\"name\":\"Home\",\"item\":\"https:\\\/\\\/epood.saara.ee\\\/en\"},{\"@type\":\"ListItem\",\"position\":2,\"name\":\"Shop\",\"item\":\"https:\\\/\\\/epood.saara.ee\\\/en\\\/shop\"},{\"@type\":\"ListItem\",\"position\":3,\"name\":\"V\u00e4ike kudumiss\u00f5nastik. Concise Knitting Dictionary\"}]},{\"@type\":\"WebSite\",\"@id\":\"https:\\\/\\\/epood.saara.ee\\\/#website\",\"url\":\"https:\\\/\\\/epood.saara.ee\\\/\",\"name\":\"Saara Kirjastus\",\"description\":\"Kujundusteenused, raamatud, k&auml;sit&ouml;&ouml;\",\"publisher\":{\"@id\":\"https:\\\/\\\/epood.saara.ee\\\/#organization\"},\"potentialAction\":[{\"@type\":\"SearchAction\",\"target\":{\"@type\":\"EntryPoint\",\"urlTemplate\":\"https:\\\/\\\/epood.saara.ee\\\/?s={search_term_string}\"},\"query-input\":{\"@type\":\"PropertyValueSpecification\",\"valueRequired\":true,\"valueName\":\"search_term_string\"}}],\"inLanguage\":\"en-US\"},{\"@type\":\"Organization\",\"@id\":\"https:\\\/\\\/epood.saara.ee\\\/#organization\",\"name\":\"Saarakiri O\u00dc\",\"url\":\"https:\\\/\\\/epood.saara.ee\\\/\",\"logo\":{\"@type\":\"ImageObject\",\"inLanguage\":\"en-US\",\"@id\":\"https:\\\/\\\/epood.saara.ee\\\/#\\\/schema\\\/logo\\\/image\\\/\",\"url\":\"https:\\\/\\\/epood.saara.ee\\\/wp-content\\\/uploads\\\/2015\\\/03\\\/saara_mv_R.png\",\"contentUrl\":\"https:\\\/\\\/epood.saara.ee\\\/wp-content\\\/uploads\\\/2015\\\/03\\\/saara_mv_R.png\",\"width\":649,\"height\":226,\"caption\":\"Saarakiri O\u00dc\"},\"image\":{\"@id\":\"https:\\\/\\\/epood.saara.ee\\\/#\\\/schema\\\/logo\\\/image\\\/\"},\"sameAs\":[\"https:\\\/\\\/www.facebook.com\\\/Saara-Kirjastus\"]}]}<\/script>\n<!-- \/ Yoast SEO plugin. -->","yoast_head_json":{"title":"V\u00e4ike kudumiss\u00f5nastik. Concise Knitting Dictionary - Saara Kirjastus","robots":{"index":"index","follow":"follow","max-snippet":"max-snippet:-1","max-image-preview":"max-image-preview:large","max-video-preview":"max-video-preview:-1"},"canonical":"https:\/\/epood.saara.ee\/en\/pood\/vaike-kudumissonastik","og_locale":"en_US","og_type":"article","og_title":"V\u00e4ike kudumiss\u00f5nastik. Concise Knitting Dictionary - Saara Kirjastus","og_description":"Authors: Kait Lubja, Anu Pink Dual language (Estonian and English)","og_url":"https:\/\/epood.saara.ee\/en\/pood\/vaike-kudumissonastik","og_site_name":"Saara Kirjastus","article_publisher":"https:\/\/www.facebook.com\/Saara-Kirjastus","article_modified_time":"2019-07-02T06:07:11+00:00","og_image":[{"width":600,"height":602,"url":"https:\/\/epood.saara.ee\/wp-content\/uploads\/2015\/04\/kudumiss\u00f5nastik_kaaned_full_bleed-5mm-1.png","type":"image\/png"}],"schema":{"@context":"https:\/\/schema.org","@graph":[{"@type":"WebPage","@id":"https:\/\/epood.saara.ee\/en\/pood\/vaike-kudumissonastik","url":"https:\/\/epood.saara.ee\/en\/pood\/vaike-kudumissonastik","name":"V\u00e4ike kudumiss\u00f5nastik. Concise Knitting Dictionary - Saara Kirjastus","isPartOf":{"@id":"https:\/\/epood.saara.ee\/#website"},"primaryImageOfPage":{"@id":"https:\/\/epood.saara.ee\/en\/pood\/vaike-kudumissonastik#primaryimage"},"image":{"@id":"https:\/\/epood.saara.ee\/en\/pood\/vaike-kudumissonastik#primaryimage"},"thumbnailUrl":"https:\/\/epood.saara.ee\/wp-content\/uploads\/2015\/04\/kudumiss\u00f5nastik_kaaned_full_bleed-5mm-1.png","datePublished":"2015-04-18T14:04:39+00:00","dateModified":"2019-07-02T06:07:11+00:00","breadcrumb":{"@id":"https:\/\/epood.saara.ee\/en\/pood\/vaike-kudumissonastik#breadcrumb"},"inLanguage":"en-US","potentialAction":[{"@type":"ReadAction","target":["https:\/\/epood.saara.ee\/en\/pood\/vaike-kudumissonastik"]}]},{"@type":"ImageObject","inLanguage":"en-US","@id":"https:\/\/epood.saara.ee\/en\/pood\/vaike-kudumissonastik#primaryimage","url":"https:\/\/epood.saara.ee\/wp-content\/uploads\/2015\/04\/kudumiss\u00f5nastik_kaaned_full_bleed-5mm-1.png","contentUrl":"https:\/\/epood.saara.ee\/wp-content\/uploads\/2015\/04\/kudumiss\u00f5nastik_kaaned_full_bleed-5mm-1.png","width":600,"height":602,"caption":"V\u00e4ike kudumiss\u00f5nastik"},{"@type":"BreadcrumbList","@id":"https:\/\/epood.saara.ee\/en\/pood\/vaike-kudumissonastik#breadcrumb","itemListElement":[{"@type":"ListItem","position":1,"name":"Home","item":"https:\/\/epood.saara.ee\/en"},{"@type":"ListItem","position":2,"name":"Shop","item":"https:\/\/epood.saara.ee\/en\/shop"},{"@type":"ListItem","position":3,"name":"V\u00e4ike kudumiss\u00f5nastik. Concise Knitting Dictionary"}]},{"@type":"WebSite","@id":"https:\/\/epood.saara.ee\/#website","url":"https:\/\/epood.saara.ee\/","name":"Saara Kirjastus","description":"Kujundusteenused, raamatud, k&auml;sit&ouml;&ouml;","publisher":{"@id":"https:\/\/epood.saara.ee\/#organization"},"potentialAction":[{"@type":"SearchAction","target":{"@type":"EntryPoint","urlTemplate":"https:\/\/epood.saara.ee\/?s={search_term_string}"},"query-input":{"@type":"PropertyValueSpecification","valueRequired":true,"valueName":"search_term_string"}}],"inLanguage":"en-US"},{"@type":"Organization","@id":"https:\/\/epood.saara.ee\/#organization","name":"Saarakiri O\u00dc","url":"https:\/\/epood.saara.ee\/","logo":{"@type":"ImageObject","inLanguage":"en-US","@id":"https:\/\/epood.saara.ee\/#\/schema\/logo\/image\/","url":"https:\/\/epood.saara.ee\/wp-content\/uploads\/2015\/03\/saara_mv_R.png","contentUrl":"https:\/\/epood.saara.ee\/wp-content\/uploads\/2015\/03\/saara_mv_R.png","width":649,"height":226,"caption":"Saarakiri O\u00dc"},"image":{"@id":"https:\/\/epood.saara.ee\/#\/schema\/logo\/image\/"},"sameAs":["https:\/\/www.facebook.com\/Saara-Kirjastus"]}]}},"_links":{"self":[{"href":"https:\/\/epood.saara.ee\/en\/wp-json\/wp\/v2\/product\/5885","targetHints":{"allow":["GET"]}}],"collection":[{"href":"https:\/\/epood.saara.ee\/en\/wp-json\/wp\/v2\/product"}],"about":[{"href":"https:\/\/epood.saara.ee\/en\/wp-json\/wp\/v2\/types\/product"}],"wp:featuredmedia":[{"embeddable":true,"href":"https:\/\/epood.saara.ee\/en\/wp-json\/wp\/v2\/media\/18303"}],"wp:attachment":[{"href":"https:\/\/epood.saara.ee\/en\/wp-json\/wp\/v2\/media?parent=5885"}],"wp:term":[{"taxonomy":"product_brand","embeddable":true,"href":"https:\/\/epood.saara.ee\/en\/wp-json\/wp\/v2\/product_brand?post=5885"},{"taxonomy":"product_cat","embeddable":true,"href":"https:\/\/epood.saara.ee\/en\/wp-json\/wp\/v2\/product_cat?post=5885"},{"taxonomy":"product_tag","embeddable":true,"href":"https:\/\/epood.saara.ee\/en\/wp-json\/wp\/v2\/product_tag?post=5885"}],"curies":[{"name":"wp","href":"https:\/\/api.w.org\/{rel}","templated":true}]}}