{"id":57476,"date":"2024-10-11T14:48:28","date_gmt":"2024-10-11T11:48:28","guid":{"rendered":"https:\/\/epood.saara.ee\/?post_type=product&#038;p=57476"},"modified":"2025-09-28T18:43:41","modified_gmt":"2025-09-28T15:43:41","slug":"studying-estonian-heritage-craft-technologies-kopeeri","status":"publish","type":"product","link":"https:\/\/epood.saara.ee\/en\/pood\/studying-estonian-heritage-craft-technologies-kopeeri","title":{"rendered":"Making Cultural Heritage"},"content":{"rendered":"<p>Craft studies is an emerging field of research that is gaining recognition worldwide. Studia Vernacula is a publication that aims to lead the way in craft studies in Estonia. Craft studies combine practical skills with theoretical knowledge of heritage craft technologies. Such a practice-based approach helps researchers achieve a better understanding of the technical aspects of the objects they study.<\/p>\n<p>The current publication is a special issue in English that brings together a wide range of craft research articles. These span from classical artefact and technology studies, to making-based heritage protection and the materiality of cultural processes. We hope this journey through different aspects of \u201eMaking cultural heritage\u201c inspires our international craft research community.<\/p>\n<p><strong>Contents:<\/strong><\/p>\n<ul>\n<li>The scope of Studia Vernacula<\/li>\n<li>Making cultural heritage. Editorial foreword\/ Sirpa Kokko<\/li>\n<\/ul>\n<p><strong>RESEARCH ARTICLES<\/strong><\/p>\n<ul>\n<li>ENG: Putting the making in place-making: the role of traditional craft skills and community -led conservation in the re-framing of historic environment services.\/ Alexander Langlands<\/li>\n<li>EST: K\u00e4ed k\u00fclge kohaloomes: p\u00e4randoskuste ja kogukonnap\u00f5hise muinsuskaitse kasutamine ajalooliste keskkondade alalhoiul.<\/li>\n<\/ul>\n<ul>\n<li>ENG: Reviving an old shade of red: dyeing with rotted alder buckthorn bark.\/ Liis Luhamaa, Riina Rammo, Deb Bamford<\/li>\n<li>EST: Taastades \u00fcht vana punase v\u00e4rvi tooni: v\u00e4rvimine m\u00e4dandatud paakspuukoortega.<\/li>\n<\/ul>\n<ul>\n<li>ENG: Traces of callimanco in estonia: purchased worsted striped fabrics from the late 18th to early 19th centuries.\/ Tiina Kull<\/li>\n<li>EST: Eestis s\u00e4ilinud callimanco-kangaste otsinguil: kamml\u00f5ngast triibulised ostukangad 18. saj l\u00f5pust kuni 19. saj alguseni.<\/li>\n<\/ul>\n<ul>\n<li>ENG: Artistic development opportunities based on the reconstruction of reverse printing. \/ Jaana P\u00e4eva<\/li>\n<li>EST: Loovarenduse v\u00f5imalustest rekonstruktsioonist l\u00e4htuva tagurpiditr\u00fcki n\u00e4itel.<\/li>\n<\/ul>\n<ul>\n<li>ENG: The Expressive capacities of decay in Cabo Verde&#8217;s Carnaval Soncent. A case sudy of the &#8216;Hired to Farm&#8217; allegorical car.\/ Lodewyk Barkhuizen<\/li>\n<li>EST: Lagunemise v\u00e4ljendusrikkus Cabo Verde karnevalil. Allegoorilise &#8220;Farmit\u00f6\u00f6liste&#8221; s\u00f5iduki n\u00e4itel.<\/li>\n<\/ul>\n<ul>\n<li>ENG: Craft teacher&#8217;s graduation theses in Latvia.\/ M\u0101ra Urdzi\u0146a-Deruma, Lolita \u0160elvaha<\/li>\n<li>EST: L\u00e4ti k\u00e4sit\u00f6\u00f6\u00f5petajate l\u00f5put\u00f6\u00f6d<\/li>\n<\/ul>\n<ul>\n<li>ENG: Circular economies and the regeneration of land, craft, and biodiversity. Cultural ecologies of connection.\/ Patrick Dillon<\/li>\n<li>EST: Ringmajandus ja taastav l\u00e4henemine maale, k\u00e4sit\u00f6\u00f6le ning liigilisele mitmekesisusele.Sidususe kultuuri\u00f6koloogia.<\/li>\n<\/ul>\n","protected":false},"excerpt":{"rendered":"<p>Estonian Native Crafts Department<\/p>\n<p>Studia Vernacula 16 \/ 2024<\/p>\n<p>Size: 24,3 cm x 17 cm<\/p>\n<p>179 pages<\/p>\n<p>Colored, soft cover<\/p>\n","protected":false},"featured_media":57480,"template":"","meta":[],"product_brand":[],"product_cat":[168,172],"product_tag":[],"class_list":{"0":"post-57476","1":"product","2":"type-product","3":"status-publish","4":"has-post-thumbnail","6":"product_cat-books-en","7":"product_cat-kasitooraamatud-en","9":"first","10":"instock","11":"featured","12":"shipping-taxable","13":"purchasable","14":"product-type-simple"},"yoast_head":"<!-- This site is optimized with the Yoast SEO plugin v27.2 - https:\/\/yoast.com\/product\/yoast-seo-wordpress\/ -->\n<title>Making Cultural Heritage - Saara Kirjastus<\/title>\n<meta name=\"robots\" content=\"index, follow, max-snippet:-1, max-image-preview:large, max-video-preview:-1\" \/>\n<link rel=\"canonical\" href=\"https:\/\/epood.saara.ee\/en\/pood\/studying-estonian-heritage-craft-technologies-kopeeri\" \/>\n<meta property=\"og:locale\" content=\"en_US\" \/>\n<meta property=\"og:type\" content=\"article\" \/>\n<meta property=\"og:title\" content=\"Making Cultural Heritage - Saara Kirjastus\" \/>\n<meta property=\"og:description\" content=\"Estonian Native Crafts Department  Studia Vernacula 16 \/ 2024  Size: 24,3 cm x 17 cm  179 pages  Colored, soft cover\" \/>\n<meta property=\"og:url\" content=\"https:\/\/epood.saara.ee\/en\/pood\/studying-estonian-heritage-craft-technologies-kopeeri\" \/>\n<meta property=\"og:site_name\" content=\"Saara Kirjastus\" \/>\n<meta property=\"article:publisher\" content=\"https:\/\/www.facebook.com\/Saara-Kirjastus\" \/>\n<meta property=\"article:modified_time\" content=\"2025-09-28T15:43:41+00:00\" \/>\n<meta property=\"og:image\" content=\"https:\/\/epood.saara.ee\/wp-content\/uploads\/2024\/10\/Esikaas_72dpi.jpg\" \/>\n\t<meta property=\"og:image:width\" content=\"600\" \/>\n\t<meta property=\"og:image:height\" content=\"600\" \/>\n\t<meta property=\"og:image:type\" content=\"image\/jpeg\" \/>\n<meta name=\"twitter:label1\" content=\"Est. reading time\" \/>\n\t<meta name=\"twitter:data1\" content=\"2 minutes\" \/>\n<script type=\"application\/ld+json\" class=\"yoast-schema-graph\">{\"@context\":\"https:\/\/schema.org\",\"@graph\":[{\"@type\":\"WebPage\",\"@id\":\"https:\/\/epood.saara.ee\/en\/pood\/studying-estonian-heritage-craft-technologies-kopeeri\",\"url\":\"https:\/\/epood.saara.ee\/en\/pood\/studying-estonian-heritage-craft-technologies-kopeeri\",\"name\":\"Making Cultural Heritage - Saara Kirjastus\",\"isPartOf\":{\"@id\":\"https:\/\/epood.saara.ee\/#website\"},\"primaryImageOfPage\":{\"@id\":\"https:\/\/epood.saara.ee\/en\/pood\/studying-estonian-heritage-craft-technologies-kopeeri#primaryimage\"},\"image\":{\"@id\":\"https:\/\/epood.saara.ee\/en\/pood\/studying-estonian-heritage-craft-technologies-kopeeri#primaryimage\"},\"thumbnailUrl\":\"https:\/\/epood.saara.ee\/wp-content\/uploads\/2024\/10\/Esikaas_72dpi.jpg\",\"datePublished\":\"2024-10-11T11:48:28+00:00\",\"dateModified\":\"2025-09-28T15:43:41+00:00\",\"breadcrumb\":{\"@id\":\"https:\/\/epood.saara.ee\/en\/pood\/studying-estonian-heritage-craft-technologies-kopeeri#breadcrumb\"},\"inLanguage\":\"en-US\",\"potentialAction\":[{\"@type\":\"ReadAction\",\"target\":[\"https:\/\/epood.saara.ee\/en\/pood\/studying-estonian-heritage-craft-technologies-kopeeri\"]}]},{\"@type\":\"ImageObject\",\"inLanguage\":\"en-US\",\"@id\":\"https:\/\/epood.saara.ee\/en\/pood\/studying-estonian-heritage-craft-technologies-kopeeri#primaryimage\",\"url\":\"https:\/\/epood.saara.ee\/wp-content\/uploads\/2024\/10\/Esikaas_72dpi.jpg\",\"contentUrl\":\"https:\/\/epood.saara.ee\/wp-content\/uploads\/2024\/10\/Esikaas_72dpi.jpg\",\"width\":600,\"height\":600},{\"@type\":\"BreadcrumbList\",\"@id\":\"https:\/\/epood.saara.ee\/en\/pood\/studying-estonian-heritage-craft-technologies-kopeeri#breadcrumb\",\"itemListElement\":[{\"@type\":\"ListItem\",\"position\":1,\"name\":\"Home\",\"item\":\"https:\/\/epood.saara.ee\/en\"},{\"@type\":\"ListItem\",\"position\":2,\"name\":\"Shop\",\"item\":\"https:\/\/epood.saara.ee\/en\/shop\"},{\"@type\":\"ListItem\",\"position\":3,\"name\":\"Making Cultural Heritage\"}]},{\"@type\":\"WebSite\",\"@id\":\"https:\/\/epood.saara.ee\/#website\",\"url\":\"https:\/\/epood.saara.ee\/\",\"name\":\"Saara Kirjastus\",\"description\":\"Kujundusteenused, raamatud, k&auml;sit&ouml;&ouml;\",\"publisher\":{\"@id\":\"https:\/\/epood.saara.ee\/#organization\"},\"potentialAction\":[{\"@type\":\"SearchAction\",\"target\":{\"@type\":\"EntryPoint\",\"urlTemplate\":\"https:\/\/epood.saara.ee\/?s={search_term_string}\"},\"query-input\":{\"@type\":\"PropertyValueSpecification\",\"valueRequired\":true,\"valueName\":\"search_term_string\"}}],\"inLanguage\":\"en-US\"},{\"@type\":\"Organization\",\"@id\":\"https:\/\/epood.saara.ee\/#organization\",\"name\":\"Saarakiri O\u00dc\",\"url\":\"https:\/\/epood.saara.ee\/\",\"logo\":{\"@type\":\"ImageObject\",\"inLanguage\":\"en-US\",\"@id\":\"https:\/\/epood.saara.ee\/#\/schema\/logo\/image\/\",\"url\":\"https:\/\/epood.saara.ee\/wp-content\/uploads\/2015\/03\/saara_mv_R.png\",\"contentUrl\":\"https:\/\/epood.saara.ee\/wp-content\/uploads\/2015\/03\/saara_mv_R.png\",\"width\":649,\"height\":226,\"caption\":\"Saarakiri O\u00dc\"},\"image\":{\"@id\":\"https:\/\/epood.saara.ee\/#\/schema\/logo\/image\/\"},\"sameAs\":[\"https:\/\/www.facebook.com\/Saara-Kirjastus\"]}]}<\/script>\n<!-- \/ Yoast SEO plugin. -->","yoast_head_json":{"title":"Making Cultural Heritage - Saara Kirjastus","robots":{"index":"index","follow":"follow","max-snippet":"max-snippet:-1","max-image-preview":"max-image-preview:large","max-video-preview":"max-video-preview:-1"},"canonical":"https:\/\/epood.saara.ee\/en\/pood\/studying-estonian-heritage-craft-technologies-kopeeri","og_locale":"en_US","og_type":"article","og_title":"Making Cultural Heritage - Saara Kirjastus","og_description":"Estonian Native Crafts Department  Studia Vernacula 16 \/ 2024  Size: 24,3 cm x 17 cm  179 pages  Colored, soft cover","og_url":"https:\/\/epood.saara.ee\/en\/pood\/studying-estonian-heritage-craft-technologies-kopeeri","og_site_name":"Saara Kirjastus","article_publisher":"https:\/\/www.facebook.com\/Saara-Kirjastus","article_modified_time":"2025-09-28T15:43:41+00:00","og_image":[{"width":600,"height":600,"url":"https:\/\/epood.saara.ee\/wp-content\/uploads\/2024\/10\/Esikaas_72dpi.jpg","type":"image\/jpeg"}],"twitter_misc":{"Est. reading time":"2 minutes"},"schema":{"@context":"https:\/\/schema.org","@graph":[{"@type":"WebPage","@id":"https:\/\/epood.saara.ee\/en\/pood\/studying-estonian-heritage-craft-technologies-kopeeri","url":"https:\/\/epood.saara.ee\/en\/pood\/studying-estonian-heritage-craft-technologies-kopeeri","name":"Making Cultural Heritage - Saara Kirjastus","isPartOf":{"@id":"https:\/\/epood.saara.ee\/#website"},"primaryImageOfPage":{"@id":"https:\/\/epood.saara.ee\/en\/pood\/studying-estonian-heritage-craft-technologies-kopeeri#primaryimage"},"image":{"@id":"https:\/\/epood.saara.ee\/en\/pood\/studying-estonian-heritage-craft-technologies-kopeeri#primaryimage"},"thumbnailUrl":"https:\/\/epood.saara.ee\/wp-content\/uploads\/2024\/10\/Esikaas_72dpi.jpg","datePublished":"2024-10-11T11:48:28+00:00","dateModified":"2025-09-28T15:43:41+00:00","breadcrumb":{"@id":"https:\/\/epood.saara.ee\/en\/pood\/studying-estonian-heritage-craft-technologies-kopeeri#breadcrumb"},"inLanguage":"en-US","potentialAction":[{"@type":"ReadAction","target":["https:\/\/epood.saara.ee\/en\/pood\/studying-estonian-heritage-craft-technologies-kopeeri"]}]},{"@type":"ImageObject","inLanguage":"en-US","@id":"https:\/\/epood.saara.ee\/en\/pood\/studying-estonian-heritage-craft-technologies-kopeeri#primaryimage","url":"https:\/\/epood.saara.ee\/wp-content\/uploads\/2024\/10\/Esikaas_72dpi.jpg","contentUrl":"https:\/\/epood.saara.ee\/wp-content\/uploads\/2024\/10\/Esikaas_72dpi.jpg","width":600,"height":600},{"@type":"BreadcrumbList","@id":"https:\/\/epood.saara.ee\/en\/pood\/studying-estonian-heritage-craft-technologies-kopeeri#breadcrumb","itemListElement":[{"@type":"ListItem","position":1,"name":"Home","item":"https:\/\/epood.saara.ee\/en"},{"@type":"ListItem","position":2,"name":"Shop","item":"https:\/\/epood.saara.ee\/en\/shop"},{"@type":"ListItem","position":3,"name":"Making Cultural Heritage"}]},{"@type":"WebSite","@id":"https:\/\/epood.saara.ee\/#website","url":"https:\/\/epood.saara.ee\/","name":"Saara Kirjastus","description":"Kujundusteenused, raamatud, k&auml;sit&ouml;&ouml;","publisher":{"@id":"https:\/\/epood.saara.ee\/#organization"},"potentialAction":[{"@type":"SearchAction","target":{"@type":"EntryPoint","urlTemplate":"https:\/\/epood.saara.ee\/?s={search_term_string}"},"query-input":{"@type":"PropertyValueSpecification","valueRequired":true,"valueName":"search_term_string"}}],"inLanguage":"en-US"},{"@type":"Organization","@id":"https:\/\/epood.saara.ee\/#organization","name":"Saarakiri O\u00dc","url":"https:\/\/epood.saara.ee\/","logo":{"@type":"ImageObject","inLanguage":"en-US","@id":"https:\/\/epood.saara.ee\/#\/schema\/logo\/image\/","url":"https:\/\/epood.saara.ee\/wp-content\/uploads\/2015\/03\/saara_mv_R.png","contentUrl":"https:\/\/epood.saara.ee\/wp-content\/uploads\/2015\/03\/saara_mv_R.png","width":649,"height":226,"caption":"Saarakiri O\u00dc"},"image":{"@id":"https:\/\/epood.saara.ee\/#\/schema\/logo\/image\/"},"sameAs":["https:\/\/www.facebook.com\/Saara-Kirjastus"]}]}},"_links":{"self":[{"href":"https:\/\/epood.saara.ee\/en\/wp-json\/wp\/v2\/product\/57476","targetHints":{"allow":["GET"]}}],"collection":[{"href":"https:\/\/epood.saara.ee\/en\/wp-json\/wp\/v2\/product"}],"about":[{"href":"https:\/\/epood.saara.ee\/en\/wp-json\/wp\/v2\/types\/product"}],"wp:featuredmedia":[{"embeddable":true,"href":"https:\/\/epood.saara.ee\/en\/wp-json\/wp\/v2\/media\/57480"}],"wp:attachment":[{"href":"https:\/\/epood.saara.ee\/en\/wp-json\/wp\/v2\/media?parent=57476"}],"wp:term":[{"taxonomy":"product_brand","embeddable":true,"href":"https:\/\/epood.saara.ee\/en\/wp-json\/wp\/v2\/product_brand?post=57476"},{"taxonomy":"product_cat","embeddable":true,"href":"https:\/\/epood.saara.ee\/en\/wp-json\/wp\/v2\/product_cat?post=57476"},{"taxonomy":"product_tag","embeddable":true,"href":"https:\/\/epood.saara.ee\/en\/wp-json\/wp\/v2\/product_tag?post=57476"}],"curies":[{"name":"wp","href":"https:\/\/api.w.org\/{rel}","templated":true}]}}