{"id":56798,"date":"2019-11-26T10:13:09","date_gmt":"2019-11-26T08:13:09","guid":{"rendered":"https:\/\/epood.saara.ee\/pood\/kihnu-kordid-eile-ja-tana-semiootiline-esemeuurimus"},"modified":"2025-11-11T22:05:39","modified_gmt":"2025-11-11T20:05:39","slug":"kihnu-kordid-eile-ja-tana-semiootiline-esemeuurimus","status":"publish","type":"product","link":"https:\/\/epood.saara.ee\/en\/pood\/kihnu-kordid-eile-ja-tana-semiootiline-esemeuurimus","title":{"rendered":"Kihnu k\u00f6rdid eile ja t\u00e4na. Semiootiline esemeuurimus"},"content":{"rendered":"<p>In Estonian only!<\/p>\n<p>The book, published in the Studia Vernacula series in 2012, brings readers the topic of the meaning of clothing. The research combines two branches of science &#8211; ethnology and semiotics &#8211; under the common term ethnosemiotics.<\/p>\n<p>Kihnu Island is a special place compared to the rest of Estonia. Even today, the women of the older generation there wear folk clothes on a daily basis, the most important part of which is a woolen striped skirt &#8220;k\u00f6rt&#8221;. The book provides an overview of the history of the k\u00f6rt as well as the current situation and analyzes the historically established meaning system of the k\u00f6rt.<\/p>\n","protected":false},"excerpt":{"rendered":"<p><em>In Estonian Only!<\/em><\/p>\n<p>Author: Kristi J\u00f5este<\/p>\n<p>Size: 24,3 x 17 cm<\/p>\n","protected":false},"featured_media":28757,"template":"","meta":[],"product_brand":[],"product_cat":[168,172],"product_tag":[],"class_list":{"0":"post-56798","1":"product","2":"type-product","3":"status-publish","4":"has-post-thumbnail","6":"product_cat-books-en","7":"product_cat-kasitooraamatud-en","9":"first","10":"instock","11":"featured","12":"shipping-taxable","13":"purchasable","14":"product-type-simple"},"yoast_head":"<!-- This site is optimized with the Yoast SEO plugin v27.3 - https:\/\/yoast.com\/product\/yoast-seo-wordpress\/ -->\n<title>Kihnu k\u00f6rdid eile ja t\u00e4na. Semiootiline esemeuurimus - Saara Kirjastus<\/title>\n<meta name=\"robots\" content=\"index, follow, max-snippet:-1, max-image-preview:large, max-video-preview:-1\" \/>\n<link rel=\"canonical\" href=\"https:\/\/epood.saara.ee\/pood\/kihnu-kordid-eile-ja-tana-semiootiline-esemeuurimus\" \/>\n<meta property=\"og:locale\" content=\"en_US\" \/>\n<meta property=\"og:type\" content=\"article\" \/>\n<meta property=\"og:title\" content=\"Kihnu k\u00f6rdid eile ja t\u00e4na. Semiootiline esemeuurimus - Saara Kirjastus\" \/>\n<meta property=\"og:description\" content=\"In Estonian Only!  Author: Kristi J\u00f5este  Size: 24,3 x 17 cm\" \/>\n<meta property=\"og:url\" content=\"https:\/\/epood.saara.ee\/pood\/kihnu-kordid-eile-ja-tana-semiootiline-esemeuurimus\" \/>\n<meta property=\"og:site_name\" content=\"Saara Kirjastus\" \/>\n<meta property=\"article:publisher\" content=\"https:\/\/www.facebook.com\/Saara-Kirjastus\" \/>\n<meta property=\"article:modified_time\" content=\"2025-11-11T20:05:39+00:00\" \/>\n<meta property=\"og:image\" content=\"https:\/\/epood.saara.ee\/wp-content\/uploads\/2019\/11\/kihnu-ko\u0308rdid.jpg\" \/>\n\t<meta property=\"og:image:width\" content=\"600\" \/>\n\t<meta property=\"og:image:height\" content=\"600\" \/>\n\t<meta property=\"og:image:type\" content=\"image\/jpeg\" \/>\n<meta name=\"twitter:label1\" content=\"Est. reading time\" \/>\n\t<meta name=\"twitter:data1\" content=\"1 minute\" \/>\n<script type=\"application\/ld+json\" class=\"yoast-schema-graph\">{\"@context\":\"https:\\\/\\\/schema.org\",\"@graph\":[{\"@type\":\"WebPage\",\"@id\":\"https:\\\/\\\/epood.saara.ee\\\/pood\\\/kihnu-kordid-eile-ja-tana-semiootiline-esemeuurimus\",\"url\":\"https:\\\/\\\/epood.saara.ee\\\/pood\\\/kihnu-kordid-eile-ja-tana-semiootiline-esemeuurimus\",\"name\":\"Kihnu k\u00f6rdid eile ja t\u00e4na. Semiootiline esemeuurimus - Saara Kirjastus\",\"isPartOf\":{\"@id\":\"https:\\\/\\\/epood.saara.ee\\\/#website\"},\"primaryImageOfPage\":{\"@id\":\"https:\\\/\\\/epood.saara.ee\\\/pood\\\/kihnu-kordid-eile-ja-tana-semiootiline-esemeuurimus#primaryimage\"},\"image\":{\"@id\":\"https:\\\/\\\/epood.saara.ee\\\/pood\\\/kihnu-kordid-eile-ja-tana-semiootiline-esemeuurimus#primaryimage\"},\"thumbnailUrl\":\"https:\\\/\\\/epood.saara.ee\\\/wp-content\\\/uploads\\\/2019\\\/11\\\/kihnu-ko\u0308rdid.jpg\",\"datePublished\":\"2019-11-26T08:13:09+00:00\",\"dateModified\":\"2025-11-11T20:05:39+00:00\",\"breadcrumb\":{\"@id\":\"https:\\\/\\\/epood.saara.ee\\\/pood\\\/kihnu-kordid-eile-ja-tana-semiootiline-esemeuurimus#breadcrumb\"},\"inLanguage\":\"en-US\",\"potentialAction\":[{\"@type\":\"ReadAction\",\"target\":[\"https:\\\/\\\/epood.saara.ee\\\/pood\\\/kihnu-kordid-eile-ja-tana-semiootiline-esemeuurimus\"]}]},{\"@type\":\"ImageObject\",\"inLanguage\":\"en-US\",\"@id\":\"https:\\\/\\\/epood.saara.ee\\\/pood\\\/kihnu-kordid-eile-ja-tana-semiootiline-esemeuurimus#primaryimage\",\"url\":\"https:\\\/\\\/epood.saara.ee\\\/wp-content\\\/uploads\\\/2019\\\/11\\\/kihnu-ko\u0308rdid.jpg\",\"contentUrl\":\"https:\\\/\\\/epood.saara.ee\\\/wp-content\\\/uploads\\\/2019\\\/11\\\/kihnu-ko\u0308rdid.jpg\",\"width\":600,\"height\":600},{\"@type\":\"BreadcrumbList\",\"@id\":\"https:\\\/\\\/epood.saara.ee\\\/pood\\\/kihnu-kordid-eile-ja-tana-semiootiline-esemeuurimus#breadcrumb\",\"itemListElement\":[{\"@type\":\"ListItem\",\"position\":1,\"name\":\"Home\",\"item\":\"https:\\\/\\\/epood.saara.ee\\\/en\"},{\"@type\":\"ListItem\",\"position\":2,\"name\":\"Shop\",\"item\":\"https:\\\/\\\/epood.saara.ee\\\/en\\\/shop\"},{\"@type\":\"ListItem\",\"position\":3,\"name\":\"Kihnu k\u00f6rdid eile ja t\u00e4na. Semiootiline esemeuurimus\"}]},{\"@type\":\"WebSite\",\"@id\":\"https:\\\/\\\/epood.saara.ee\\\/#website\",\"url\":\"https:\\\/\\\/epood.saara.ee\\\/\",\"name\":\"Saara Kirjastus\",\"description\":\"Kujundusteenused, raamatud, k&auml;sit&ouml;&ouml;\",\"publisher\":{\"@id\":\"https:\\\/\\\/epood.saara.ee\\\/#organization\"},\"potentialAction\":[{\"@type\":\"SearchAction\",\"target\":{\"@type\":\"EntryPoint\",\"urlTemplate\":\"https:\\\/\\\/epood.saara.ee\\\/?s={search_term_string}\"},\"query-input\":{\"@type\":\"PropertyValueSpecification\",\"valueRequired\":true,\"valueName\":\"search_term_string\"}}],\"inLanguage\":\"en-US\"},{\"@type\":\"Organization\",\"@id\":\"https:\\\/\\\/epood.saara.ee\\\/#organization\",\"name\":\"Saarakiri O\u00dc\",\"url\":\"https:\\\/\\\/epood.saara.ee\\\/\",\"logo\":{\"@type\":\"ImageObject\",\"inLanguage\":\"en-US\",\"@id\":\"https:\\\/\\\/epood.saara.ee\\\/#\\\/schema\\\/logo\\\/image\\\/\",\"url\":\"https:\\\/\\\/epood.saara.ee\\\/wp-content\\\/uploads\\\/2015\\\/03\\\/saara_mv_R.png\",\"contentUrl\":\"https:\\\/\\\/epood.saara.ee\\\/wp-content\\\/uploads\\\/2015\\\/03\\\/saara_mv_R.png\",\"width\":649,\"height\":226,\"caption\":\"Saarakiri O\u00dc\"},\"image\":{\"@id\":\"https:\\\/\\\/epood.saara.ee\\\/#\\\/schema\\\/logo\\\/image\\\/\"},\"sameAs\":[\"https:\\\/\\\/www.facebook.com\\\/Saara-Kirjastus\"]}]}<\/script>\n<!-- \/ Yoast SEO plugin. -->","yoast_head_json":{"title":"Kihnu k\u00f6rdid eile ja t\u00e4na. Semiootiline esemeuurimus - Saara Kirjastus","robots":{"index":"index","follow":"follow","max-snippet":"max-snippet:-1","max-image-preview":"max-image-preview:large","max-video-preview":"max-video-preview:-1"},"canonical":"https:\/\/epood.saara.ee\/pood\/kihnu-kordid-eile-ja-tana-semiootiline-esemeuurimus","og_locale":"en_US","og_type":"article","og_title":"Kihnu k\u00f6rdid eile ja t\u00e4na. Semiootiline esemeuurimus - Saara Kirjastus","og_description":"In Estonian Only!  Author: Kristi J\u00f5este  Size: 24,3 x 17 cm","og_url":"https:\/\/epood.saara.ee\/pood\/kihnu-kordid-eile-ja-tana-semiootiline-esemeuurimus","og_site_name":"Saara Kirjastus","article_publisher":"https:\/\/www.facebook.com\/Saara-Kirjastus","article_modified_time":"2025-11-11T20:05:39+00:00","og_image":[{"width":600,"height":600,"url":"https:\/\/epood.saara.ee\/wp-content\/uploads\/2019\/11\/kihnu-ko\u0308rdid.jpg","type":"image\/jpeg"}],"twitter_misc":{"Est. reading time":"1 minute"},"schema":{"@context":"https:\/\/schema.org","@graph":[{"@type":"WebPage","@id":"https:\/\/epood.saara.ee\/pood\/kihnu-kordid-eile-ja-tana-semiootiline-esemeuurimus","url":"https:\/\/epood.saara.ee\/pood\/kihnu-kordid-eile-ja-tana-semiootiline-esemeuurimus","name":"Kihnu k\u00f6rdid eile ja t\u00e4na. Semiootiline esemeuurimus - Saara Kirjastus","isPartOf":{"@id":"https:\/\/epood.saara.ee\/#website"},"primaryImageOfPage":{"@id":"https:\/\/epood.saara.ee\/pood\/kihnu-kordid-eile-ja-tana-semiootiline-esemeuurimus#primaryimage"},"image":{"@id":"https:\/\/epood.saara.ee\/pood\/kihnu-kordid-eile-ja-tana-semiootiline-esemeuurimus#primaryimage"},"thumbnailUrl":"https:\/\/epood.saara.ee\/wp-content\/uploads\/2019\/11\/kihnu-ko\u0308rdid.jpg","datePublished":"2019-11-26T08:13:09+00:00","dateModified":"2025-11-11T20:05:39+00:00","breadcrumb":{"@id":"https:\/\/epood.saara.ee\/pood\/kihnu-kordid-eile-ja-tana-semiootiline-esemeuurimus#breadcrumb"},"inLanguage":"en-US","potentialAction":[{"@type":"ReadAction","target":["https:\/\/epood.saara.ee\/pood\/kihnu-kordid-eile-ja-tana-semiootiline-esemeuurimus"]}]},{"@type":"ImageObject","inLanguage":"en-US","@id":"https:\/\/epood.saara.ee\/pood\/kihnu-kordid-eile-ja-tana-semiootiline-esemeuurimus#primaryimage","url":"https:\/\/epood.saara.ee\/wp-content\/uploads\/2019\/11\/kihnu-ko\u0308rdid.jpg","contentUrl":"https:\/\/epood.saara.ee\/wp-content\/uploads\/2019\/11\/kihnu-ko\u0308rdid.jpg","width":600,"height":600},{"@type":"BreadcrumbList","@id":"https:\/\/epood.saara.ee\/pood\/kihnu-kordid-eile-ja-tana-semiootiline-esemeuurimus#breadcrumb","itemListElement":[{"@type":"ListItem","position":1,"name":"Home","item":"https:\/\/epood.saara.ee\/en"},{"@type":"ListItem","position":2,"name":"Shop","item":"https:\/\/epood.saara.ee\/en\/shop"},{"@type":"ListItem","position":3,"name":"Kihnu k\u00f6rdid eile ja t\u00e4na. Semiootiline esemeuurimus"}]},{"@type":"WebSite","@id":"https:\/\/epood.saara.ee\/#website","url":"https:\/\/epood.saara.ee\/","name":"Saara Kirjastus","description":"Kujundusteenused, raamatud, k&auml;sit&ouml;&ouml;","publisher":{"@id":"https:\/\/epood.saara.ee\/#organization"},"potentialAction":[{"@type":"SearchAction","target":{"@type":"EntryPoint","urlTemplate":"https:\/\/epood.saara.ee\/?s={search_term_string}"},"query-input":{"@type":"PropertyValueSpecification","valueRequired":true,"valueName":"search_term_string"}}],"inLanguage":"en-US"},{"@type":"Organization","@id":"https:\/\/epood.saara.ee\/#organization","name":"Saarakiri O\u00dc","url":"https:\/\/epood.saara.ee\/","logo":{"@type":"ImageObject","inLanguage":"en-US","@id":"https:\/\/epood.saara.ee\/#\/schema\/logo\/image\/","url":"https:\/\/epood.saara.ee\/wp-content\/uploads\/2015\/03\/saara_mv_R.png","contentUrl":"https:\/\/epood.saara.ee\/wp-content\/uploads\/2015\/03\/saara_mv_R.png","width":649,"height":226,"caption":"Saarakiri O\u00dc"},"image":{"@id":"https:\/\/epood.saara.ee\/#\/schema\/logo\/image\/"},"sameAs":["https:\/\/www.facebook.com\/Saara-Kirjastus"]}]}},"_links":{"self":[{"href":"https:\/\/epood.saara.ee\/en\/wp-json\/wp\/v2\/product\/56798","targetHints":{"allow":["GET"]}}],"collection":[{"href":"https:\/\/epood.saara.ee\/en\/wp-json\/wp\/v2\/product"}],"about":[{"href":"https:\/\/epood.saara.ee\/en\/wp-json\/wp\/v2\/types\/product"}],"wp:featuredmedia":[{"embeddable":true,"href":"https:\/\/epood.saara.ee\/en\/wp-json\/wp\/v2\/media\/28757"}],"wp:attachment":[{"href":"https:\/\/epood.saara.ee\/en\/wp-json\/wp\/v2\/media?parent=56798"}],"wp:term":[{"taxonomy":"product_brand","embeddable":true,"href":"https:\/\/epood.saara.ee\/en\/wp-json\/wp\/v2\/product_brand?post=56798"},{"taxonomy":"product_cat","embeddable":true,"href":"https:\/\/epood.saara.ee\/en\/wp-json\/wp\/v2\/product_cat?post=56798"},{"taxonomy":"product_tag","embeddable":true,"href":"https:\/\/epood.saara.ee\/en\/wp-json\/wp\/v2\/product_tag?post=56798"}],"curies":[{"name":"wp","href":"https:\/\/api.w.org\/{rel}","templated":true}]}}