{"id":52111,"date":"2023-08-21T16:46:44","date_gmt":"2023-08-21T13:46:44","guid":{"rendered":"https:\/\/epood.saara.ee\/?post_type=product&#038;p=52111"},"modified":"2026-03-14T10:32:41","modified_gmt":"2026-03-14T08:32:41","slug":"helga-ruutli-sallid-2-haapsalu-shawls-by-helga-ruutel-2","status":"publish","type":"product","link":"https:\/\/epood.saara.ee\/en\/pood\/helga-ruutli-sallid-2-haapsalu-shawls-by-helga-ruutel-2","title":{"rendered":"Helga R\u00fc\u00fctli sallid 2. Haapsalu Shawls by Helga r\u00fc\u00fctel 2"},"content":{"rendered":"<p>The history of Haapsalu lace knitting goes back a couple of centuries.<\/p>\n<p>This book brings you 52 beautiful lace patterns created by Haapsalu shawl master Helga R\u00fc\u00fctel. The book is kind of a sequel to the book &#8220;Helga R\u00fc\u00fctli sallid. Haapsalu Shawls by Helga R\u00fc\u00fctel&#8221; published 10 years ago, but in this book all the patterns are completely new. The photographed shawls were knitted by the master Helga herself. The basic instruction of shawl knitting is not in this book, but you can find it in the booklet &#8220;How to Knit the Haapsalu Shawl&#8221;.<\/p>\n<p>Knitting Haapsalu lace is one of the best hobbies in the world!<\/p>\n<p>&nbsp;<\/p>\n","protected":false},"excerpt":{"rendered":"<p>ISBN: 9789916984871<\/p>\n<p>Authors: Helga R\u00fc\u00fctel and Siiri Reimann<\/p>\n<p><strong>The book is bilinguaal, Estonian and English.<\/strong><\/p>\n<p>127 pages, hardback, format 32 x 24 cm, black and white print<\/p>\n","protected":false},"featured_media":52114,"template":"","meta":[],"product_brand":[],"product_cat":[173,168,172],"product_tag":[],"class_list":{"0":"post-52111","1":"product","2":"type-product","3":"status-publish","4":"has-post-thumbnail","6":"product_cat-haapsalu-shawl","7":"product_cat-books-en","8":"product_cat-kasitooraamatud-en","10":"first","11":"instock","12":"featured","13":"shipping-taxable","14":"purchasable","15":"product-type-simple"},"yoast_head":"<!-- This site is optimized with the Yoast SEO plugin v27.3 - https:\/\/yoast.com\/product\/yoast-seo-wordpress\/ -->\n<title>Helga R\u00fc\u00fctli sallid 2. Haapsalu Shawls by Helga r\u00fc\u00fctel 2 - Saara Kirjastus<\/title>\n<meta name=\"robots\" content=\"index, follow, max-snippet:-1, max-image-preview:large, max-video-preview:-1\" \/>\n<link rel=\"canonical\" href=\"https:\/\/epood.saara.ee\/en\/pood\/helga-ruutli-sallid-2-haapsalu-shawls-by-helga-ruutel-2\" \/>\n<meta property=\"og:locale\" content=\"en_US\" \/>\n<meta property=\"og:type\" content=\"article\" \/>\n<meta property=\"og:title\" content=\"Helga R\u00fc\u00fctli sallid 2. Haapsalu Shawls by Helga r\u00fc\u00fctel 2 - Saara Kirjastus\" \/>\n<meta property=\"og:description\" content=\"ISBN: 9789916984871  Authors: Helga R\u00fc\u00fctel and Siiri Reimann  The book is bilinguaal, Estonian and English.  127 pages, hardback, format 32 x 24 cm, black and white print\" \/>\n<meta property=\"og:url\" content=\"https:\/\/epood.saara.ee\/en\/pood\/helga-ruutli-sallid-2-haapsalu-shawls-by-helga-ruutel-2\" \/>\n<meta property=\"og:site_name\" content=\"Saara Kirjastus\" \/>\n<meta property=\"article:publisher\" content=\"https:\/\/www.facebook.com\/Saara-Kirjastus\" \/>\n<meta property=\"article:modified_time\" content=\"2026-03-14T08:32:41+00:00\" \/>\n<meta property=\"og:image\" content=\"https:\/\/epood.saara.ee\/wp-content\/uploads\/2023\/08\/Helga_Ruutli_sallid_2.jpg\" \/>\n\t<meta property=\"og:image:width\" content=\"600\" \/>\n\t<meta property=\"og:image:height\" content=\"600\" \/>\n\t<meta property=\"og:image:type\" content=\"image\/jpeg\" \/>\n<meta name=\"twitter:label1\" content=\"Est. reading time\" \/>\n\t<meta name=\"twitter:data1\" content=\"1 minute\" \/>\n<script type=\"application\/ld+json\" class=\"yoast-schema-graph\">{\"@context\":\"https:\\\/\\\/schema.org\",\"@graph\":[{\"@type\":\"WebPage\",\"@id\":\"https:\\\/\\\/epood.saara.ee\\\/en\\\/pood\\\/helga-ruutli-sallid-2-haapsalu-shawls-by-helga-ruutel-2\",\"url\":\"https:\\\/\\\/epood.saara.ee\\\/en\\\/pood\\\/helga-ruutli-sallid-2-haapsalu-shawls-by-helga-ruutel-2\",\"name\":\"Helga R\u00fc\u00fctli sallid 2. Haapsalu Shawls by Helga r\u00fc\u00fctel 2 - Saara Kirjastus\",\"isPartOf\":{\"@id\":\"https:\\\/\\\/epood.saara.ee\\\/#website\"},\"primaryImageOfPage\":{\"@id\":\"https:\\\/\\\/epood.saara.ee\\\/en\\\/pood\\\/helga-ruutli-sallid-2-haapsalu-shawls-by-helga-ruutel-2#primaryimage\"},\"image\":{\"@id\":\"https:\\\/\\\/epood.saara.ee\\\/en\\\/pood\\\/helga-ruutli-sallid-2-haapsalu-shawls-by-helga-ruutel-2#primaryimage\"},\"thumbnailUrl\":\"https:\\\/\\\/epood.saara.ee\\\/wp-content\\\/uploads\\\/2023\\\/08\\\/Helga_Ruutli_sallid_2.jpg\",\"datePublished\":\"2023-08-21T13:46:44+00:00\",\"dateModified\":\"2026-03-14T08:32:41+00:00\",\"breadcrumb\":{\"@id\":\"https:\\\/\\\/epood.saara.ee\\\/en\\\/pood\\\/helga-ruutli-sallid-2-haapsalu-shawls-by-helga-ruutel-2#breadcrumb\"},\"inLanguage\":\"en-US\",\"potentialAction\":[{\"@type\":\"ReadAction\",\"target\":[\"https:\\\/\\\/epood.saara.ee\\\/en\\\/pood\\\/helga-ruutli-sallid-2-haapsalu-shawls-by-helga-ruutel-2\"]}]},{\"@type\":\"ImageObject\",\"inLanguage\":\"en-US\",\"@id\":\"https:\\\/\\\/epood.saara.ee\\\/en\\\/pood\\\/helga-ruutli-sallid-2-haapsalu-shawls-by-helga-ruutel-2#primaryimage\",\"url\":\"https:\\\/\\\/epood.saara.ee\\\/wp-content\\\/uploads\\\/2023\\\/08\\\/Helga_Ruutli_sallid_2.jpg\",\"contentUrl\":\"https:\\\/\\\/epood.saara.ee\\\/wp-content\\\/uploads\\\/2023\\\/08\\\/Helga_Ruutli_sallid_2.jpg\",\"width\":600,\"height\":600},{\"@type\":\"BreadcrumbList\",\"@id\":\"https:\\\/\\\/epood.saara.ee\\\/en\\\/pood\\\/helga-ruutli-sallid-2-haapsalu-shawls-by-helga-ruutel-2#breadcrumb\",\"itemListElement\":[{\"@type\":\"ListItem\",\"position\":1,\"name\":\"Home\",\"item\":\"https:\\\/\\\/epood.saara.ee\\\/en\"},{\"@type\":\"ListItem\",\"position\":2,\"name\":\"Shop\",\"item\":\"https:\\\/\\\/epood.saara.ee\\\/en\\\/shop\"},{\"@type\":\"ListItem\",\"position\":3,\"name\":\"Helga R\u00fc\u00fctli sallid 2. Haapsalu Shawls by Helga r\u00fc\u00fctel 2\"}]},{\"@type\":\"WebSite\",\"@id\":\"https:\\\/\\\/epood.saara.ee\\\/#website\",\"url\":\"https:\\\/\\\/epood.saara.ee\\\/\",\"name\":\"Saara Kirjastus\",\"description\":\"Kujundusteenused, raamatud, k&auml;sit&ouml;&ouml;\",\"publisher\":{\"@id\":\"https:\\\/\\\/epood.saara.ee\\\/#organization\"},\"potentialAction\":[{\"@type\":\"SearchAction\",\"target\":{\"@type\":\"EntryPoint\",\"urlTemplate\":\"https:\\\/\\\/epood.saara.ee\\\/?s={search_term_string}\"},\"query-input\":{\"@type\":\"PropertyValueSpecification\",\"valueRequired\":true,\"valueName\":\"search_term_string\"}}],\"inLanguage\":\"en-US\"},{\"@type\":\"Organization\",\"@id\":\"https:\\\/\\\/epood.saara.ee\\\/#organization\",\"name\":\"Saarakiri O\u00dc\",\"url\":\"https:\\\/\\\/epood.saara.ee\\\/\",\"logo\":{\"@type\":\"ImageObject\",\"inLanguage\":\"en-US\",\"@id\":\"https:\\\/\\\/epood.saara.ee\\\/#\\\/schema\\\/logo\\\/image\\\/\",\"url\":\"https:\\\/\\\/epood.saara.ee\\\/wp-content\\\/uploads\\\/2015\\\/03\\\/saara_mv_R.png\",\"contentUrl\":\"https:\\\/\\\/epood.saara.ee\\\/wp-content\\\/uploads\\\/2015\\\/03\\\/saara_mv_R.png\",\"width\":649,\"height\":226,\"caption\":\"Saarakiri O\u00dc\"},\"image\":{\"@id\":\"https:\\\/\\\/epood.saara.ee\\\/#\\\/schema\\\/logo\\\/image\\\/\"},\"sameAs\":[\"https:\\\/\\\/www.facebook.com\\\/Saara-Kirjastus\"]}]}<\/script>\n<!-- \/ Yoast SEO plugin. -->","yoast_head_json":{"title":"Helga R\u00fc\u00fctli sallid 2. Haapsalu Shawls by Helga r\u00fc\u00fctel 2 - Saara Kirjastus","robots":{"index":"index","follow":"follow","max-snippet":"max-snippet:-1","max-image-preview":"max-image-preview:large","max-video-preview":"max-video-preview:-1"},"canonical":"https:\/\/epood.saara.ee\/en\/pood\/helga-ruutli-sallid-2-haapsalu-shawls-by-helga-ruutel-2","og_locale":"en_US","og_type":"article","og_title":"Helga R\u00fc\u00fctli sallid 2. Haapsalu Shawls by Helga r\u00fc\u00fctel 2 - Saara Kirjastus","og_description":"ISBN: 9789916984871  Authors: Helga R\u00fc\u00fctel and Siiri Reimann  The book is bilinguaal, Estonian and English.  127 pages, hardback, format 32 x 24 cm, black and white print","og_url":"https:\/\/epood.saara.ee\/en\/pood\/helga-ruutli-sallid-2-haapsalu-shawls-by-helga-ruutel-2","og_site_name":"Saara Kirjastus","article_publisher":"https:\/\/www.facebook.com\/Saara-Kirjastus","article_modified_time":"2026-03-14T08:32:41+00:00","og_image":[{"width":600,"height":600,"url":"https:\/\/epood.saara.ee\/wp-content\/uploads\/2023\/08\/Helga_Ruutli_sallid_2.jpg","type":"image\/jpeg"}],"twitter_misc":{"Est. reading time":"1 minute"},"schema":{"@context":"https:\/\/schema.org","@graph":[{"@type":"WebPage","@id":"https:\/\/epood.saara.ee\/en\/pood\/helga-ruutli-sallid-2-haapsalu-shawls-by-helga-ruutel-2","url":"https:\/\/epood.saara.ee\/en\/pood\/helga-ruutli-sallid-2-haapsalu-shawls-by-helga-ruutel-2","name":"Helga R\u00fc\u00fctli sallid 2. Haapsalu Shawls by Helga r\u00fc\u00fctel 2 - Saara Kirjastus","isPartOf":{"@id":"https:\/\/epood.saara.ee\/#website"},"primaryImageOfPage":{"@id":"https:\/\/epood.saara.ee\/en\/pood\/helga-ruutli-sallid-2-haapsalu-shawls-by-helga-ruutel-2#primaryimage"},"image":{"@id":"https:\/\/epood.saara.ee\/en\/pood\/helga-ruutli-sallid-2-haapsalu-shawls-by-helga-ruutel-2#primaryimage"},"thumbnailUrl":"https:\/\/epood.saara.ee\/wp-content\/uploads\/2023\/08\/Helga_Ruutli_sallid_2.jpg","datePublished":"2023-08-21T13:46:44+00:00","dateModified":"2026-03-14T08:32:41+00:00","breadcrumb":{"@id":"https:\/\/epood.saara.ee\/en\/pood\/helga-ruutli-sallid-2-haapsalu-shawls-by-helga-ruutel-2#breadcrumb"},"inLanguage":"en-US","potentialAction":[{"@type":"ReadAction","target":["https:\/\/epood.saara.ee\/en\/pood\/helga-ruutli-sallid-2-haapsalu-shawls-by-helga-ruutel-2"]}]},{"@type":"ImageObject","inLanguage":"en-US","@id":"https:\/\/epood.saara.ee\/en\/pood\/helga-ruutli-sallid-2-haapsalu-shawls-by-helga-ruutel-2#primaryimage","url":"https:\/\/epood.saara.ee\/wp-content\/uploads\/2023\/08\/Helga_Ruutli_sallid_2.jpg","contentUrl":"https:\/\/epood.saara.ee\/wp-content\/uploads\/2023\/08\/Helga_Ruutli_sallid_2.jpg","width":600,"height":600},{"@type":"BreadcrumbList","@id":"https:\/\/epood.saara.ee\/en\/pood\/helga-ruutli-sallid-2-haapsalu-shawls-by-helga-ruutel-2#breadcrumb","itemListElement":[{"@type":"ListItem","position":1,"name":"Home","item":"https:\/\/epood.saara.ee\/en"},{"@type":"ListItem","position":2,"name":"Shop","item":"https:\/\/epood.saara.ee\/en\/shop"},{"@type":"ListItem","position":3,"name":"Helga R\u00fc\u00fctli sallid 2. Haapsalu Shawls by Helga r\u00fc\u00fctel 2"}]},{"@type":"WebSite","@id":"https:\/\/epood.saara.ee\/#website","url":"https:\/\/epood.saara.ee\/","name":"Saara Kirjastus","description":"Kujundusteenused, raamatud, k&auml;sit&ouml;&ouml;","publisher":{"@id":"https:\/\/epood.saara.ee\/#organization"},"potentialAction":[{"@type":"SearchAction","target":{"@type":"EntryPoint","urlTemplate":"https:\/\/epood.saara.ee\/?s={search_term_string}"},"query-input":{"@type":"PropertyValueSpecification","valueRequired":true,"valueName":"search_term_string"}}],"inLanguage":"en-US"},{"@type":"Organization","@id":"https:\/\/epood.saara.ee\/#organization","name":"Saarakiri O\u00dc","url":"https:\/\/epood.saara.ee\/","logo":{"@type":"ImageObject","inLanguage":"en-US","@id":"https:\/\/epood.saara.ee\/#\/schema\/logo\/image\/","url":"https:\/\/epood.saara.ee\/wp-content\/uploads\/2015\/03\/saara_mv_R.png","contentUrl":"https:\/\/epood.saara.ee\/wp-content\/uploads\/2015\/03\/saara_mv_R.png","width":649,"height":226,"caption":"Saarakiri O\u00dc"},"image":{"@id":"https:\/\/epood.saara.ee\/#\/schema\/logo\/image\/"},"sameAs":["https:\/\/www.facebook.com\/Saara-Kirjastus"]}]}},"_links":{"self":[{"href":"https:\/\/epood.saara.ee\/en\/wp-json\/wp\/v2\/product\/52111","targetHints":{"allow":["GET"]}}],"collection":[{"href":"https:\/\/epood.saara.ee\/en\/wp-json\/wp\/v2\/product"}],"about":[{"href":"https:\/\/epood.saara.ee\/en\/wp-json\/wp\/v2\/types\/product"}],"wp:featuredmedia":[{"embeddable":true,"href":"https:\/\/epood.saara.ee\/en\/wp-json\/wp\/v2\/media\/52114"}],"wp:attachment":[{"href":"https:\/\/epood.saara.ee\/en\/wp-json\/wp\/v2\/media?parent=52111"}],"wp:term":[{"taxonomy":"product_brand","embeddable":true,"href":"https:\/\/epood.saara.ee\/en\/wp-json\/wp\/v2\/product_brand?post=52111"},{"taxonomy":"product_cat","embeddable":true,"href":"https:\/\/epood.saara.ee\/en\/wp-json\/wp\/v2\/product_cat?post=52111"},{"taxonomy":"product_tag","embeddable":true,"href":"https:\/\/epood.saara.ee\/en\/wp-json\/wp\/v2\/product_tag?post=52111"}],"curies":[{"name":"wp","href":"https:\/\/api.w.org\/{rel}","templated":true}]}}