{"id":33585,"date":"2020-08-18T16:13:25","date_gmt":"2020-08-18T13:13:25","guid":{"rendered":"https:\/\/epood.saara.ee\/?post_type=product&#038;p=33585"},"modified":"2021-03-15T15:52:32","modified_gmt":"2021-03-15T13:52:32","slug":"tostamaa-craft-center-calendar-2021","status":"publish","type":"product","link":"https:\/\/epood.saara.ee\/en\/pood\/tostamaa-craft-center-calendar-2021","title":{"rendered":"T\u00f5stamaa Craft Center Calendar 2021"},"content":{"rendered":"<p>The calendar is a story about a dream, the heritage of ancestors and how one tradition that had fallen into oblivion has gained new life.<\/p>\n<p>More than a century and a half ago, women around T\u00f5stamaa started knitting very beautiful white \u201erose\u201c stockings and gloves. At first these were very modestly decorated, but in a couple of decades they became very sumptuous: the dense and delicate fabric was covered with rich, mostly reddish-rose patterns. Often the patterns were repeated, sometimes with small variations and the most common ones even had their own names.<\/p>\n<p>But time did its job. Probably in the 20th century, white, single-threaded gloves were no longer practical, and the technique of inlaying knitting was forgotten.<br \/>\nThe calendar summarizes the ten years of operation of the T\u00f5stamaa Handicraft Center through our most well-known technology and masters &#8211; through inlaying and inlayers.<\/p>\n<p>Calendar is in Estonian and English.<\/p>\n<p>Calendar does not contain knitting patterns or instructions<\/p>\n","protected":false},"excerpt":{"rendered":"<p>Calendar 2021<\/p>\n<p>Size: 42 x 30 cm<\/p>\n<p>&nbsp;<\/p>\n<p>&nbsp;<\/p>\n","protected":false},"featured_media":33599,"template":"","meta":[],"product_brand":[],"product_cat":[168,172,363],"product_tag":[],"class_list":{"0":"post-33585","1":"product","2":"type-product","3":"status-publish","4":"has-post-thumbnail","6":"product_cat-books-en","7":"product_cat-kasitooraamatud-en","8":"product_cat-post-cards","10":"first","11":"outofstock","12":"shipping-taxable","13":"purchasable","14":"product-type-simple"},"yoast_head":"<!-- This site is optimized with the Yoast SEO plugin v27.2 - https:\/\/yoast.com\/product\/yoast-seo-wordpress\/ -->\n<title>T\u00f5stamaa Craft Center Calendar 2021 - Saara Kirjastus<\/title>\n<meta name=\"robots\" content=\"index, follow, max-snippet:-1, max-image-preview:large, max-video-preview:-1\" \/>\n<link rel=\"canonical\" href=\"https:\/\/epood.saara.ee\/en\/pood\/tostamaa-craft-center-calendar-2021\" \/>\n<meta property=\"og:locale\" content=\"en_US\" \/>\n<meta property=\"og:type\" content=\"article\" \/>\n<meta property=\"og:title\" content=\"T\u00f5stamaa Craft Center Calendar 2021 - Saara Kirjastus\" \/>\n<meta property=\"og:description\" content=\"Calendar 2021  Size: 42 x 30 cm  &nbsp;  &nbsp;\" \/>\n<meta property=\"og:url\" content=\"https:\/\/epood.saara.ee\/en\/pood\/tostamaa-craft-center-calendar-2021\" \/>\n<meta property=\"og:site_name\" content=\"Saara Kirjastus\" \/>\n<meta property=\"article:publisher\" content=\"https:\/\/www.facebook.com\/Saara-Kirjastus\" \/>\n<meta property=\"article:modified_time\" content=\"2021-03-15T13:52:32+00:00\" \/>\n<meta property=\"og:image\" content=\"https:\/\/epood.saara.ee\/wp-content\/uploads\/2020\/08\/Tostamaa-kalender.jpg\" \/>\n\t<meta property=\"og:image:width\" content=\"600\" \/>\n\t<meta property=\"og:image:height\" content=\"600\" \/>\n\t<meta property=\"og:image:type\" content=\"image\/jpeg\" \/>\n<meta name=\"twitter:label1\" content=\"Est. reading time\" \/>\n\t<meta name=\"twitter:data1\" content=\"1 minute\" \/>\n<script type=\"application\/ld+json\" class=\"yoast-schema-graph\">{\"@context\":\"https:\/\/schema.org\",\"@graph\":[{\"@type\":\"WebPage\",\"@id\":\"https:\/\/epood.saara.ee\/en\/pood\/tostamaa-craft-center-calendar-2021\",\"url\":\"https:\/\/epood.saara.ee\/en\/pood\/tostamaa-craft-center-calendar-2021\",\"name\":\"T\u00f5stamaa Craft Center Calendar 2021 - Saara Kirjastus\",\"isPartOf\":{\"@id\":\"https:\/\/epood.saara.ee\/#website\"},\"primaryImageOfPage\":{\"@id\":\"https:\/\/epood.saara.ee\/en\/pood\/tostamaa-craft-center-calendar-2021#primaryimage\"},\"image\":{\"@id\":\"https:\/\/epood.saara.ee\/en\/pood\/tostamaa-craft-center-calendar-2021#primaryimage\"},\"thumbnailUrl\":\"https:\/\/epood.saara.ee\/wp-content\/uploads\/2020\/08\/Tostamaa-kalender.jpg\",\"datePublished\":\"2020-08-18T13:13:25+00:00\",\"dateModified\":\"2021-03-15T13:52:32+00:00\",\"breadcrumb\":{\"@id\":\"https:\/\/epood.saara.ee\/en\/pood\/tostamaa-craft-center-calendar-2021#breadcrumb\"},\"inLanguage\":\"en-US\",\"potentialAction\":[{\"@type\":\"ReadAction\",\"target\":[\"https:\/\/epood.saara.ee\/en\/pood\/tostamaa-craft-center-calendar-2021\"]}]},{\"@type\":\"ImageObject\",\"inLanguage\":\"en-US\",\"@id\":\"https:\/\/epood.saara.ee\/en\/pood\/tostamaa-craft-center-calendar-2021#primaryimage\",\"url\":\"https:\/\/epood.saara.ee\/wp-content\/uploads\/2020\/08\/Tostamaa-kalender.jpg\",\"contentUrl\":\"https:\/\/epood.saara.ee\/wp-content\/uploads\/2020\/08\/Tostamaa-kalender.jpg\",\"width\":600,\"height\":600,\"caption\":\"T\u00f5stamaa k\u00e4sit\u00f6\u00f6. Seinakalender 2021\"},{\"@type\":\"BreadcrumbList\",\"@id\":\"https:\/\/epood.saara.ee\/en\/pood\/tostamaa-craft-center-calendar-2021#breadcrumb\",\"itemListElement\":[{\"@type\":\"ListItem\",\"position\":1,\"name\":\"Home\",\"item\":\"https:\/\/epood.saara.ee\/en\"},{\"@type\":\"ListItem\",\"position\":2,\"name\":\"Shop\",\"item\":\"https:\/\/epood.saara.ee\/en\/shop\"},{\"@type\":\"ListItem\",\"position\":3,\"name\":\"T\u00f5stamaa Craft Center Calendar 2021\"}]},{\"@type\":\"WebSite\",\"@id\":\"https:\/\/epood.saara.ee\/#website\",\"url\":\"https:\/\/epood.saara.ee\/\",\"name\":\"Saara Kirjastus\",\"description\":\"Kujundusteenused, raamatud, k&auml;sit&ouml;&ouml;\",\"publisher\":{\"@id\":\"https:\/\/epood.saara.ee\/#organization\"},\"potentialAction\":[{\"@type\":\"SearchAction\",\"target\":{\"@type\":\"EntryPoint\",\"urlTemplate\":\"https:\/\/epood.saara.ee\/?s={search_term_string}\"},\"query-input\":{\"@type\":\"PropertyValueSpecification\",\"valueRequired\":true,\"valueName\":\"search_term_string\"}}],\"inLanguage\":\"en-US\"},{\"@type\":\"Organization\",\"@id\":\"https:\/\/epood.saara.ee\/#organization\",\"name\":\"Saarakiri O\u00dc\",\"url\":\"https:\/\/epood.saara.ee\/\",\"logo\":{\"@type\":\"ImageObject\",\"inLanguage\":\"en-US\",\"@id\":\"https:\/\/epood.saara.ee\/#\/schema\/logo\/image\/\",\"url\":\"https:\/\/epood.saara.ee\/wp-content\/uploads\/2015\/03\/saara_mv_R.png\",\"contentUrl\":\"https:\/\/epood.saara.ee\/wp-content\/uploads\/2015\/03\/saara_mv_R.png\",\"width\":649,\"height\":226,\"caption\":\"Saarakiri O\u00dc\"},\"image\":{\"@id\":\"https:\/\/epood.saara.ee\/#\/schema\/logo\/image\/\"},\"sameAs\":[\"https:\/\/www.facebook.com\/Saara-Kirjastus\"]}]}<\/script>\n<!-- \/ Yoast SEO plugin. -->","yoast_head_json":{"title":"T\u00f5stamaa Craft Center Calendar 2021 - Saara Kirjastus","robots":{"index":"index","follow":"follow","max-snippet":"max-snippet:-1","max-image-preview":"max-image-preview:large","max-video-preview":"max-video-preview:-1"},"canonical":"https:\/\/epood.saara.ee\/en\/pood\/tostamaa-craft-center-calendar-2021","og_locale":"en_US","og_type":"article","og_title":"T\u00f5stamaa Craft Center Calendar 2021 - Saara Kirjastus","og_description":"Calendar 2021  Size: 42 x 30 cm  &nbsp;  &nbsp;","og_url":"https:\/\/epood.saara.ee\/en\/pood\/tostamaa-craft-center-calendar-2021","og_site_name":"Saara Kirjastus","article_publisher":"https:\/\/www.facebook.com\/Saara-Kirjastus","article_modified_time":"2021-03-15T13:52:32+00:00","og_image":[{"width":600,"height":600,"url":"https:\/\/epood.saara.ee\/wp-content\/uploads\/2020\/08\/Tostamaa-kalender.jpg","type":"image\/jpeg"}],"twitter_misc":{"Est. reading time":"1 minute"},"schema":{"@context":"https:\/\/schema.org","@graph":[{"@type":"WebPage","@id":"https:\/\/epood.saara.ee\/en\/pood\/tostamaa-craft-center-calendar-2021","url":"https:\/\/epood.saara.ee\/en\/pood\/tostamaa-craft-center-calendar-2021","name":"T\u00f5stamaa Craft Center Calendar 2021 - Saara Kirjastus","isPartOf":{"@id":"https:\/\/epood.saara.ee\/#website"},"primaryImageOfPage":{"@id":"https:\/\/epood.saara.ee\/en\/pood\/tostamaa-craft-center-calendar-2021#primaryimage"},"image":{"@id":"https:\/\/epood.saara.ee\/en\/pood\/tostamaa-craft-center-calendar-2021#primaryimage"},"thumbnailUrl":"https:\/\/epood.saara.ee\/wp-content\/uploads\/2020\/08\/Tostamaa-kalender.jpg","datePublished":"2020-08-18T13:13:25+00:00","dateModified":"2021-03-15T13:52:32+00:00","breadcrumb":{"@id":"https:\/\/epood.saara.ee\/en\/pood\/tostamaa-craft-center-calendar-2021#breadcrumb"},"inLanguage":"en-US","potentialAction":[{"@type":"ReadAction","target":["https:\/\/epood.saara.ee\/en\/pood\/tostamaa-craft-center-calendar-2021"]}]},{"@type":"ImageObject","inLanguage":"en-US","@id":"https:\/\/epood.saara.ee\/en\/pood\/tostamaa-craft-center-calendar-2021#primaryimage","url":"https:\/\/epood.saara.ee\/wp-content\/uploads\/2020\/08\/Tostamaa-kalender.jpg","contentUrl":"https:\/\/epood.saara.ee\/wp-content\/uploads\/2020\/08\/Tostamaa-kalender.jpg","width":600,"height":600,"caption":"T\u00f5stamaa k\u00e4sit\u00f6\u00f6. Seinakalender 2021"},{"@type":"BreadcrumbList","@id":"https:\/\/epood.saara.ee\/en\/pood\/tostamaa-craft-center-calendar-2021#breadcrumb","itemListElement":[{"@type":"ListItem","position":1,"name":"Home","item":"https:\/\/epood.saara.ee\/en"},{"@type":"ListItem","position":2,"name":"Shop","item":"https:\/\/epood.saara.ee\/en\/shop"},{"@type":"ListItem","position":3,"name":"T\u00f5stamaa Craft Center Calendar 2021"}]},{"@type":"WebSite","@id":"https:\/\/epood.saara.ee\/#website","url":"https:\/\/epood.saara.ee\/","name":"Saara Kirjastus","description":"Kujundusteenused, raamatud, k&auml;sit&ouml;&ouml;","publisher":{"@id":"https:\/\/epood.saara.ee\/#organization"},"potentialAction":[{"@type":"SearchAction","target":{"@type":"EntryPoint","urlTemplate":"https:\/\/epood.saara.ee\/?s={search_term_string}"},"query-input":{"@type":"PropertyValueSpecification","valueRequired":true,"valueName":"search_term_string"}}],"inLanguage":"en-US"},{"@type":"Organization","@id":"https:\/\/epood.saara.ee\/#organization","name":"Saarakiri O\u00dc","url":"https:\/\/epood.saara.ee\/","logo":{"@type":"ImageObject","inLanguage":"en-US","@id":"https:\/\/epood.saara.ee\/#\/schema\/logo\/image\/","url":"https:\/\/epood.saara.ee\/wp-content\/uploads\/2015\/03\/saara_mv_R.png","contentUrl":"https:\/\/epood.saara.ee\/wp-content\/uploads\/2015\/03\/saara_mv_R.png","width":649,"height":226,"caption":"Saarakiri O\u00dc"},"image":{"@id":"https:\/\/epood.saara.ee\/#\/schema\/logo\/image\/"},"sameAs":["https:\/\/www.facebook.com\/Saara-Kirjastus"]}]}},"_links":{"self":[{"href":"https:\/\/epood.saara.ee\/en\/wp-json\/wp\/v2\/product\/33585","targetHints":{"allow":["GET"]}}],"collection":[{"href":"https:\/\/epood.saara.ee\/en\/wp-json\/wp\/v2\/product"}],"about":[{"href":"https:\/\/epood.saara.ee\/en\/wp-json\/wp\/v2\/types\/product"}],"wp:featuredmedia":[{"embeddable":true,"href":"https:\/\/epood.saara.ee\/en\/wp-json\/wp\/v2\/media\/33599"}],"wp:attachment":[{"href":"https:\/\/epood.saara.ee\/en\/wp-json\/wp\/v2\/media?parent=33585"}],"wp:term":[{"taxonomy":"product_brand","embeddable":true,"href":"https:\/\/epood.saara.ee\/en\/wp-json\/wp\/v2\/product_brand?post=33585"},{"taxonomy":"product_cat","embeddable":true,"href":"https:\/\/epood.saara.ee\/en\/wp-json\/wp\/v2\/product_cat?post=33585"},{"taxonomy":"product_tag","embeddable":true,"href":"https:\/\/epood.saara.ee\/en\/wp-json\/wp\/v2\/product_tag?post=33585"}],"curies":[{"name":"wp","href":"https:\/\/api.w.org\/{rel}","templated":true}]}}