{"id":32493,"date":"2020-06-02T10:34:13","date_gmt":"2020-06-02T07:34:14","guid":{"rendered":"https:\/\/epood.saara.ee\/?post_type=product&#038;p=32493"},"modified":"2024-08-08T01:35:02","modified_gmt":"2024-08-07T22:35:02","slug":"chequered-shawl","status":"publish","type":"product","link":"https:\/\/epood.saara.ee\/en\/pood\/chequered-shawl","title":{"rendered":"Chequered shawl"},"content":{"rendered":"<p><i>Haapsalu pitsiliste r\u00e4ttide ajalugu ulatub mitmesaja aasta taha ning kootud on neid nii piklikke sallide kui ka nelinurksete ja kolmnurksete r\u00e4ttidena. Seda t\u00fc\u00fcpi kolmnurkne r\u00e4tik on ainus, millele ei koota eraldi k\u00fclge \u00f5mmeldavat pitsi, sest r\u00e4ti kudumist alustataksegi servas olevast pitsist.<\/i><\/p>\n<p>Selle mustri ja mustriskeemi autor on Haapsalu pitsimeister Siiri Reimann. Meil on hea meel, et oled otsustanud selle ilusa r\u00e4ti kududa!<\/p>\n<p><strong>Muster ja \u00f5petus ning selle osad on m\u00f5eldud kasutamiseks ainult Sulle ning nende jagamine mistahes viisil ja eesm\u00e4rgil ei ole lubatud.<\/strong><br \/>\nKui kood selle mustriga r\u00e4ti m\u00fc\u00fcgiks, siis palun viita, et mustri autor on Siiri Reimann.<\/p>\n<div  class='av-social-sharing-box av-sj5prq-0a4db280c07c800c87ea5663199403dc av-social-sharing-box-default  avia-builder-el-0  avia-builder-el-no-sibling  av-social-sharing-box-fullwidth'><div class=\"av-share-box\"><h5 class='av-share-link-description av-no-toc '>Share<\/h5><ul class=\"av-share-box-list noLightbox\"><li class='av-share-link av-social-link-facebook' ><a target=\"_blank\" aria-label=\"Share on Facebook\" href='https:\/\/www.facebook.com\/sharer.php?u=https:\/\/epood.saara.ee\/en\/pood\/chequered-shawl&#038;t=Chequered%20shawl' aria-hidden='false' data-av_icon='\ue8f3' data-av_iconfont='entypo-fontello' title='' data-avia-related-tooltip='Share on Facebook' rel=\"noopener\"><span class='avia_hidden_link_text'>Share on Facebook<\/span><\/a><\/li><li class='av-share-link av-social-link-mail' ><a  aria-label=\"Share by Mail\" href='mailto:?subject=Chequered%20shawl&#038;body=https:\/\/epood.saara.ee\/en\/pood\/chequered-shawl' aria-hidden='false' data-av_icon='\ue805' data-av_iconfont='entypo-fontello' title='' data-avia-related-tooltip='Share by Mail'><span class='avia_hidden_link_text'>Share by Mail<\/span><\/a><\/li><\/ul><\/div><\/div>\n","protected":false},"excerpt":{"rendered":"<p>The author of this shawl design, charts and instructions is Haapsalu shawl master Siiri Reimann. We are very glad that you have decided to knit this beautiful shawl!<span class=\"Apple-converted-space\">\u00a0<\/span><\/p>\n<p><strong>This shawl pattern is meant for personal use only. Do not use it for distribution, handouts, free gifting or any other commercial purposes.<span class=\"Apple-converted-space\">\u00a0<\/span><\/strong><\/p>\n<p>If you are knitting this shawl for sale, then please refer that the author of the design is Siiri Reimann.<\/p>\n","protected":false},"featured_media":32496,"template":"","meta":[],"product_brand":[],"product_cat":[495],"product_tag":[],"class_list":{"0":"post-32493","1":"product","2":"type-product","3":"status-publish","4":"has-post-thumbnail","6":"product_cat-patterns","8":"first","9":"instock","10":"downloadable","11":"virtual","12":"purchasable","13":"product-type-simple"},"yoast_head":"<!-- This site is optimized with the Yoast SEO plugin v27.2 - https:\/\/yoast.com\/product\/yoast-seo-wordpress\/ -->\n<title>Chequered shawl - Saara Kirjastus<\/title>\n<meta name=\"description\" content=\"Chequered shawl\" \/>\n<meta name=\"robots\" content=\"index, follow, max-snippet:-1, max-image-preview:large, max-video-preview:-1\" \/>\n<link rel=\"canonical\" href=\"https:\/\/epood.saara.ee\/en\/pood\/chequered-shawl\" \/>\n<meta property=\"og:locale\" content=\"en_US\" \/>\n<meta property=\"og:type\" content=\"article\" \/>\n<meta property=\"og:title\" content=\"Chequered shawl - Saara Kirjastus\" \/>\n<meta property=\"og:description\" content=\"Chequered shawl\" \/>\n<meta property=\"og:url\" content=\"https:\/\/epood.saara.ee\/en\/pood\/chequered-shawl\" \/>\n<meta property=\"og:site_name\" content=\"Saara Kirjastus\" \/>\n<meta property=\"article:publisher\" content=\"https:\/\/www.facebook.com\/Saara-Kirjastus\" \/>\n<meta property=\"article:modified_time\" content=\"2024-08-07T22:35:02+00:00\" \/>\n<meta property=\"og:image\" content=\"https:\/\/epood.saara.ee\/wp-content\/uploads\/2020\/06\/Chequered.jpg\" \/>\n\t<meta property=\"og:image:width\" content=\"600\" \/>\n\t<meta property=\"og:image:height\" content=\"600\" \/>\n\t<meta property=\"og:image:type\" content=\"image\/jpeg\" \/>\n<meta name=\"twitter:label1\" content=\"Est. reading time\" \/>\n\t<meta name=\"twitter:data1\" content=\"1 minute\" \/>\n<script type=\"application\/ld+json\" class=\"yoast-schema-graph\">{\"@context\":\"https:\/\/schema.org\",\"@graph\":[{\"@type\":\"WebPage\",\"@id\":\"https:\/\/epood.saara.ee\/en\/pood\/chequered-shawl\",\"url\":\"https:\/\/epood.saara.ee\/en\/pood\/chequered-shawl\",\"name\":\"Chequered shawl - Saara Kirjastus\",\"isPartOf\":{\"@id\":\"https:\/\/epood.saara.ee\/#website\"},\"primaryImageOfPage\":{\"@id\":\"https:\/\/epood.saara.ee\/en\/pood\/chequered-shawl#primaryimage\"},\"image\":{\"@id\":\"https:\/\/epood.saara.ee\/en\/pood\/chequered-shawl#primaryimage\"},\"thumbnailUrl\":\"https:\/\/epood.saara.ee\/wp-content\/uploads\/2020\/06\/Chequered.jpg\",\"datePublished\":\"2020-06-02T07:34:14+00:00\",\"dateModified\":\"2024-08-07T22:35:02+00:00\",\"description\":\"Chequered shawl\",\"breadcrumb\":{\"@id\":\"https:\/\/epood.saara.ee\/en\/pood\/chequered-shawl#breadcrumb\"},\"inLanguage\":\"en-US\",\"potentialAction\":[{\"@type\":\"ReadAction\",\"target\":[\"https:\/\/epood.saara.ee\/en\/pood\/chequered-shawl\"]}]},{\"@type\":\"ImageObject\",\"inLanguage\":\"en-US\",\"@id\":\"https:\/\/epood.saara.ee\/en\/pood\/chequered-shawl#primaryimage\",\"url\":\"https:\/\/epood.saara.ee\/wp-content\/uploads\/2020\/06\/Chequered.jpg\",\"contentUrl\":\"https:\/\/epood.saara.ee\/wp-content\/uploads\/2020\/06\/Chequered.jpg\",\"width\":600,\"height\":600,\"caption\":\"Chequered shawl\"},{\"@type\":\"BreadcrumbList\",\"@id\":\"https:\/\/epood.saara.ee\/en\/pood\/chequered-shawl#breadcrumb\",\"itemListElement\":[{\"@type\":\"ListItem\",\"position\":1,\"name\":\"Home\",\"item\":\"https:\/\/epood.saara.ee\/en\"},{\"@type\":\"ListItem\",\"position\":2,\"name\":\"Shop\",\"item\":\"https:\/\/epood.saara.ee\/en\/shop\"},{\"@type\":\"ListItem\",\"position\":3,\"name\":\"Chequered shawl\"}]},{\"@type\":\"WebSite\",\"@id\":\"https:\/\/epood.saara.ee\/#website\",\"url\":\"https:\/\/epood.saara.ee\/\",\"name\":\"Saara Kirjastus\",\"description\":\"Kujundusteenused, raamatud, k&auml;sit&ouml;&ouml;\",\"publisher\":{\"@id\":\"https:\/\/epood.saara.ee\/#organization\"},\"potentialAction\":[{\"@type\":\"SearchAction\",\"target\":{\"@type\":\"EntryPoint\",\"urlTemplate\":\"https:\/\/epood.saara.ee\/?s={search_term_string}\"},\"query-input\":{\"@type\":\"PropertyValueSpecification\",\"valueRequired\":true,\"valueName\":\"search_term_string\"}}],\"inLanguage\":\"en-US\"},{\"@type\":\"Organization\",\"@id\":\"https:\/\/epood.saara.ee\/#organization\",\"name\":\"Saarakiri O\u00dc\",\"url\":\"https:\/\/epood.saara.ee\/\",\"logo\":{\"@type\":\"ImageObject\",\"inLanguage\":\"en-US\",\"@id\":\"https:\/\/epood.saara.ee\/#\/schema\/logo\/image\/\",\"url\":\"https:\/\/epood.saara.ee\/wp-content\/uploads\/2015\/03\/saara_mv_R.png\",\"contentUrl\":\"https:\/\/epood.saara.ee\/wp-content\/uploads\/2015\/03\/saara_mv_R.png\",\"width\":649,\"height\":226,\"caption\":\"Saarakiri O\u00dc\"},\"image\":{\"@id\":\"https:\/\/epood.saara.ee\/#\/schema\/logo\/image\/\"},\"sameAs\":[\"https:\/\/www.facebook.com\/Saara-Kirjastus\"]}]}<\/script>\n<!-- \/ Yoast SEO plugin. -->","yoast_head_json":{"title":"Chequered shawl - Saara Kirjastus","description":"Chequered shawl","robots":{"index":"index","follow":"follow","max-snippet":"max-snippet:-1","max-image-preview":"max-image-preview:large","max-video-preview":"max-video-preview:-1"},"canonical":"https:\/\/epood.saara.ee\/en\/pood\/chequered-shawl","og_locale":"en_US","og_type":"article","og_title":"Chequered shawl - Saara Kirjastus","og_description":"Chequered shawl","og_url":"https:\/\/epood.saara.ee\/en\/pood\/chequered-shawl","og_site_name":"Saara Kirjastus","article_publisher":"https:\/\/www.facebook.com\/Saara-Kirjastus","article_modified_time":"2024-08-07T22:35:02+00:00","og_image":[{"width":600,"height":600,"url":"https:\/\/epood.saara.ee\/wp-content\/uploads\/2020\/06\/Chequered.jpg","type":"image\/jpeg"}],"twitter_misc":{"Est. reading time":"1 minute"},"schema":{"@context":"https:\/\/schema.org","@graph":[{"@type":"WebPage","@id":"https:\/\/epood.saara.ee\/en\/pood\/chequered-shawl","url":"https:\/\/epood.saara.ee\/en\/pood\/chequered-shawl","name":"Chequered shawl - Saara Kirjastus","isPartOf":{"@id":"https:\/\/epood.saara.ee\/#website"},"primaryImageOfPage":{"@id":"https:\/\/epood.saara.ee\/en\/pood\/chequered-shawl#primaryimage"},"image":{"@id":"https:\/\/epood.saara.ee\/en\/pood\/chequered-shawl#primaryimage"},"thumbnailUrl":"https:\/\/epood.saara.ee\/wp-content\/uploads\/2020\/06\/Chequered.jpg","datePublished":"2020-06-02T07:34:14+00:00","dateModified":"2024-08-07T22:35:02+00:00","description":"Chequered shawl","breadcrumb":{"@id":"https:\/\/epood.saara.ee\/en\/pood\/chequered-shawl#breadcrumb"},"inLanguage":"en-US","potentialAction":[{"@type":"ReadAction","target":["https:\/\/epood.saara.ee\/en\/pood\/chequered-shawl"]}]},{"@type":"ImageObject","inLanguage":"en-US","@id":"https:\/\/epood.saara.ee\/en\/pood\/chequered-shawl#primaryimage","url":"https:\/\/epood.saara.ee\/wp-content\/uploads\/2020\/06\/Chequered.jpg","contentUrl":"https:\/\/epood.saara.ee\/wp-content\/uploads\/2020\/06\/Chequered.jpg","width":600,"height":600,"caption":"Chequered shawl"},{"@type":"BreadcrumbList","@id":"https:\/\/epood.saara.ee\/en\/pood\/chequered-shawl#breadcrumb","itemListElement":[{"@type":"ListItem","position":1,"name":"Home","item":"https:\/\/epood.saara.ee\/en"},{"@type":"ListItem","position":2,"name":"Shop","item":"https:\/\/epood.saara.ee\/en\/shop"},{"@type":"ListItem","position":3,"name":"Chequered shawl"}]},{"@type":"WebSite","@id":"https:\/\/epood.saara.ee\/#website","url":"https:\/\/epood.saara.ee\/","name":"Saara Kirjastus","description":"Kujundusteenused, raamatud, k&auml;sit&ouml;&ouml;","publisher":{"@id":"https:\/\/epood.saara.ee\/#organization"},"potentialAction":[{"@type":"SearchAction","target":{"@type":"EntryPoint","urlTemplate":"https:\/\/epood.saara.ee\/?s={search_term_string}"},"query-input":{"@type":"PropertyValueSpecification","valueRequired":true,"valueName":"search_term_string"}}],"inLanguage":"en-US"},{"@type":"Organization","@id":"https:\/\/epood.saara.ee\/#organization","name":"Saarakiri O\u00dc","url":"https:\/\/epood.saara.ee\/","logo":{"@type":"ImageObject","inLanguage":"en-US","@id":"https:\/\/epood.saara.ee\/#\/schema\/logo\/image\/","url":"https:\/\/epood.saara.ee\/wp-content\/uploads\/2015\/03\/saara_mv_R.png","contentUrl":"https:\/\/epood.saara.ee\/wp-content\/uploads\/2015\/03\/saara_mv_R.png","width":649,"height":226,"caption":"Saarakiri O\u00dc"},"image":{"@id":"https:\/\/epood.saara.ee\/#\/schema\/logo\/image\/"},"sameAs":["https:\/\/www.facebook.com\/Saara-Kirjastus"]}]}},"_links":{"self":[{"href":"https:\/\/epood.saara.ee\/en\/wp-json\/wp\/v2\/product\/32493","targetHints":{"allow":["GET"]}}],"collection":[{"href":"https:\/\/epood.saara.ee\/en\/wp-json\/wp\/v2\/product"}],"about":[{"href":"https:\/\/epood.saara.ee\/en\/wp-json\/wp\/v2\/types\/product"}],"wp:featuredmedia":[{"embeddable":true,"href":"https:\/\/epood.saara.ee\/en\/wp-json\/wp\/v2\/media\/32496"}],"wp:attachment":[{"href":"https:\/\/epood.saara.ee\/en\/wp-json\/wp\/v2\/media?parent=32493"}],"wp:term":[{"taxonomy":"product_brand","embeddable":true,"href":"https:\/\/epood.saara.ee\/en\/wp-json\/wp\/v2\/product_brand?post=32493"},{"taxonomy":"product_cat","embeddable":true,"href":"https:\/\/epood.saara.ee\/en\/wp-json\/wp\/v2\/product_cat?post=32493"},{"taxonomy":"product_tag","embeddable":true,"href":"https:\/\/epood.saara.ee\/en\/wp-json\/wp\/v2\/product_tag?post=32493"}],"curies":[{"name":"wp","href":"https:\/\/api.w.org\/{rel}","templated":true}]}}