{"id":27294,"date":"2019-09-03T12:16:07","date_gmt":"2019-09-03T09:16:07","guid":{"rendered":"https:\/\/epood.saara.ee\/pood\/craft-notebook"},"modified":"2025-11-11T22:05:39","modified_gmt":"2025-11-11T20:05:39","slug":"craft-notebook","status":"publish","type":"product","link":"https:\/\/epood.saara.ee\/en\/pood\/craft-notebook","title":{"rendered":"Craft-notebook"},"content":{"rendered":"<div class=\"text-wrap tlid-copy-target\">\n<div class=\"result-shield-container tlid-copy-target\" tabindex=\"0\"><span class=\"tlid-translation translation\" lang=\"en\"><span class=\"\" title=\"\">A 64-page notebook of crafts and home care lessons, with different pages and important information, tables and signs.<\/span><\/p>\n<p>*<span title=\"\">27 standard squared pages for writing;<\/span><br \/>\n* <span title=\"\">6 pages with small squares for drawing patterns;<\/span><br \/>\n*<span class=\"\" title=\"\">6 white pages for sketching;<\/span><br \/>\n*<span title=\"\">2 pages for shopping bag design;<\/span><br \/>\n*<span title=\"\">1 page for designing socks;<\/span><br \/>\n*<span title=\"\">1 page for glove design;<\/span><br \/>\n*<span title=\"\">10 pages for designing modles;<\/span><br \/>\n*<span title=\"\">8 pages for writing recipes;<\/span><br \/>\n<span title=\"\">*Knitting and crocheting symbols;<\/span><br \/>\n*<span title=\"\">Measurements, size number tables;<\/span><br \/>\n*<span title=\"\">Embroidery stitches;<\/span><br \/>\n<span title=\"\">*Symbols on yarn;<\/span><br \/>\n*<span title=\"\">Care signs;<\/span><br \/>\n<span title=\"\">*Table of weight and volume of food;<\/span><br \/>\n<span title=\"\">*Units of weight and volume.<\/span><\/span><\/div>\n<\/div>\n<div class=\"tlid-result-transliteration-container result-transliteration-container transliteration-container\">\n<div class=\"tlid-transliteration-content transliteration-content full\"><\/div>\n<\/div>\n","protected":false},"excerpt":{"rendered":"<p>Size: 20,5 x 16,5 cm<\/p>\n<p>64 pages<\/p>\n<p>saddle-stitched paperback<\/p>\n","protected":false},"featured_media":27118,"template":"","meta":[],"product_brand":[],"product_cat":[363],"product_tag":[],"class_list":{"0":"post-27294","1":"product","2":"type-product","3":"status-publish","4":"has-post-thumbnail","6":"product_cat-post-cards","8":"first","9":"instock","10":"shipping-taxable","11":"purchasable","12":"product-type-simple"},"yoast_head":"<!-- This site is optimized with the Yoast SEO plugin v27.3 - https:\/\/yoast.com\/product\/yoast-seo-wordpress\/ -->\n<title>Craft-notebook - Saara Kirjastus<\/title>\n<meta name=\"robots\" content=\"index, follow, max-snippet:-1, max-image-preview:large, max-video-preview:-1\" \/>\n<link rel=\"canonical\" href=\"https:\/\/epood.saara.ee\/pood\/kasitoo-ja-kodunduse-kaustik\" \/>\n<meta property=\"og:locale\" content=\"en_US\" \/>\n<meta property=\"og:type\" content=\"article\" \/>\n<meta property=\"og:title\" content=\"Craft-notebook - Saara Kirjastus\" \/>\n<meta property=\"og:description\" content=\"Size: 20,5 x 16,5 cm  64 pages  saddle-stitched paperback\" \/>\n<meta property=\"og:url\" content=\"https:\/\/epood.saara.ee\/pood\/kasitoo-ja-kodunduse-kaustik\" \/>\n<meta property=\"og:site_name\" content=\"Saara Kirjastus\" \/>\n<meta property=\"article:publisher\" content=\"https:\/\/www.facebook.com\/Saara-Kirjastus\" \/>\n<meta property=\"article:modified_time\" content=\"2025-11-11T20:05:39+00:00\" \/>\n<meta property=\"og:image\" content=\"https:\/\/epood.saara.ee\/wp-content\/uploads\/2019\/09\/k\u00e4sit\u00f6\u00f6-kaustik.jpg\" \/>\n\t<meta property=\"og:image:width\" content=\"600\" \/>\n\t<meta property=\"og:image:height\" content=\"600\" \/>\n\t<meta property=\"og:image:type\" content=\"image\/jpeg\" \/>\n<script type=\"application\/ld+json\" class=\"yoast-schema-graph\">{\"@context\":\"https:\\\/\\\/schema.org\",\"@graph\":[{\"@type\":\"WebPage\",\"@id\":\"https:\\\/\\\/epood.saara.ee\\\/pood\\\/kasitoo-ja-kodunduse-kaustik\",\"url\":\"https:\\\/\\\/epood.saara.ee\\\/pood\\\/kasitoo-ja-kodunduse-kaustik\",\"name\":\"Craft-notebook - Saara Kirjastus\",\"isPartOf\":{\"@id\":\"https:\\\/\\\/epood.saara.ee\\\/#website\"},\"primaryImageOfPage\":{\"@id\":\"https:\\\/\\\/epood.saara.ee\\\/pood\\\/kasitoo-ja-kodunduse-kaustik#primaryimage\"},\"image\":{\"@id\":\"https:\\\/\\\/epood.saara.ee\\\/pood\\\/kasitoo-ja-kodunduse-kaustik#primaryimage\"},\"thumbnailUrl\":\"https:\\\/\\\/epood.saara.ee\\\/wp-content\\\/uploads\\\/2019\\\/09\\\/k\u00e4sit\u00f6\u00f6-kaustik.jpg\",\"datePublished\":\"2019-09-03T09:16:07+00:00\",\"dateModified\":\"2025-11-11T20:05:39+00:00\",\"breadcrumb\":{\"@id\":\"https:\\\/\\\/epood.saara.ee\\\/pood\\\/kasitoo-ja-kodunduse-kaustik#breadcrumb\"},\"inLanguage\":\"en-US\",\"potentialAction\":[{\"@type\":\"ReadAction\",\"target\":[\"https:\\\/\\\/epood.saara.ee\\\/pood\\\/kasitoo-ja-kodunduse-kaustik\"]}]},{\"@type\":\"ImageObject\",\"inLanguage\":\"en-US\",\"@id\":\"https:\\\/\\\/epood.saara.ee\\\/pood\\\/kasitoo-ja-kodunduse-kaustik#primaryimage\",\"url\":\"https:\\\/\\\/epood.saara.ee\\\/wp-content\\\/uploads\\\/2019\\\/09\\\/k\u00e4sit\u00f6\u00f6-kaustik.jpg\",\"contentUrl\":\"https:\\\/\\\/epood.saara.ee\\\/wp-content\\\/uploads\\\/2019\\\/09\\\/k\u00e4sit\u00f6\u00f6-kaustik.jpg\",\"width\":600,\"height\":600,\"caption\":\"Craft-notebook\"},{\"@type\":\"BreadcrumbList\",\"@id\":\"https:\\\/\\\/epood.saara.ee\\\/pood\\\/kasitoo-ja-kodunduse-kaustik#breadcrumb\",\"itemListElement\":[{\"@type\":\"ListItem\",\"position\":1,\"name\":\"Home\",\"item\":\"https:\\\/\\\/epood.saara.ee\\\/en\"},{\"@type\":\"ListItem\",\"position\":2,\"name\":\"Shop\",\"item\":\"https:\\\/\\\/epood.saara.ee\\\/en\\\/shop\"},{\"@type\":\"ListItem\",\"position\":3,\"name\":\"Craft-notebook\"}]},{\"@type\":\"WebSite\",\"@id\":\"https:\\\/\\\/epood.saara.ee\\\/#website\",\"url\":\"https:\\\/\\\/epood.saara.ee\\\/\",\"name\":\"Saara Kirjastus\",\"description\":\"Kujundusteenused, raamatud, k&auml;sit&ouml;&ouml;\",\"publisher\":{\"@id\":\"https:\\\/\\\/epood.saara.ee\\\/#organization\"},\"potentialAction\":[{\"@type\":\"SearchAction\",\"target\":{\"@type\":\"EntryPoint\",\"urlTemplate\":\"https:\\\/\\\/epood.saara.ee\\\/?s={search_term_string}\"},\"query-input\":{\"@type\":\"PropertyValueSpecification\",\"valueRequired\":true,\"valueName\":\"search_term_string\"}}],\"inLanguage\":\"en-US\"},{\"@type\":\"Organization\",\"@id\":\"https:\\\/\\\/epood.saara.ee\\\/#organization\",\"name\":\"Saarakiri O\u00dc\",\"url\":\"https:\\\/\\\/epood.saara.ee\\\/\",\"logo\":{\"@type\":\"ImageObject\",\"inLanguage\":\"en-US\",\"@id\":\"https:\\\/\\\/epood.saara.ee\\\/#\\\/schema\\\/logo\\\/image\\\/\",\"url\":\"https:\\\/\\\/epood.saara.ee\\\/wp-content\\\/uploads\\\/2015\\\/03\\\/saara_mv_R.png\",\"contentUrl\":\"https:\\\/\\\/epood.saara.ee\\\/wp-content\\\/uploads\\\/2015\\\/03\\\/saara_mv_R.png\",\"width\":649,\"height\":226,\"caption\":\"Saarakiri O\u00dc\"},\"image\":{\"@id\":\"https:\\\/\\\/epood.saara.ee\\\/#\\\/schema\\\/logo\\\/image\\\/\"},\"sameAs\":[\"https:\\\/\\\/www.facebook.com\\\/Saara-Kirjastus\"]}]}<\/script>\n<!-- \/ Yoast SEO plugin. -->","yoast_head_json":{"title":"Craft-notebook - Saara Kirjastus","robots":{"index":"index","follow":"follow","max-snippet":"max-snippet:-1","max-image-preview":"max-image-preview:large","max-video-preview":"max-video-preview:-1"},"canonical":"https:\/\/epood.saara.ee\/pood\/kasitoo-ja-kodunduse-kaustik","og_locale":"en_US","og_type":"article","og_title":"Craft-notebook - Saara Kirjastus","og_description":"Size: 20,5 x 16,5 cm  64 pages  saddle-stitched paperback","og_url":"https:\/\/epood.saara.ee\/pood\/kasitoo-ja-kodunduse-kaustik","og_site_name":"Saara Kirjastus","article_publisher":"https:\/\/www.facebook.com\/Saara-Kirjastus","article_modified_time":"2025-11-11T20:05:39+00:00","og_image":[{"width":600,"height":600,"url":"https:\/\/epood.saara.ee\/wp-content\/uploads\/2019\/09\/k\u00e4sit\u00f6\u00f6-kaustik.jpg","type":"image\/jpeg"}],"schema":{"@context":"https:\/\/schema.org","@graph":[{"@type":"WebPage","@id":"https:\/\/epood.saara.ee\/pood\/kasitoo-ja-kodunduse-kaustik","url":"https:\/\/epood.saara.ee\/pood\/kasitoo-ja-kodunduse-kaustik","name":"Craft-notebook - Saara Kirjastus","isPartOf":{"@id":"https:\/\/epood.saara.ee\/#website"},"primaryImageOfPage":{"@id":"https:\/\/epood.saara.ee\/pood\/kasitoo-ja-kodunduse-kaustik#primaryimage"},"image":{"@id":"https:\/\/epood.saara.ee\/pood\/kasitoo-ja-kodunduse-kaustik#primaryimage"},"thumbnailUrl":"https:\/\/epood.saara.ee\/wp-content\/uploads\/2019\/09\/k\u00e4sit\u00f6\u00f6-kaustik.jpg","datePublished":"2019-09-03T09:16:07+00:00","dateModified":"2025-11-11T20:05:39+00:00","breadcrumb":{"@id":"https:\/\/epood.saara.ee\/pood\/kasitoo-ja-kodunduse-kaustik#breadcrumb"},"inLanguage":"en-US","potentialAction":[{"@type":"ReadAction","target":["https:\/\/epood.saara.ee\/pood\/kasitoo-ja-kodunduse-kaustik"]}]},{"@type":"ImageObject","inLanguage":"en-US","@id":"https:\/\/epood.saara.ee\/pood\/kasitoo-ja-kodunduse-kaustik#primaryimage","url":"https:\/\/epood.saara.ee\/wp-content\/uploads\/2019\/09\/k\u00e4sit\u00f6\u00f6-kaustik.jpg","contentUrl":"https:\/\/epood.saara.ee\/wp-content\/uploads\/2019\/09\/k\u00e4sit\u00f6\u00f6-kaustik.jpg","width":600,"height":600,"caption":"Craft-notebook"},{"@type":"BreadcrumbList","@id":"https:\/\/epood.saara.ee\/pood\/kasitoo-ja-kodunduse-kaustik#breadcrumb","itemListElement":[{"@type":"ListItem","position":1,"name":"Home","item":"https:\/\/epood.saara.ee\/en"},{"@type":"ListItem","position":2,"name":"Shop","item":"https:\/\/epood.saara.ee\/en\/shop"},{"@type":"ListItem","position":3,"name":"Craft-notebook"}]},{"@type":"WebSite","@id":"https:\/\/epood.saara.ee\/#website","url":"https:\/\/epood.saara.ee\/","name":"Saara Kirjastus","description":"Kujundusteenused, raamatud, k&auml;sit&ouml;&ouml;","publisher":{"@id":"https:\/\/epood.saara.ee\/#organization"},"potentialAction":[{"@type":"SearchAction","target":{"@type":"EntryPoint","urlTemplate":"https:\/\/epood.saara.ee\/?s={search_term_string}"},"query-input":{"@type":"PropertyValueSpecification","valueRequired":true,"valueName":"search_term_string"}}],"inLanguage":"en-US"},{"@type":"Organization","@id":"https:\/\/epood.saara.ee\/#organization","name":"Saarakiri O\u00dc","url":"https:\/\/epood.saara.ee\/","logo":{"@type":"ImageObject","inLanguage":"en-US","@id":"https:\/\/epood.saara.ee\/#\/schema\/logo\/image\/","url":"https:\/\/epood.saara.ee\/wp-content\/uploads\/2015\/03\/saara_mv_R.png","contentUrl":"https:\/\/epood.saara.ee\/wp-content\/uploads\/2015\/03\/saara_mv_R.png","width":649,"height":226,"caption":"Saarakiri O\u00dc"},"image":{"@id":"https:\/\/epood.saara.ee\/#\/schema\/logo\/image\/"},"sameAs":["https:\/\/www.facebook.com\/Saara-Kirjastus"]}]}},"_links":{"self":[{"href":"https:\/\/epood.saara.ee\/en\/wp-json\/wp\/v2\/product\/27294","targetHints":{"allow":["GET"]}}],"collection":[{"href":"https:\/\/epood.saara.ee\/en\/wp-json\/wp\/v2\/product"}],"about":[{"href":"https:\/\/epood.saara.ee\/en\/wp-json\/wp\/v2\/types\/product"}],"wp:featuredmedia":[{"embeddable":true,"href":"https:\/\/epood.saara.ee\/en\/wp-json\/wp\/v2\/media\/27118"}],"wp:attachment":[{"href":"https:\/\/epood.saara.ee\/en\/wp-json\/wp\/v2\/media?parent=27294"}],"wp:term":[{"taxonomy":"product_brand","embeddable":true,"href":"https:\/\/epood.saara.ee\/en\/wp-json\/wp\/v2\/product_brand?post=27294"},{"taxonomy":"product_cat","embeddable":true,"href":"https:\/\/epood.saara.ee\/en\/wp-json\/wp\/v2\/product_cat?post=27294"},{"taxonomy":"product_tag","embeddable":true,"href":"https:\/\/epood.saara.ee\/en\/wp-json\/wp\/v2\/product_tag?post=27294"}],"curies":[{"name":"wp","href":"https:\/\/api.w.org\/{rel}","templated":true}]}}