{"id":24028,"date":"2019-05-13T09:15:54","date_gmt":"2019-05-13T06:15:55","guid":{"rendered":"https:\/\/epood.saara.ee\/?post_type=product&#038;p=24028"},"modified":"2020-02-14T16:48:08","modified_gmt":"2020-02-14T14:48:08","slug":"great-patterns-of-a-small-town","status":"publish","type":"product","link":"https:\/\/epood.saara.ee\/en\/pood\/great-patterns-of-a-small-town","title":{"rendered":"V\u00e4ikese linna suured mustrid (Great Patterns of a Small Town)"},"content":{"rendered":"<h2>Raamat Paide ajaloolistest interj\u00f6\u00f6ridest &#8220;V\u00e4ikese linna suured mustrid&#8221;.<\/h2>\n<p>Paide linnakodu interj\u00f6\u00f6ri ajalugu on \u00fchtlasi tapeediajalugu &#8211; lummavaid mustreid on Paide vanadest majadest p\u00e4evavalgele tulnud lugematul hulgal, millest paremik on koondatud v\u00e4rskelt valminud raamatu kaante vahele. P\u00e4rast selle meelik\u00f6itva kollektsiooniga tutvumist ei paista \u00fckski vana foto enam must-valgena. Ajaloolised interj\u00f6\u00f6rid jutustavad selles raamatus k\u00f6itva loo, mille peategelasteks on mustrid.<\/p>\n<p>Raamatu n\u00e4ol on tegemist tapeediaabitsaga, kust lisaks mustritele ja ajaloolistele interj\u00f6\u00f6rifotodele leiab \u00fclevaate tapeediajaloost. Lisaks on juttu Eesti tapeeditootmise ajaloost ning v\u00e4ikelinna kaupmeestest, kes kohalikku rahvast selle nii levinud tarbekaubaga varustasid. Tapeedimustrid on dateeritud &#8211; analoogiatele, stiilikriitikale ning leiukontekstile tuginedes k\u00fcmnenditesse jaotatud, mis v\u00f5imaldab tr\u00fckist kasutada abivahendina nii interj\u00f6\u00f6ride kujundamisel kui ka uurimisel.<\/p>\n<p>Lisaks rikkalikele ajaloolistele tapeedileidudele on Paide interj\u00f6\u00f6ride mustrite maailma kaaluka ja oman\u00e4olise panuse andnud August Roosileht, kelle looming on v\u00e4rvikaks laiguks meie interj\u00f6\u00f6riajaloos. Eksib see, kes arvab, et v\u00e4ikese provintsilinna kodud on olnud k\u00f5ik tagasihoidlikud v\u00f5i vanamoodsad. Kaugeltki mitte! Raamat pakub \u00fclevaate August Roosilehe kujundatud sisustuselementidest, mis lausa vastanduvad vanamoodsale ja traditsioonilisele.<\/p>\n<div  class='av-social-sharing-box av-kel4pn-85144f59515b9adb6f09944fd53e7ae6 av-social-sharing-box-default  avia-builder-el-0  avia-builder-el-no-sibling  av-social-sharing-box-fullwidth'><div class=\"av-share-box\"><h5 class='av-share-link-description av-no-toc '>Jaga postitust<\/h5><ul class=\"av-share-box-list noLightbox\"><li class='av-share-link av-social-link-facebook' ><a target=\"_blank\" aria-label=\"Share on Facebook\" href='https:\/\/www.facebook.com\/sharer.php?u=https:\/\/epood.saara.ee\/en\/pood\/great-patterns-of-a-small-town&#038;t=V%C3%A4ikese%20linna%20suured%20mustrid%20%28Great%20Patterns%20of%20a%20Small%20Town%29' aria-hidden='false' data-av_icon='\ue8f3' data-av_iconfont='entypo-fontello' title='' data-avia-related-tooltip='Share on Facebook' rel=\"noopener\"><span class='avia_hidden_link_text'>Share on Facebook<\/span><\/a><\/li><li class='av-share-link av-social-link-whatsapp' ><a target=\"_blank\" aria-label=\"Share on WhatsApp\" href='https:\/\/api.whatsapp.com\/send?text=https:\/\/epood.saara.ee\/en\/pood\/great-patterns-of-a-small-town' aria-hidden='false' data-av_icon='\uf232' data-av_iconfont='entypo-fontello' title='' data-avia-related-tooltip='Share on WhatsApp' rel=\"noopener\"><span class='avia_hidden_link_text'>Share on WhatsApp<\/span><\/a><\/li><li class='av-share-link av-social-link-mail' ><a  aria-label=\"Share by Mail\" href='mailto:?subject=V%C3%A4ikese%20linna%20suured%20mustrid%20%28Great%20Patterns%20of%20a%20Small%20Town%29&#038;body=https:\/\/epood.saara.ee\/en\/pood\/great-patterns-of-a-small-town' aria-hidden='false' data-av_icon='\ue805' data-av_iconfont='entypo-fontello' title='' data-avia-related-tooltip='Share by Mail'><span class='avia_hidden_link_text'>Share by Mail<\/span><\/a><\/li><\/ul><\/div><\/div>\n","protected":false},"excerpt":{"rendered":"<p>Author: Karen Klandorf, Kristiina Ribelus, Viljar Vissel<\/p>\n<p>In Estonian<\/p>\n<p>Size 24 x 32 cm<\/p>\n<p>156 pages<\/p>\n<p>Hard cover<\/p>\n<p>&nbsp;<\/p>\n","protected":false},"featured_media":24030,"template":"","meta":[],"product_brand":[],"product_cat":[168,270],"product_tag":[],"class_list":{"0":"post-24028","1":"product","2":"type-product","3":"status-publish","4":"has-post-thumbnail","6":"product_cat-books-en","7":"product_cat-kinkeraamatud-en","9":"first","10":"outofstock","11":"shipping-taxable","12":"purchasable","13":"product-type-simple"},"yoast_head":"<!-- This site is optimized with the Yoast SEO plugin v27.3 - https:\/\/yoast.com\/product\/yoast-seo-wordpress\/ -->\n<title>V\u00e4ikese linna suured mustrid (Great Patterns of a Small Town) - Saara Kirjastus<\/title>\n<meta name=\"description\" content=\"The book contains a comperhensive selection of historical wallpapers of old houses in Paide that awere found during interior research. The material found in Paide is very plentiful- wallpapers have been preserved on the walls of several houses for 100 years or more. There has been little research on wallpapers in Estonia and little is known about the historical interiors of small towns. Therefore, the pattern album and pioneering wallpaper ABC book were born mainly based on the materials found here, in the heart of Estonia-Paide. Based on colourful patterns and hiostorical photos, it is possible to get a more comprehensive overview of the whole interior and living conditions in small towns at the end of 19th century up to World War II.\" \/>\n<meta name=\"robots\" content=\"index, follow, max-snippet:-1, max-image-preview:large, max-video-preview:-1\" \/>\n<link rel=\"canonical\" href=\"https:\/\/epood.saara.ee\/en\/pood\/great-patterns-of-a-small-town\" \/>\n<meta property=\"og:locale\" content=\"en_US\" \/>\n<meta property=\"og:type\" content=\"article\" \/>\n<meta property=\"og:title\" content=\"V\u00e4ikese linna suured mustrid (Great Patterns of a Small Town) - Saara Kirjastus\" \/>\n<meta property=\"og:description\" content=\"The book contains a comperhensive selection of historical wallpapers of old houses in Paide that awere found during interior research. The material found in Paide is very plentiful- wallpapers have been preserved on the walls of several houses for 100 years or more. There has been little research on wallpapers in Estonia and little is known about the historical interiors of small towns. Therefore, the pattern album and pioneering wallpaper ABC book were born mainly based on the materials found here, in the heart of Estonia-Paide. Based on colourful patterns and hiostorical photos, it is possible to get a more comprehensive overview of the whole interior and living conditions in small towns at the end of 19th century up to World War II.\" \/>\n<meta property=\"og:url\" content=\"https:\/\/epood.saara.ee\/en\/pood\/great-patterns-of-a-small-town\" \/>\n<meta property=\"og:site_name\" content=\"Saara Kirjastus\" \/>\n<meta property=\"article:publisher\" content=\"https:\/\/www.facebook.com\/Saara-Kirjastus\" \/>\n<meta property=\"article:modified_time\" content=\"2020-02-14T14:48:08+00:00\" \/>\n<meta property=\"og:image\" content=\"https:\/\/epood.saara.ee\/wp-content\/uploads\/2019\/05\/V\u00e4ikese-linna-suured-mustrid.png\" \/>\n\t<meta property=\"og:image:width\" content=\"600\" \/>\n\t<meta property=\"og:image:height\" content=\"600\" \/>\n\t<meta property=\"og:image:type\" content=\"image\/png\" \/>\n<meta name=\"twitter:label1\" content=\"Est. reading time\" \/>\n\t<meta name=\"twitter:data1\" content=\"1 minute\" \/>\n<script type=\"application\/ld+json\" class=\"yoast-schema-graph\">{\"@context\":\"https:\\\/\\\/schema.org\",\"@graph\":[{\"@type\":\"WebPage\",\"@id\":\"https:\\\/\\\/epood.saara.ee\\\/en\\\/pood\\\/great-patterns-of-a-small-town\",\"url\":\"https:\\\/\\\/epood.saara.ee\\\/en\\\/pood\\\/great-patterns-of-a-small-town\",\"name\":\"V\u00e4ikese linna suured mustrid (Great Patterns of a Small Town) - Saara Kirjastus\",\"isPartOf\":{\"@id\":\"https:\\\/\\\/epood.saara.ee\\\/#website\"},\"primaryImageOfPage\":{\"@id\":\"https:\\\/\\\/epood.saara.ee\\\/en\\\/pood\\\/great-patterns-of-a-small-town#primaryimage\"},\"image\":{\"@id\":\"https:\\\/\\\/epood.saara.ee\\\/en\\\/pood\\\/great-patterns-of-a-small-town#primaryimage\"},\"thumbnailUrl\":\"https:\\\/\\\/epood.saara.ee\\\/wp-content\\\/uploads\\\/2019\\\/05\\\/V\u00e4ikese-linna-suured-mustrid.png\",\"datePublished\":\"2019-05-13T06:15:55+00:00\",\"dateModified\":\"2020-02-14T14:48:08+00:00\",\"description\":\"The book contains a comperhensive selection of historical wallpapers of old houses in Paide that awere found during interior research. The material found in Paide is very plentiful- wallpapers have been preserved on the walls of several houses for 100 years or more. There has been little research on wallpapers in Estonia and little is known about the historical interiors of small towns. Therefore, the pattern album and pioneering wallpaper ABC book were born mainly based on the materials found here, in the heart of Estonia-Paide. Based on colourful patterns and hiostorical photos, it is possible to get a more comprehensive overview of the whole interior and living conditions in small towns at the end of 19th century up to World War II.\",\"breadcrumb\":{\"@id\":\"https:\\\/\\\/epood.saara.ee\\\/en\\\/pood\\\/great-patterns-of-a-small-town#breadcrumb\"},\"inLanguage\":\"en-US\",\"potentialAction\":[{\"@type\":\"ReadAction\",\"target\":[\"https:\\\/\\\/epood.saara.ee\\\/en\\\/pood\\\/great-patterns-of-a-small-town\"]}]},{\"@type\":\"ImageObject\",\"inLanguage\":\"en-US\",\"@id\":\"https:\\\/\\\/epood.saara.ee\\\/en\\\/pood\\\/great-patterns-of-a-small-town#primaryimage\",\"url\":\"https:\\\/\\\/epood.saara.ee\\\/wp-content\\\/uploads\\\/2019\\\/05\\\/V\u00e4ikese-linna-suured-mustrid.png\",\"contentUrl\":\"https:\\\/\\\/epood.saara.ee\\\/wp-content\\\/uploads\\\/2019\\\/05\\\/V\u00e4ikese-linna-suured-mustrid.png\",\"width\":600,\"height\":600,\"caption\":\"Great Patterns of a Small Town\"},{\"@type\":\"BreadcrumbList\",\"@id\":\"https:\\\/\\\/epood.saara.ee\\\/en\\\/pood\\\/great-patterns-of-a-small-town#breadcrumb\",\"itemListElement\":[{\"@type\":\"ListItem\",\"position\":1,\"name\":\"Home\",\"item\":\"https:\\\/\\\/epood.saara.ee\\\/en\"},{\"@type\":\"ListItem\",\"position\":2,\"name\":\"Shop\",\"item\":\"https:\\\/\\\/epood.saara.ee\\\/en\\\/shop\"},{\"@type\":\"ListItem\",\"position\":3,\"name\":\"V\u00e4ikese linna suured mustrid (Great Patterns of a Small Town)\"}]},{\"@type\":\"WebSite\",\"@id\":\"https:\\\/\\\/epood.saara.ee\\\/#website\",\"url\":\"https:\\\/\\\/epood.saara.ee\\\/\",\"name\":\"Saara Kirjastus\",\"description\":\"Kujundusteenused, raamatud, k&auml;sit&ouml;&ouml;\",\"publisher\":{\"@id\":\"https:\\\/\\\/epood.saara.ee\\\/#organization\"},\"potentialAction\":[{\"@type\":\"SearchAction\",\"target\":{\"@type\":\"EntryPoint\",\"urlTemplate\":\"https:\\\/\\\/epood.saara.ee\\\/?s={search_term_string}\"},\"query-input\":{\"@type\":\"PropertyValueSpecification\",\"valueRequired\":true,\"valueName\":\"search_term_string\"}}],\"inLanguage\":\"en-US\"},{\"@type\":\"Organization\",\"@id\":\"https:\\\/\\\/epood.saara.ee\\\/#organization\",\"name\":\"Saarakiri O\u00dc\",\"url\":\"https:\\\/\\\/epood.saara.ee\\\/\",\"logo\":{\"@type\":\"ImageObject\",\"inLanguage\":\"en-US\",\"@id\":\"https:\\\/\\\/epood.saara.ee\\\/#\\\/schema\\\/logo\\\/image\\\/\",\"url\":\"https:\\\/\\\/epood.saara.ee\\\/wp-content\\\/uploads\\\/2015\\\/03\\\/saara_mv_R.png\",\"contentUrl\":\"https:\\\/\\\/epood.saara.ee\\\/wp-content\\\/uploads\\\/2015\\\/03\\\/saara_mv_R.png\",\"width\":649,\"height\":226,\"caption\":\"Saarakiri O\u00dc\"},\"image\":{\"@id\":\"https:\\\/\\\/epood.saara.ee\\\/#\\\/schema\\\/logo\\\/image\\\/\"},\"sameAs\":[\"https:\\\/\\\/www.facebook.com\\\/Saara-Kirjastus\"]}]}<\/script>\n<!-- \/ Yoast SEO plugin. -->","yoast_head_json":{"title":"V\u00e4ikese linna suured mustrid (Great Patterns of a Small Town) - Saara Kirjastus","description":"The book contains a comperhensive selection of historical wallpapers of old houses in Paide that awere found during interior research. The material found in Paide is very plentiful- wallpapers have been preserved on the walls of several houses for 100 years or more. There has been little research on wallpapers in Estonia and little is known about the historical interiors of small towns. Therefore, the pattern album and pioneering wallpaper ABC book were born mainly based on the materials found here, in the heart of Estonia-Paide. Based on colourful patterns and hiostorical photos, it is possible to get a more comprehensive overview of the whole interior and living conditions in small towns at the end of 19th century up to World War II.","robots":{"index":"index","follow":"follow","max-snippet":"max-snippet:-1","max-image-preview":"max-image-preview:large","max-video-preview":"max-video-preview:-1"},"canonical":"https:\/\/epood.saara.ee\/en\/pood\/great-patterns-of-a-small-town","og_locale":"en_US","og_type":"article","og_title":"V\u00e4ikese linna suured mustrid (Great Patterns of a Small Town) - Saara Kirjastus","og_description":"The book contains a comperhensive selection of historical wallpapers of old houses in Paide that awere found during interior research. The material found in Paide is very plentiful- wallpapers have been preserved on the walls of several houses for 100 years or more. There has been little research on wallpapers in Estonia and little is known about the historical interiors of small towns. Therefore, the pattern album and pioneering wallpaper ABC book were born mainly based on the materials found here, in the heart of Estonia-Paide. Based on colourful patterns and hiostorical photos, it is possible to get a more comprehensive overview of the whole interior and living conditions in small towns at the end of 19th century up to World War II.","og_url":"https:\/\/epood.saara.ee\/en\/pood\/great-patterns-of-a-small-town","og_site_name":"Saara Kirjastus","article_publisher":"https:\/\/www.facebook.com\/Saara-Kirjastus","article_modified_time":"2020-02-14T14:48:08+00:00","og_image":[{"width":600,"height":600,"url":"https:\/\/epood.saara.ee\/wp-content\/uploads\/2019\/05\/V\u00e4ikese-linna-suured-mustrid.png","type":"image\/png"}],"twitter_misc":{"Est. reading time":"1 minute"},"schema":{"@context":"https:\/\/schema.org","@graph":[{"@type":"WebPage","@id":"https:\/\/epood.saara.ee\/en\/pood\/great-patterns-of-a-small-town","url":"https:\/\/epood.saara.ee\/en\/pood\/great-patterns-of-a-small-town","name":"V\u00e4ikese linna suured mustrid (Great Patterns of a Small Town) - Saara Kirjastus","isPartOf":{"@id":"https:\/\/epood.saara.ee\/#website"},"primaryImageOfPage":{"@id":"https:\/\/epood.saara.ee\/en\/pood\/great-patterns-of-a-small-town#primaryimage"},"image":{"@id":"https:\/\/epood.saara.ee\/en\/pood\/great-patterns-of-a-small-town#primaryimage"},"thumbnailUrl":"https:\/\/epood.saara.ee\/wp-content\/uploads\/2019\/05\/V\u00e4ikese-linna-suured-mustrid.png","datePublished":"2019-05-13T06:15:55+00:00","dateModified":"2020-02-14T14:48:08+00:00","description":"The book contains a comperhensive selection of historical wallpapers of old houses in Paide that awere found during interior research. The material found in Paide is very plentiful- wallpapers have been preserved on the walls of several houses for 100 years or more. There has been little research on wallpapers in Estonia and little is known about the historical interiors of small towns. Therefore, the pattern album and pioneering wallpaper ABC book were born mainly based on the materials found here, in the heart of Estonia-Paide. Based on colourful patterns and hiostorical photos, it is possible to get a more comprehensive overview of the whole interior and living conditions in small towns at the end of 19th century up to World War II.","breadcrumb":{"@id":"https:\/\/epood.saara.ee\/en\/pood\/great-patterns-of-a-small-town#breadcrumb"},"inLanguage":"en-US","potentialAction":[{"@type":"ReadAction","target":["https:\/\/epood.saara.ee\/en\/pood\/great-patterns-of-a-small-town"]}]},{"@type":"ImageObject","inLanguage":"en-US","@id":"https:\/\/epood.saara.ee\/en\/pood\/great-patterns-of-a-small-town#primaryimage","url":"https:\/\/epood.saara.ee\/wp-content\/uploads\/2019\/05\/V\u00e4ikese-linna-suured-mustrid.png","contentUrl":"https:\/\/epood.saara.ee\/wp-content\/uploads\/2019\/05\/V\u00e4ikese-linna-suured-mustrid.png","width":600,"height":600,"caption":"Great Patterns of a Small Town"},{"@type":"BreadcrumbList","@id":"https:\/\/epood.saara.ee\/en\/pood\/great-patterns-of-a-small-town#breadcrumb","itemListElement":[{"@type":"ListItem","position":1,"name":"Home","item":"https:\/\/epood.saara.ee\/en"},{"@type":"ListItem","position":2,"name":"Shop","item":"https:\/\/epood.saara.ee\/en\/shop"},{"@type":"ListItem","position":3,"name":"V\u00e4ikese linna suured mustrid (Great Patterns of a Small Town)"}]},{"@type":"WebSite","@id":"https:\/\/epood.saara.ee\/#website","url":"https:\/\/epood.saara.ee\/","name":"Saara Kirjastus","description":"Kujundusteenused, raamatud, k&auml;sit&ouml;&ouml;","publisher":{"@id":"https:\/\/epood.saara.ee\/#organization"},"potentialAction":[{"@type":"SearchAction","target":{"@type":"EntryPoint","urlTemplate":"https:\/\/epood.saara.ee\/?s={search_term_string}"},"query-input":{"@type":"PropertyValueSpecification","valueRequired":true,"valueName":"search_term_string"}}],"inLanguage":"en-US"},{"@type":"Organization","@id":"https:\/\/epood.saara.ee\/#organization","name":"Saarakiri O\u00dc","url":"https:\/\/epood.saara.ee\/","logo":{"@type":"ImageObject","inLanguage":"en-US","@id":"https:\/\/epood.saara.ee\/#\/schema\/logo\/image\/","url":"https:\/\/epood.saara.ee\/wp-content\/uploads\/2015\/03\/saara_mv_R.png","contentUrl":"https:\/\/epood.saara.ee\/wp-content\/uploads\/2015\/03\/saara_mv_R.png","width":649,"height":226,"caption":"Saarakiri O\u00dc"},"image":{"@id":"https:\/\/epood.saara.ee\/#\/schema\/logo\/image\/"},"sameAs":["https:\/\/www.facebook.com\/Saara-Kirjastus"]}]}},"_links":{"self":[{"href":"https:\/\/epood.saara.ee\/en\/wp-json\/wp\/v2\/product\/24028","targetHints":{"allow":["GET"]}}],"collection":[{"href":"https:\/\/epood.saara.ee\/en\/wp-json\/wp\/v2\/product"}],"about":[{"href":"https:\/\/epood.saara.ee\/en\/wp-json\/wp\/v2\/types\/product"}],"wp:featuredmedia":[{"embeddable":true,"href":"https:\/\/epood.saara.ee\/en\/wp-json\/wp\/v2\/media\/24030"}],"wp:attachment":[{"href":"https:\/\/epood.saara.ee\/en\/wp-json\/wp\/v2\/media?parent=24028"}],"wp:term":[{"taxonomy":"product_brand","embeddable":true,"href":"https:\/\/epood.saara.ee\/en\/wp-json\/wp\/v2\/product_brand?post=24028"},{"taxonomy":"product_cat","embeddable":true,"href":"https:\/\/epood.saara.ee\/en\/wp-json\/wp\/v2\/product_cat?post=24028"},{"taxonomy":"product_tag","embeddable":true,"href":"https:\/\/epood.saara.ee\/en\/wp-json\/wp\/v2\/product_tag?post=24028"}],"curies":[{"name":"wp","href":"https:\/\/api.w.org\/{rel}","templated":true}]}}