{"id":21102,"date":"2018-11-12T10:17:12","date_gmt":"2018-11-12T08:17:13","guid":{"rendered":"https:\/\/epood.saara.ee\/?post_type=product&#038;p=21102"},"modified":"2026-01-27T15:21:08","modified_gmt":"2026-01-27T13:21:08","slug":"koome-pitsilise-kleidi","status":"publish","type":"product","link":"https:\/\/epood.saara.ee\/en\/pood\/koome-pitsilise-kleidi","title":{"rendered":"Koome pitsilise kleidi"},"content":{"rendered":"<p>See on \u00f5petusraamatute sarja kolmas raamat. V\u00e4ike ja praktiline raamatuke mahub h\u00f5lpsalt k\u00e4ekotti,\u00a0 seda saab kasutada rongis, rannas v\u00f5i kohvikus, v\u00f5tta kaasa puhkusele v\u00f5i mahutada kohviatassi k\u00f5rvale.<\/p>\n<p>Miks ei v\u00f5iks igal naisel teksap\u00fckste ja teiste r\u00f5ivaste k\u00f5rval ka \u00fcks kootud kleit olla? Eriti uhke oleks, kui see oleks ise kootud ja just t\u00e4pselt sellise tegumoega, sellisest materjalist ja seda v\u00e4rvi, nagu kandjale sobib ja milles ta end h\u00e4sti tunneb.<\/p>\n<p>&#8220;Koome pitsilise kleidi&#8221; autor on Haapsalu pitsimester ja koolitaja Siiri Reimann. Raamat ei ole nn projektip\u00f5hine kindla kleidi kudumise juhend, vaid siin on autori kogemustel p\u00f5hinevad n\u00e4pun\u00e4ited selleks, et iga\u00fcks v\u00f5iks endale kavandada ja kududa just temale omase, ainulaadse ning lemmikmustriga kleidi.\u00a0 Raamatust leiab vastused k\u00fcsimustele, kuidas valida tegumoodi, teha kleidi l\u00f5iget, kavandada l\u00f5ike j\u00e4rgi mustrit ning kuidas kleiti kududa ja viimistleda. Raamatu l\u00f5pus on m\u00f5ned autori kombineeritud kleidimustrid.<\/p>\n<h5>Koome pitsilise kleidi \u2013 sellest v\u00f5ib saada sinu uus hobi!<\/h5>\n<p>&nbsp;<\/p>\n","protected":false},"excerpt":{"rendered":"<p>Author: Siiri Reimann<\/p>\n<p>In Estonian only<\/p>\n<p>Dimensions: 24 x 17 cm<\/p>\n<p>48 pgs<\/p>\n<p>&nbsp;<\/p>\n<p>&nbsp;<\/p>\n","protected":false},"featured_media":21084,"template":"","meta":[],"product_brand":[],"product_cat":[168,172],"product_tag":[341],"class_list":{"0":"post-21102","1":"product","2":"type-product","3":"status-publish","4":"has-post-thumbnail","6":"product_cat-books-en","7":"product_cat-kasitooraamatud-en","8":"product_tag-haapsalu-en","10":"first","11":"instock","12":"shipping-taxable","13":"purchasable","14":"product-type-simple"},"yoast_head":"<!-- This site is optimized with the Yoast SEO plugin v27.3 - https:\/\/yoast.com\/product\/yoast-seo-wordpress\/ -->\n<title>Koome pitsilise kleidi - Saara Kirjastus<\/title>\n<meta name=\"robots\" content=\"index, follow, max-snippet:-1, max-image-preview:large, max-video-preview:-1\" \/>\n<link rel=\"canonical\" href=\"https:\/\/epood.saara.ee\/en\/pood\/koome-pitsilise-kleidi\" \/>\n<meta property=\"og:locale\" content=\"en_US\" \/>\n<meta property=\"og:type\" content=\"article\" \/>\n<meta property=\"og:title\" content=\"Koome pitsilise kleidi - Saara Kirjastus\" \/>\n<meta property=\"og:description\" content=\"Author: Siiri Reimann  In Estonian only  Dimensions: 24 x 17 cm  48 pgs  &nbsp;  &nbsp;\" \/>\n<meta property=\"og:url\" content=\"https:\/\/epood.saara.ee\/en\/pood\/koome-pitsilise-kleidi\" \/>\n<meta property=\"og:site_name\" content=\"Saara Kirjastus\" \/>\n<meta property=\"article:publisher\" content=\"https:\/\/www.facebook.com\/Saara-Kirjastus\" \/>\n<meta property=\"article:modified_time\" content=\"2026-01-27T13:21:08+00:00\" \/>\n<meta property=\"og:image\" content=\"https:\/\/epood.saara.ee\/wp-content\/uploads\/2018\/11\/Koome-pitsilise-kleidi.jpg\" \/>\n\t<meta property=\"og:image:width\" content=\"600\" \/>\n\t<meta property=\"og:image:height\" content=\"600\" \/>\n\t<meta property=\"og:image:type\" content=\"image\/jpeg\" \/>\n<meta name=\"twitter:label1\" content=\"Est. reading time\" \/>\n\t<meta name=\"twitter:data1\" content=\"1 minute\" \/>\n<script type=\"application\/ld+json\" class=\"yoast-schema-graph\">{\"@context\":\"https:\\\/\\\/schema.org\",\"@graph\":[{\"@type\":\"WebPage\",\"@id\":\"https:\\\/\\\/epood.saara.ee\\\/en\\\/pood\\\/koome-pitsilise-kleidi\",\"url\":\"https:\\\/\\\/epood.saara.ee\\\/en\\\/pood\\\/koome-pitsilise-kleidi\",\"name\":\"Koome pitsilise kleidi - Saara Kirjastus\",\"isPartOf\":{\"@id\":\"https:\\\/\\\/epood.saara.ee\\\/#website\"},\"primaryImageOfPage\":{\"@id\":\"https:\\\/\\\/epood.saara.ee\\\/en\\\/pood\\\/koome-pitsilise-kleidi#primaryimage\"},\"image\":{\"@id\":\"https:\\\/\\\/epood.saara.ee\\\/en\\\/pood\\\/koome-pitsilise-kleidi#primaryimage\"},\"thumbnailUrl\":\"https:\\\/\\\/epood.saara.ee\\\/wp-content\\\/uploads\\\/2018\\\/11\\\/Koome-pitsilise-kleidi.jpg\",\"datePublished\":\"2018-11-12T08:17:13+00:00\",\"dateModified\":\"2026-01-27T13:21:08+00:00\",\"breadcrumb\":{\"@id\":\"https:\\\/\\\/epood.saara.ee\\\/en\\\/pood\\\/koome-pitsilise-kleidi#breadcrumb\"},\"inLanguage\":\"en-US\",\"potentialAction\":[{\"@type\":\"ReadAction\",\"target\":[\"https:\\\/\\\/epood.saara.ee\\\/en\\\/pood\\\/koome-pitsilise-kleidi\"]}]},{\"@type\":\"ImageObject\",\"inLanguage\":\"en-US\",\"@id\":\"https:\\\/\\\/epood.saara.ee\\\/en\\\/pood\\\/koome-pitsilise-kleidi#primaryimage\",\"url\":\"https:\\\/\\\/epood.saara.ee\\\/wp-content\\\/uploads\\\/2018\\\/11\\\/Koome-pitsilise-kleidi.jpg\",\"contentUrl\":\"https:\\\/\\\/epood.saara.ee\\\/wp-content\\\/uploads\\\/2018\\\/11\\\/Koome-pitsilise-kleidi.jpg\",\"width\":600,\"height\":600,\"caption\":\"Koome pitsilise kleidi\"},{\"@type\":\"BreadcrumbList\",\"@id\":\"https:\\\/\\\/epood.saara.ee\\\/en\\\/pood\\\/koome-pitsilise-kleidi#breadcrumb\",\"itemListElement\":[{\"@type\":\"ListItem\",\"position\":1,\"name\":\"Home\",\"item\":\"https:\\\/\\\/epood.saara.ee\\\/en\"},{\"@type\":\"ListItem\",\"position\":2,\"name\":\"Shop\",\"item\":\"https:\\\/\\\/epood.saara.ee\\\/en\\\/shop\"},{\"@type\":\"ListItem\",\"position\":3,\"name\":\"Koome pitsilise kleidi\"}]},{\"@type\":\"WebSite\",\"@id\":\"https:\\\/\\\/epood.saara.ee\\\/#website\",\"url\":\"https:\\\/\\\/epood.saara.ee\\\/\",\"name\":\"Saara Kirjastus\",\"description\":\"Kujundusteenused, raamatud, k&auml;sit&ouml;&ouml;\",\"publisher\":{\"@id\":\"https:\\\/\\\/epood.saara.ee\\\/#organization\"},\"potentialAction\":[{\"@type\":\"SearchAction\",\"target\":{\"@type\":\"EntryPoint\",\"urlTemplate\":\"https:\\\/\\\/epood.saara.ee\\\/?s={search_term_string}\"},\"query-input\":{\"@type\":\"PropertyValueSpecification\",\"valueRequired\":true,\"valueName\":\"search_term_string\"}}],\"inLanguage\":\"en-US\"},{\"@type\":\"Organization\",\"@id\":\"https:\\\/\\\/epood.saara.ee\\\/#organization\",\"name\":\"Saarakiri O\u00dc\",\"url\":\"https:\\\/\\\/epood.saara.ee\\\/\",\"logo\":{\"@type\":\"ImageObject\",\"inLanguage\":\"en-US\",\"@id\":\"https:\\\/\\\/epood.saara.ee\\\/#\\\/schema\\\/logo\\\/image\\\/\",\"url\":\"https:\\\/\\\/epood.saara.ee\\\/wp-content\\\/uploads\\\/2015\\\/03\\\/saara_mv_R.png\",\"contentUrl\":\"https:\\\/\\\/epood.saara.ee\\\/wp-content\\\/uploads\\\/2015\\\/03\\\/saara_mv_R.png\",\"width\":649,\"height\":226,\"caption\":\"Saarakiri O\u00dc\"},\"image\":{\"@id\":\"https:\\\/\\\/epood.saara.ee\\\/#\\\/schema\\\/logo\\\/image\\\/\"},\"sameAs\":[\"https:\\\/\\\/www.facebook.com\\\/Saara-Kirjastus\"]}]}<\/script>\n<!-- \/ Yoast SEO plugin. -->","yoast_head_json":{"title":"Koome pitsilise kleidi - Saara Kirjastus","robots":{"index":"index","follow":"follow","max-snippet":"max-snippet:-1","max-image-preview":"max-image-preview:large","max-video-preview":"max-video-preview:-1"},"canonical":"https:\/\/epood.saara.ee\/en\/pood\/koome-pitsilise-kleidi","og_locale":"en_US","og_type":"article","og_title":"Koome pitsilise kleidi - Saara Kirjastus","og_description":"Author: Siiri Reimann  In Estonian only  Dimensions: 24 x 17 cm  48 pgs  &nbsp;  &nbsp;","og_url":"https:\/\/epood.saara.ee\/en\/pood\/koome-pitsilise-kleidi","og_site_name":"Saara Kirjastus","article_publisher":"https:\/\/www.facebook.com\/Saara-Kirjastus","article_modified_time":"2026-01-27T13:21:08+00:00","og_image":[{"width":600,"height":600,"url":"https:\/\/epood.saara.ee\/wp-content\/uploads\/2018\/11\/Koome-pitsilise-kleidi.jpg","type":"image\/jpeg"}],"twitter_misc":{"Est. reading time":"1 minute"},"schema":{"@context":"https:\/\/schema.org","@graph":[{"@type":"WebPage","@id":"https:\/\/epood.saara.ee\/en\/pood\/koome-pitsilise-kleidi","url":"https:\/\/epood.saara.ee\/en\/pood\/koome-pitsilise-kleidi","name":"Koome pitsilise kleidi - Saara Kirjastus","isPartOf":{"@id":"https:\/\/epood.saara.ee\/#website"},"primaryImageOfPage":{"@id":"https:\/\/epood.saara.ee\/en\/pood\/koome-pitsilise-kleidi#primaryimage"},"image":{"@id":"https:\/\/epood.saara.ee\/en\/pood\/koome-pitsilise-kleidi#primaryimage"},"thumbnailUrl":"https:\/\/epood.saara.ee\/wp-content\/uploads\/2018\/11\/Koome-pitsilise-kleidi.jpg","datePublished":"2018-11-12T08:17:13+00:00","dateModified":"2026-01-27T13:21:08+00:00","breadcrumb":{"@id":"https:\/\/epood.saara.ee\/en\/pood\/koome-pitsilise-kleidi#breadcrumb"},"inLanguage":"en-US","potentialAction":[{"@type":"ReadAction","target":["https:\/\/epood.saara.ee\/en\/pood\/koome-pitsilise-kleidi"]}]},{"@type":"ImageObject","inLanguage":"en-US","@id":"https:\/\/epood.saara.ee\/en\/pood\/koome-pitsilise-kleidi#primaryimage","url":"https:\/\/epood.saara.ee\/wp-content\/uploads\/2018\/11\/Koome-pitsilise-kleidi.jpg","contentUrl":"https:\/\/epood.saara.ee\/wp-content\/uploads\/2018\/11\/Koome-pitsilise-kleidi.jpg","width":600,"height":600,"caption":"Koome pitsilise kleidi"},{"@type":"BreadcrumbList","@id":"https:\/\/epood.saara.ee\/en\/pood\/koome-pitsilise-kleidi#breadcrumb","itemListElement":[{"@type":"ListItem","position":1,"name":"Home","item":"https:\/\/epood.saara.ee\/en"},{"@type":"ListItem","position":2,"name":"Shop","item":"https:\/\/epood.saara.ee\/en\/shop"},{"@type":"ListItem","position":3,"name":"Koome pitsilise kleidi"}]},{"@type":"WebSite","@id":"https:\/\/epood.saara.ee\/#website","url":"https:\/\/epood.saara.ee\/","name":"Saara Kirjastus","description":"Kujundusteenused, raamatud, k&auml;sit&ouml;&ouml;","publisher":{"@id":"https:\/\/epood.saara.ee\/#organization"},"potentialAction":[{"@type":"SearchAction","target":{"@type":"EntryPoint","urlTemplate":"https:\/\/epood.saara.ee\/?s={search_term_string}"},"query-input":{"@type":"PropertyValueSpecification","valueRequired":true,"valueName":"search_term_string"}}],"inLanguage":"en-US"},{"@type":"Organization","@id":"https:\/\/epood.saara.ee\/#organization","name":"Saarakiri O\u00dc","url":"https:\/\/epood.saara.ee\/","logo":{"@type":"ImageObject","inLanguage":"en-US","@id":"https:\/\/epood.saara.ee\/#\/schema\/logo\/image\/","url":"https:\/\/epood.saara.ee\/wp-content\/uploads\/2015\/03\/saara_mv_R.png","contentUrl":"https:\/\/epood.saara.ee\/wp-content\/uploads\/2015\/03\/saara_mv_R.png","width":649,"height":226,"caption":"Saarakiri O\u00dc"},"image":{"@id":"https:\/\/epood.saara.ee\/#\/schema\/logo\/image\/"},"sameAs":["https:\/\/www.facebook.com\/Saara-Kirjastus"]}]}},"_links":{"self":[{"href":"https:\/\/epood.saara.ee\/en\/wp-json\/wp\/v2\/product\/21102","targetHints":{"allow":["GET"]}}],"collection":[{"href":"https:\/\/epood.saara.ee\/en\/wp-json\/wp\/v2\/product"}],"about":[{"href":"https:\/\/epood.saara.ee\/en\/wp-json\/wp\/v2\/types\/product"}],"wp:featuredmedia":[{"embeddable":true,"href":"https:\/\/epood.saara.ee\/en\/wp-json\/wp\/v2\/media\/21084"}],"wp:attachment":[{"href":"https:\/\/epood.saara.ee\/en\/wp-json\/wp\/v2\/media?parent=21102"}],"wp:term":[{"taxonomy":"product_brand","embeddable":true,"href":"https:\/\/epood.saara.ee\/en\/wp-json\/wp\/v2\/product_brand?post=21102"},{"taxonomy":"product_cat","embeddable":true,"href":"https:\/\/epood.saara.ee\/en\/wp-json\/wp\/v2\/product_cat?post=21102"},{"taxonomy":"product_tag","embeddable":true,"href":"https:\/\/epood.saara.ee\/en\/wp-json\/wp\/v2\/product_tag?post=21102"}],"curies":[{"name":"wp","href":"https:\/\/api.w.org\/{rel}","templated":true}]}}