{"id":17769,"date":"2018-02-05T13:23:11","date_gmt":"2018-02-05T11:23:11","guid":{"rendered":"https:\/\/epood.saara.ee?post_type=product&#038;p=17769"},"modified":"2025-08-19T01:36:15","modified_gmt":"2025-08-18T22:36:15","slug":"dark-brown-yarn-6-2-for-belt-weaving","status":"publish","type":"product","link":"https:\/\/epood.saara.ee\/en\/pood\/dark-brown-yarn-6-2-for-belt-weaving","title":{"rendered":"Dark Brown Yarn 6\/2 for Belt Weaving"},"content":{"rendered":"<p>This Norweigean origin dull cotton yarn is very good for knitting lacy stockings to go with national folk costume. We recommend using double point needles number 1,5 (US 0000). Knee high women stockings will require one and a half skeins, child\u2019s stockings will require one skein of yarn. To accomplish a more natural finishing you could hold the stockings you have just knitted in black tea for a little while.<\/p>\n<p>Naturally you can also use this yarn for any other lacy knitting or crocheting.<\/p>\n","protected":false},"excerpt":{"rendered":"<p>100% wool<br \/>\nDimension: 25g \/apx 75m<br \/>\nColor: Dark Brown<\/p>\n","protected":false},"featured_media":17771,"template":"","meta":[],"product_brand":[],"product_cat":[309,177,308],"product_tag":[311],"class_list":{"0":"post-17769","1":"product","2":"type-product","3":"status-publish","4":"has-post-thumbnail","6":"product_cat-belt-weaving","7":"product_cat-yarns","8":"product_cat-yarn-for-bets-6-2","9":"product_tag-belt-weaving","11":"first","12":"instock","13":"featured","14":"shipping-taxable","15":"purchasable","16":"product-type-simple"},"yoast_head":"<!-- This site is optimized with the Yoast SEO plugin v27.3 - https:\/\/yoast.com\/product\/yoast-seo-wordpress\/ -->\n<title>Dark Brown Yarn 6\/2 for Belt Weaving - Saara Kirjastus<\/title>\n<meta name=\"robots\" content=\"index, follow, max-snippet:-1, max-image-preview:large, max-video-preview:-1\" \/>\n<link rel=\"canonical\" href=\"https:\/\/epood.saara.ee\/en\/pood\/dark-brown-yarn-6-2-for-belt-weaving\" \/>\n<meta property=\"og:locale\" content=\"en_US\" \/>\n<meta property=\"og:type\" content=\"article\" \/>\n<meta property=\"og:title\" content=\"Dark Brown Yarn 6\/2 for Belt Weaving - Saara Kirjastus\" \/>\n<meta property=\"og:description\" content=\"100% wool Dimension: 25g \/apx 75m Color: Dark Brown\" \/>\n<meta property=\"og:url\" content=\"https:\/\/epood.saara.ee\/en\/pood\/dark-brown-yarn-6-2-for-belt-weaving\" \/>\n<meta property=\"og:site_name\" content=\"Saara Kirjastus\" \/>\n<meta property=\"article:publisher\" content=\"https:\/\/www.facebook.com\/Saara-Kirjastus\" \/>\n<meta property=\"article:modified_time\" content=\"2025-08-18T22:36:15+00:00\" \/>\n<meta property=\"og:image\" content=\"https:\/\/epood.saara.ee\/wp-content\/uploads\/2018\/02\/v\u00f6\u00f6l\u00f5ng-mustjaspruun-6_2.jpg\" \/>\n\t<meta property=\"og:image:width\" content=\"600\" \/>\n\t<meta property=\"og:image:height\" content=\"600\" \/>\n\t<meta property=\"og:image:type\" content=\"image\/jpeg\" \/>\n<script type=\"application\/ld+json\" class=\"yoast-schema-graph\">{\"@context\":\"https:\\\/\\\/schema.org\",\"@graph\":[{\"@type\":\"WebPage\",\"@id\":\"https:\\\/\\\/epood.saara.ee\\\/en\\\/pood\\\/dark-brown-yarn-6-2-for-belt-weaving\",\"url\":\"https:\\\/\\\/epood.saara.ee\\\/en\\\/pood\\\/dark-brown-yarn-6-2-for-belt-weaving\",\"name\":\"Dark Brown Yarn 6\\\/2 for Belt Weaving - Saara Kirjastus\",\"isPartOf\":{\"@id\":\"https:\\\/\\\/epood.saara.ee\\\/#website\"},\"primaryImageOfPage\":{\"@id\":\"https:\\\/\\\/epood.saara.ee\\\/en\\\/pood\\\/dark-brown-yarn-6-2-for-belt-weaving#primaryimage\"},\"image\":{\"@id\":\"https:\\\/\\\/epood.saara.ee\\\/en\\\/pood\\\/dark-brown-yarn-6-2-for-belt-weaving#primaryimage\"},\"thumbnailUrl\":\"https:\\\/\\\/epood.saara.ee\\\/wp-content\\\/uploads\\\/2018\\\/02\\\/v\u00f6\u00f6l\u00f5ng-mustjaspruun-6_2.jpg\",\"datePublished\":\"2018-02-05T11:23:11+00:00\",\"dateModified\":\"2025-08-18T22:36:15+00:00\",\"breadcrumb\":{\"@id\":\"https:\\\/\\\/epood.saara.ee\\\/en\\\/pood\\\/dark-brown-yarn-6-2-for-belt-weaving#breadcrumb\"},\"inLanguage\":\"en-US\",\"potentialAction\":[{\"@type\":\"ReadAction\",\"target\":[\"https:\\\/\\\/epood.saara.ee\\\/en\\\/pood\\\/dark-brown-yarn-6-2-for-belt-weaving\"]}]},{\"@type\":\"ImageObject\",\"inLanguage\":\"en-US\",\"@id\":\"https:\\\/\\\/epood.saara.ee\\\/en\\\/pood\\\/dark-brown-yarn-6-2-for-belt-weaving#primaryimage\",\"url\":\"https:\\\/\\\/epood.saara.ee\\\/wp-content\\\/uploads\\\/2018\\\/02\\\/v\u00f6\u00f6l\u00f5ng-mustjaspruun-6_2.jpg\",\"contentUrl\":\"https:\\\/\\\/epood.saara.ee\\\/wp-content\\\/uploads\\\/2018\\\/02\\\/v\u00f6\u00f6l\u00f5ng-mustjaspruun-6_2.jpg\",\"width\":600,\"height\":600,\"caption\":\"Dark Brown Yarn 6\\\/2 for Belt Weaving\"},{\"@type\":\"BreadcrumbList\",\"@id\":\"https:\\\/\\\/epood.saara.ee\\\/en\\\/pood\\\/dark-brown-yarn-6-2-for-belt-weaving#breadcrumb\",\"itemListElement\":[{\"@type\":\"ListItem\",\"position\":1,\"name\":\"Home\",\"item\":\"https:\\\/\\\/epood.saara.ee\\\/en\"},{\"@type\":\"ListItem\",\"position\":2,\"name\":\"Shop\",\"item\":\"https:\\\/\\\/epood.saara.ee\\\/en\\\/shop\"},{\"@type\":\"ListItem\",\"position\":3,\"name\":\"Dark Brown Yarn 6\\\/2 for Belt Weaving\"}]},{\"@type\":\"WebSite\",\"@id\":\"https:\\\/\\\/epood.saara.ee\\\/#website\",\"url\":\"https:\\\/\\\/epood.saara.ee\\\/\",\"name\":\"Saara Kirjastus\",\"description\":\"Kujundusteenused, raamatud, k&auml;sit&ouml;&ouml;\",\"publisher\":{\"@id\":\"https:\\\/\\\/epood.saara.ee\\\/#organization\"},\"potentialAction\":[{\"@type\":\"SearchAction\",\"target\":{\"@type\":\"EntryPoint\",\"urlTemplate\":\"https:\\\/\\\/epood.saara.ee\\\/?s={search_term_string}\"},\"query-input\":{\"@type\":\"PropertyValueSpecification\",\"valueRequired\":true,\"valueName\":\"search_term_string\"}}],\"inLanguage\":\"en-US\"},{\"@type\":\"Organization\",\"@id\":\"https:\\\/\\\/epood.saara.ee\\\/#organization\",\"name\":\"Saarakiri O\u00dc\",\"url\":\"https:\\\/\\\/epood.saara.ee\\\/\",\"logo\":{\"@type\":\"ImageObject\",\"inLanguage\":\"en-US\",\"@id\":\"https:\\\/\\\/epood.saara.ee\\\/#\\\/schema\\\/logo\\\/image\\\/\",\"url\":\"https:\\\/\\\/epood.saara.ee\\\/wp-content\\\/uploads\\\/2015\\\/03\\\/saara_mv_R.png\",\"contentUrl\":\"https:\\\/\\\/epood.saara.ee\\\/wp-content\\\/uploads\\\/2015\\\/03\\\/saara_mv_R.png\",\"width\":649,\"height\":226,\"caption\":\"Saarakiri O\u00dc\"},\"image\":{\"@id\":\"https:\\\/\\\/epood.saara.ee\\\/#\\\/schema\\\/logo\\\/image\\\/\"},\"sameAs\":[\"https:\\\/\\\/www.facebook.com\\\/Saara-Kirjastus\"]}]}<\/script>\n<!-- \/ Yoast SEO plugin. -->","yoast_head_json":{"title":"Dark Brown Yarn 6\/2 for Belt Weaving - Saara Kirjastus","robots":{"index":"index","follow":"follow","max-snippet":"max-snippet:-1","max-image-preview":"max-image-preview:large","max-video-preview":"max-video-preview:-1"},"canonical":"https:\/\/epood.saara.ee\/en\/pood\/dark-brown-yarn-6-2-for-belt-weaving","og_locale":"en_US","og_type":"article","og_title":"Dark Brown Yarn 6\/2 for Belt Weaving - Saara Kirjastus","og_description":"100% wool Dimension: 25g \/apx 75m Color: Dark Brown","og_url":"https:\/\/epood.saara.ee\/en\/pood\/dark-brown-yarn-6-2-for-belt-weaving","og_site_name":"Saara Kirjastus","article_publisher":"https:\/\/www.facebook.com\/Saara-Kirjastus","article_modified_time":"2025-08-18T22:36:15+00:00","og_image":[{"width":600,"height":600,"url":"https:\/\/epood.saara.ee\/wp-content\/uploads\/2018\/02\/v\u00f6\u00f6l\u00f5ng-mustjaspruun-6_2.jpg","type":"image\/jpeg"}],"schema":{"@context":"https:\/\/schema.org","@graph":[{"@type":"WebPage","@id":"https:\/\/epood.saara.ee\/en\/pood\/dark-brown-yarn-6-2-for-belt-weaving","url":"https:\/\/epood.saara.ee\/en\/pood\/dark-brown-yarn-6-2-for-belt-weaving","name":"Dark Brown Yarn 6\/2 for Belt Weaving - Saara Kirjastus","isPartOf":{"@id":"https:\/\/epood.saara.ee\/#website"},"primaryImageOfPage":{"@id":"https:\/\/epood.saara.ee\/en\/pood\/dark-brown-yarn-6-2-for-belt-weaving#primaryimage"},"image":{"@id":"https:\/\/epood.saara.ee\/en\/pood\/dark-brown-yarn-6-2-for-belt-weaving#primaryimage"},"thumbnailUrl":"https:\/\/epood.saara.ee\/wp-content\/uploads\/2018\/02\/v\u00f6\u00f6l\u00f5ng-mustjaspruun-6_2.jpg","datePublished":"2018-02-05T11:23:11+00:00","dateModified":"2025-08-18T22:36:15+00:00","breadcrumb":{"@id":"https:\/\/epood.saara.ee\/en\/pood\/dark-brown-yarn-6-2-for-belt-weaving#breadcrumb"},"inLanguage":"en-US","potentialAction":[{"@type":"ReadAction","target":["https:\/\/epood.saara.ee\/en\/pood\/dark-brown-yarn-6-2-for-belt-weaving"]}]},{"@type":"ImageObject","inLanguage":"en-US","@id":"https:\/\/epood.saara.ee\/en\/pood\/dark-brown-yarn-6-2-for-belt-weaving#primaryimage","url":"https:\/\/epood.saara.ee\/wp-content\/uploads\/2018\/02\/v\u00f6\u00f6l\u00f5ng-mustjaspruun-6_2.jpg","contentUrl":"https:\/\/epood.saara.ee\/wp-content\/uploads\/2018\/02\/v\u00f6\u00f6l\u00f5ng-mustjaspruun-6_2.jpg","width":600,"height":600,"caption":"Dark Brown Yarn 6\/2 for Belt Weaving"},{"@type":"BreadcrumbList","@id":"https:\/\/epood.saara.ee\/en\/pood\/dark-brown-yarn-6-2-for-belt-weaving#breadcrumb","itemListElement":[{"@type":"ListItem","position":1,"name":"Home","item":"https:\/\/epood.saara.ee\/en"},{"@type":"ListItem","position":2,"name":"Shop","item":"https:\/\/epood.saara.ee\/en\/shop"},{"@type":"ListItem","position":3,"name":"Dark Brown Yarn 6\/2 for Belt Weaving"}]},{"@type":"WebSite","@id":"https:\/\/epood.saara.ee\/#website","url":"https:\/\/epood.saara.ee\/","name":"Saara Kirjastus","description":"Kujundusteenused, raamatud, k&auml;sit&ouml;&ouml;","publisher":{"@id":"https:\/\/epood.saara.ee\/#organization"},"potentialAction":[{"@type":"SearchAction","target":{"@type":"EntryPoint","urlTemplate":"https:\/\/epood.saara.ee\/?s={search_term_string}"},"query-input":{"@type":"PropertyValueSpecification","valueRequired":true,"valueName":"search_term_string"}}],"inLanguage":"en-US"},{"@type":"Organization","@id":"https:\/\/epood.saara.ee\/#organization","name":"Saarakiri O\u00dc","url":"https:\/\/epood.saara.ee\/","logo":{"@type":"ImageObject","inLanguage":"en-US","@id":"https:\/\/epood.saara.ee\/#\/schema\/logo\/image\/","url":"https:\/\/epood.saara.ee\/wp-content\/uploads\/2015\/03\/saara_mv_R.png","contentUrl":"https:\/\/epood.saara.ee\/wp-content\/uploads\/2015\/03\/saara_mv_R.png","width":649,"height":226,"caption":"Saarakiri O\u00dc"},"image":{"@id":"https:\/\/epood.saara.ee\/#\/schema\/logo\/image\/"},"sameAs":["https:\/\/www.facebook.com\/Saara-Kirjastus"]}]}},"_links":{"self":[{"href":"https:\/\/epood.saara.ee\/en\/wp-json\/wp\/v2\/product\/17769","targetHints":{"allow":["GET"]}}],"collection":[{"href":"https:\/\/epood.saara.ee\/en\/wp-json\/wp\/v2\/product"}],"about":[{"href":"https:\/\/epood.saara.ee\/en\/wp-json\/wp\/v2\/types\/product"}],"wp:featuredmedia":[{"embeddable":true,"href":"https:\/\/epood.saara.ee\/en\/wp-json\/wp\/v2\/media\/17771"}],"wp:attachment":[{"href":"https:\/\/epood.saara.ee\/en\/wp-json\/wp\/v2\/media?parent=17769"}],"wp:term":[{"taxonomy":"product_brand","embeddable":true,"href":"https:\/\/epood.saara.ee\/en\/wp-json\/wp\/v2\/product_brand?post=17769"},{"taxonomy":"product_cat","embeddable":true,"href":"https:\/\/epood.saara.ee\/en\/wp-json\/wp\/v2\/product_cat?post=17769"},{"taxonomy":"product_tag","embeddable":true,"href":"https:\/\/epood.saara.ee\/en\/wp-json\/wp\/v2\/product_tag?post=17769"}],"curies":[{"name":"wp","href":"https:\/\/api.w.org\/{rel}","templated":true}]}}