{"id":14144,"date":"2017-04-29T18:01:43","date_gmt":"2017-04-28T08:01:44","guid":{"rendered":"https:\/\/epood.saara.ee\/en\/pood\/aasa-sallid-knitted-shawls-of-aasa-joelaid-koopia"},"modified":"2023-05-31T17:59:16","modified_gmt":"2023-05-31T14:59:16","slug":"triangular-knitted-shawls-siiri-reimann","status":"publish","type":"product","link":"https:\/\/epood.saara.ee\/en\/pood\/triangular-knitted-shawls-siiri-reimann","title":{"rendered":"Siiri r\u00e4tid. Triangular Knitted Shawls by Siiri Reimann"},"content":{"rendered":"<h2>Siiri r\u00e4tid.<\/h2>\n<p>Haapsalu pitside kudumise ajalugu ulatub paari sajandi tagusesse aega. \u00a0Selle v\u00e4ltel on kudumise ja pitsimustrite lummusesse nakatunud palju Haapsalu k\u00e4sit\u00f6\u00f6lembelisi naisi. Pitsimeistrite sarja kolmas raamat toob teieni Haapsalu sallimeistri ja koolitaja Siiri Reimanni loodud r\u00e4tid.<\/p>\n<p>Raamatus on 21 imekaunist kolmnurkset r\u00e4tti koos \u00f5petuste ning mustritega. K\u00f5ik r\u00e4tid on seda t\u00fc\u00fcpi, mille puhul on kudumist alustatud servapitsist, mist\u00f5ttu pole vaja seda eraldi kududa ja k\u00fclge \u00f5mmelda. Et kolmnurksete r\u00e4ttide kirjad on \u00fcsna suured, siis kuuluvad raamatu juurde suured mustrilehed, kust muster h\u00e4sti n\u00e4ha on ja mida on kudujal kohe hea kasutada. Raamatus on lisaks toodud p\u00f5himustrite skeemid, mille j\u00e4rgi v\u00f5ib kududa\u00a0 nii Haapsalu salle kui ka muid esemeid.<\/p>\n<p>Siiri loodud r\u00e4tid on selles raamatus pildistatud 20. sajandi alguse fotode taaslavastusena.<\/p>\n<p>Haapsalu pitsi kudumine on \u00fcks maailma toredamaid hobisid!<\/p>\n<div  class='av-social-sharing-box av-av_social_share-74ee1388febaf617b881d75ed0cc3ada av-social-sharing-box-minimal  avia-builder-el-0  avia-builder-el-no-sibling  av-social-sharing-box-fullwidth'><div class=\"av-share-box\"><h5 class='av-share-link-description av-no-toc '>Share<\/h5><ul class=\"av-share-box-list noLightbox\"><li class='av-share-link av-social-link-facebook' ><a target=\"_blank\" aria-label=\"Share on Facebook\" href='https:\/\/www.facebook.com\/sharer.php?u=https:\/\/epood.saara.ee\/en\/pood\/triangular-knitted-shawls-siiri-reimann&#038;t=Siiri%20r%C3%A4tid.%20Triangular%20Knitted%20Shawls%20by%20Siiri%20Reimann' aria-hidden='false' data-av_icon='\ue8f3' data-av_iconfont='entypo-fontello' title='' data-avia-related-tooltip='Share on Facebook' rel=\"noopener\"><span class='avia_hidden_link_text'>Share on Facebook<\/span><\/a><\/li><\/ul><\/div><\/div>\n<p>&nbsp;<\/p>\n","protected":false},"excerpt":{"rendered":"<p>Author: Siiri Reimann<\/p>\n<p>The book is in Estonian and English.<\/p>\n<p>108 pages, hardback, format 32 x 24 cm, black and white<br \/>\n<strong>Pattern sheets, size 31 x 76 cm<\/strong><\/p>\n","protected":false},"featured_media":51619,"template":"","meta":[],"product_brand":[],"product_cat":[173,168,172],"product_tag":[],"class_list":{"0":"post-14144","1":"product","2":"type-product","3":"status-publish","4":"has-post-thumbnail","6":"product_cat-haapsalu-shawl","7":"product_cat-books-en","8":"product_cat-kasitooraamatud-en","10":"first","11":"outofstock","12":"featured","13":"shipping-taxable","14":"purchasable","15":"product-type-simple"},"yoast_head":"<!-- This site is optimized with the Yoast SEO plugin v27.3 - https:\/\/yoast.com\/product\/yoast-seo-wordpress\/ -->\n<title>Siiri r\u00e4tid. Triangular Knitted Shawls by Siiri Reimann - Saara Kirjastus<\/title>\n<meta name=\"robots\" content=\"index, follow, max-snippet:-1, max-image-preview:large, max-video-preview:-1\" \/>\n<link rel=\"canonical\" href=\"https:\/\/epood.saara.ee\/en\/pood\/triangular-knitted-shawls-siiri-reimann\" \/>\n<meta property=\"og:locale\" content=\"en_US\" \/>\n<meta property=\"og:type\" content=\"article\" \/>\n<meta property=\"og:title\" content=\"Siiri r\u00e4tid. Triangular Knitted Shawls by Siiri Reimann - Saara Kirjastus\" \/>\n<meta property=\"og:description\" content=\"Author: Siiri Reimann  The book is in Estonian and English.  108 pages, hardback, format 32 x 24 cm, black and white Pattern sheets, size 31 x 76 cm\" \/>\n<meta property=\"og:url\" content=\"https:\/\/epood.saara.ee\/en\/pood\/triangular-knitted-shawls-siiri-reimann\" \/>\n<meta property=\"og:site_name\" content=\"Saara Kirjastus\" \/>\n<meta property=\"article:publisher\" content=\"https:\/\/www.facebook.com\/Saara-Kirjastus\" \/>\n<meta property=\"article:modified_time\" content=\"2023-05-31T14:59:16+00:00\" \/>\n<meta property=\"og:image\" content=\"https:\/\/epood.saara.ee\/wp-content\/uploads\/2017\/04\/Siiri-ratid_umbrikus.jpg\" \/>\n\t<meta property=\"og:image:width\" content=\"600\" \/>\n\t<meta property=\"og:image:height\" content=\"600\" \/>\n\t<meta property=\"og:image:type\" content=\"image\/jpeg\" \/>\n<meta name=\"twitter:label1\" content=\"Est. reading time\" \/>\n\t<meta name=\"twitter:data1\" content=\"1 minute\" \/>\n<script type=\"application\/ld+json\" class=\"yoast-schema-graph\">{\"@context\":\"https:\\\/\\\/schema.org\",\"@graph\":[{\"@type\":\"WebPage\",\"@id\":\"https:\\\/\\\/epood.saara.ee\\\/en\\\/pood\\\/triangular-knitted-shawls-siiri-reimann\",\"url\":\"https:\\\/\\\/epood.saara.ee\\\/en\\\/pood\\\/triangular-knitted-shawls-siiri-reimann\",\"name\":\"Siiri r\u00e4tid. Triangular Knitted Shawls by Siiri Reimann - Saara Kirjastus\",\"isPartOf\":{\"@id\":\"https:\\\/\\\/epood.saara.ee\\\/#website\"},\"primaryImageOfPage\":{\"@id\":\"https:\\\/\\\/epood.saara.ee\\\/en\\\/pood\\\/triangular-knitted-shawls-siiri-reimann#primaryimage\"},\"image\":{\"@id\":\"https:\\\/\\\/epood.saara.ee\\\/en\\\/pood\\\/triangular-knitted-shawls-siiri-reimann#primaryimage\"},\"thumbnailUrl\":\"https:\\\/\\\/epood.saara.ee\\\/wp-content\\\/uploads\\\/2017\\\/04\\\/Siiri-ratid_umbrikus.jpg\",\"datePublished\":\"2017-04-28T08:01:44+00:00\",\"dateModified\":\"2023-05-31T14:59:16+00:00\",\"breadcrumb\":{\"@id\":\"https:\\\/\\\/epood.saara.ee\\\/en\\\/pood\\\/triangular-knitted-shawls-siiri-reimann#breadcrumb\"},\"inLanguage\":\"en-US\",\"potentialAction\":[{\"@type\":\"ReadAction\",\"target\":[\"https:\\\/\\\/epood.saara.ee\\\/en\\\/pood\\\/triangular-knitted-shawls-siiri-reimann\"]}]},{\"@type\":\"ImageObject\",\"inLanguage\":\"en-US\",\"@id\":\"https:\\\/\\\/epood.saara.ee\\\/en\\\/pood\\\/triangular-knitted-shawls-siiri-reimann#primaryimage\",\"url\":\"https:\\\/\\\/epood.saara.ee\\\/wp-content\\\/uploads\\\/2017\\\/04\\\/Siiri-ratid_umbrikus.jpg\",\"contentUrl\":\"https:\\\/\\\/epood.saara.ee\\\/wp-content\\\/uploads\\\/2017\\\/04\\\/Siiri-ratid_umbrikus.jpg\",\"width\":600,\"height\":600},{\"@type\":\"BreadcrumbList\",\"@id\":\"https:\\\/\\\/epood.saara.ee\\\/en\\\/pood\\\/triangular-knitted-shawls-siiri-reimann#breadcrumb\",\"itemListElement\":[{\"@type\":\"ListItem\",\"position\":1,\"name\":\"Home\",\"item\":\"https:\\\/\\\/epood.saara.ee\\\/en\"},{\"@type\":\"ListItem\",\"position\":2,\"name\":\"Shop\",\"item\":\"https:\\\/\\\/epood.saara.ee\\\/en\\\/shop\"},{\"@type\":\"ListItem\",\"position\":3,\"name\":\"Siiri r\u00e4tid. Triangular Knitted Shawls by Siiri Reimann\"}]},{\"@type\":\"WebSite\",\"@id\":\"https:\\\/\\\/epood.saara.ee\\\/#website\",\"url\":\"https:\\\/\\\/epood.saara.ee\\\/\",\"name\":\"Saara Kirjastus\",\"description\":\"Kujundusteenused, raamatud, k&auml;sit&ouml;&ouml;\",\"publisher\":{\"@id\":\"https:\\\/\\\/epood.saara.ee\\\/#organization\"},\"potentialAction\":[{\"@type\":\"SearchAction\",\"target\":{\"@type\":\"EntryPoint\",\"urlTemplate\":\"https:\\\/\\\/epood.saara.ee\\\/?s={search_term_string}\"},\"query-input\":{\"@type\":\"PropertyValueSpecification\",\"valueRequired\":true,\"valueName\":\"search_term_string\"}}],\"inLanguage\":\"en-US\"},{\"@type\":\"Organization\",\"@id\":\"https:\\\/\\\/epood.saara.ee\\\/#organization\",\"name\":\"Saarakiri O\u00dc\",\"url\":\"https:\\\/\\\/epood.saara.ee\\\/\",\"logo\":{\"@type\":\"ImageObject\",\"inLanguage\":\"en-US\",\"@id\":\"https:\\\/\\\/epood.saara.ee\\\/#\\\/schema\\\/logo\\\/image\\\/\",\"url\":\"https:\\\/\\\/epood.saara.ee\\\/wp-content\\\/uploads\\\/2015\\\/03\\\/saara_mv_R.png\",\"contentUrl\":\"https:\\\/\\\/epood.saara.ee\\\/wp-content\\\/uploads\\\/2015\\\/03\\\/saara_mv_R.png\",\"width\":649,\"height\":226,\"caption\":\"Saarakiri O\u00dc\"},\"image\":{\"@id\":\"https:\\\/\\\/epood.saara.ee\\\/#\\\/schema\\\/logo\\\/image\\\/\"},\"sameAs\":[\"https:\\\/\\\/www.facebook.com\\\/Saara-Kirjastus\"]}]}<\/script>\n<!-- \/ Yoast SEO plugin. -->","yoast_head_json":{"title":"Siiri r\u00e4tid. Triangular Knitted Shawls by Siiri Reimann - Saara Kirjastus","robots":{"index":"index","follow":"follow","max-snippet":"max-snippet:-1","max-image-preview":"max-image-preview:large","max-video-preview":"max-video-preview:-1"},"canonical":"https:\/\/epood.saara.ee\/en\/pood\/triangular-knitted-shawls-siiri-reimann","og_locale":"en_US","og_type":"article","og_title":"Siiri r\u00e4tid. Triangular Knitted Shawls by Siiri Reimann - Saara Kirjastus","og_description":"Author: Siiri Reimann  The book is in Estonian and English.  108 pages, hardback, format 32 x 24 cm, black and white Pattern sheets, size 31 x 76 cm","og_url":"https:\/\/epood.saara.ee\/en\/pood\/triangular-knitted-shawls-siiri-reimann","og_site_name":"Saara Kirjastus","article_publisher":"https:\/\/www.facebook.com\/Saara-Kirjastus","article_modified_time":"2023-05-31T14:59:16+00:00","og_image":[{"width":600,"height":600,"url":"https:\/\/epood.saara.ee\/wp-content\/uploads\/2017\/04\/Siiri-ratid_umbrikus.jpg","type":"image\/jpeg"}],"twitter_misc":{"Est. reading time":"1 minute"},"schema":{"@context":"https:\/\/schema.org","@graph":[{"@type":"WebPage","@id":"https:\/\/epood.saara.ee\/en\/pood\/triangular-knitted-shawls-siiri-reimann","url":"https:\/\/epood.saara.ee\/en\/pood\/triangular-knitted-shawls-siiri-reimann","name":"Siiri r\u00e4tid. Triangular Knitted Shawls by Siiri Reimann - Saara Kirjastus","isPartOf":{"@id":"https:\/\/epood.saara.ee\/#website"},"primaryImageOfPage":{"@id":"https:\/\/epood.saara.ee\/en\/pood\/triangular-knitted-shawls-siiri-reimann#primaryimage"},"image":{"@id":"https:\/\/epood.saara.ee\/en\/pood\/triangular-knitted-shawls-siiri-reimann#primaryimage"},"thumbnailUrl":"https:\/\/epood.saara.ee\/wp-content\/uploads\/2017\/04\/Siiri-ratid_umbrikus.jpg","datePublished":"2017-04-28T08:01:44+00:00","dateModified":"2023-05-31T14:59:16+00:00","breadcrumb":{"@id":"https:\/\/epood.saara.ee\/en\/pood\/triangular-knitted-shawls-siiri-reimann#breadcrumb"},"inLanguage":"en-US","potentialAction":[{"@type":"ReadAction","target":["https:\/\/epood.saara.ee\/en\/pood\/triangular-knitted-shawls-siiri-reimann"]}]},{"@type":"ImageObject","inLanguage":"en-US","@id":"https:\/\/epood.saara.ee\/en\/pood\/triangular-knitted-shawls-siiri-reimann#primaryimage","url":"https:\/\/epood.saara.ee\/wp-content\/uploads\/2017\/04\/Siiri-ratid_umbrikus.jpg","contentUrl":"https:\/\/epood.saara.ee\/wp-content\/uploads\/2017\/04\/Siiri-ratid_umbrikus.jpg","width":600,"height":600},{"@type":"BreadcrumbList","@id":"https:\/\/epood.saara.ee\/en\/pood\/triangular-knitted-shawls-siiri-reimann#breadcrumb","itemListElement":[{"@type":"ListItem","position":1,"name":"Home","item":"https:\/\/epood.saara.ee\/en"},{"@type":"ListItem","position":2,"name":"Shop","item":"https:\/\/epood.saara.ee\/en\/shop"},{"@type":"ListItem","position":3,"name":"Siiri r\u00e4tid. Triangular Knitted Shawls by Siiri Reimann"}]},{"@type":"WebSite","@id":"https:\/\/epood.saara.ee\/#website","url":"https:\/\/epood.saara.ee\/","name":"Saara Kirjastus","description":"Kujundusteenused, raamatud, k&auml;sit&ouml;&ouml;","publisher":{"@id":"https:\/\/epood.saara.ee\/#organization"},"potentialAction":[{"@type":"SearchAction","target":{"@type":"EntryPoint","urlTemplate":"https:\/\/epood.saara.ee\/?s={search_term_string}"},"query-input":{"@type":"PropertyValueSpecification","valueRequired":true,"valueName":"search_term_string"}}],"inLanguage":"en-US"},{"@type":"Organization","@id":"https:\/\/epood.saara.ee\/#organization","name":"Saarakiri O\u00dc","url":"https:\/\/epood.saara.ee\/","logo":{"@type":"ImageObject","inLanguage":"en-US","@id":"https:\/\/epood.saara.ee\/#\/schema\/logo\/image\/","url":"https:\/\/epood.saara.ee\/wp-content\/uploads\/2015\/03\/saara_mv_R.png","contentUrl":"https:\/\/epood.saara.ee\/wp-content\/uploads\/2015\/03\/saara_mv_R.png","width":649,"height":226,"caption":"Saarakiri O\u00dc"},"image":{"@id":"https:\/\/epood.saara.ee\/#\/schema\/logo\/image\/"},"sameAs":["https:\/\/www.facebook.com\/Saara-Kirjastus"]}]}},"_links":{"self":[{"href":"https:\/\/epood.saara.ee\/en\/wp-json\/wp\/v2\/product\/14144","targetHints":{"allow":["GET"]}}],"collection":[{"href":"https:\/\/epood.saara.ee\/en\/wp-json\/wp\/v2\/product"}],"about":[{"href":"https:\/\/epood.saara.ee\/en\/wp-json\/wp\/v2\/types\/product"}],"wp:featuredmedia":[{"embeddable":true,"href":"https:\/\/epood.saara.ee\/en\/wp-json\/wp\/v2\/media\/51619"}],"wp:attachment":[{"href":"https:\/\/epood.saara.ee\/en\/wp-json\/wp\/v2\/media?parent=14144"}],"wp:term":[{"taxonomy":"product_brand","embeddable":true,"href":"https:\/\/epood.saara.ee\/en\/wp-json\/wp\/v2\/product_brand?post=14144"},{"taxonomy":"product_cat","embeddable":true,"href":"https:\/\/epood.saara.ee\/en\/wp-json\/wp\/v2\/product_cat?post=14144"},{"taxonomy":"product_tag","embeddable":true,"href":"https:\/\/epood.saara.ee\/en\/wp-json\/wp\/v2\/product_tag?post=14144"}],"curies":[{"name":"wp","href":"https:\/\/api.w.org\/{rel}","templated":true}]}}