{"id":14094,"date":"2015-04-17T15:52:31","date_gmt":"2015-04-17T12:52:31","guid":{"rendered":"http:\/\/epood.saara.ee\/pood\/eesti-kirivood-est"},"modified":"2026-01-06T15:14:52","modified_gmt":"2026-01-06T13:14:52","slug":"eesti-kirivood","status":"publish","type":"product","link":"https:\/\/epood.saara.ee\/en\/pood\/eesti-kirivood","title":{"rendered":"Eesti kiriv\u00f6\u00f6d"},"content":{"rendered":"<p>Kiriv\u00f6\u00f6 kudumise \u00f5petus ja 224 kiriv\u00f6\u00f6 mustrit.<\/p>\n<p>Tundub uskumatu, kui palju kauneid v\u00f6\u00f6kirju on meie esiemad suutnud v\u00e4lja m\u00f5elda! Kiriv\u00f6\u00f6 kudumine on meie rahva \u00fcks p\u00e4randoskusi \u2013 see on v\u00e4\u00e4rt s\u00e4ilitamist ja edasikandmist. Piia Rand on v\u00f6\u00f6de uurimisele p\u00fchendanud suure osa oma vabast ajast ning pakub n\u00fc\u00fcd v\u00f6\u00f6kudumise tarkusi teilegi. Raamatus on p\u00f5hjalikud \u00f5petused kiriv\u00f6\u00f6 kudumiseks v\u00f6\u00f6telgedel, tihva abil ja \u00fcmber keha l\u00f5imi hoides ning igast Eestimaa kihelkonnast kaks v\u00f6\u00f6mustrit koos foto ja legendiga. Kui v\u00f6\u00f6kudumine polegi plaanis, v\u00f5ib oma kodupaiga ilusaid v\u00f6\u00f6kirju n\u00e4iteks varrastel kududa v\u00f5i tikkida. V\u00f6\u00f6mustrid sobivad ka selleks suurep\u00e4raselt.<\/p>\n<p>Raamat valmis koost\u00f6\u00f6s Eesti Rahva Muuseumiga.<\/p>\n<p>288 lk, v\u00e4rviline, k\u00f5va k\u00f6ide, formaat 25 x 21 cm<\/p>\n<p>Tegemist on uue, pisut t\u00e4iendatud\/parandatud kordustr\u00fckiga.<\/p>\n<p>&nbsp;<\/p>\n","protected":false},"excerpt":{"rendered":"<p>ISBN: 9789916741054<\/p>\n<p>Autor: Piia Rand<\/p>\n","protected":false},"featured_media":18268,"template":"","meta":[],"product_brand":[],"product_cat":[309,168,172],"product_tag":[],"class_list":{"0":"post-14094","1":"product","2":"type-product","3":"status-publish","4":"has-post-thumbnail","6":"product_cat-belt-weaving","7":"product_cat-books-en","8":"product_cat-kasitooraamatud-en","10":"first","11":"instock","12":"shipping-taxable","13":"purchasable","14":"product-type-simple"},"yoast_head":"<!-- This site is optimized with the Yoast SEO plugin v27.2 - https:\/\/yoast.com\/product\/yoast-seo-wordpress\/ -->\n<title>Eesti kiriv\u00f6\u00f6d - Saara Kirjastus<\/title>\n<meta name=\"description\" content=\"Kiriv\u00f6\u00f6 kudumise \u00f5petus ja 224 kiriv\u00f6\u00f6 mustrit. Autor Piia Rand\" \/>\n<meta name=\"robots\" content=\"index, follow, max-snippet:-1, max-image-preview:large, max-video-preview:-1\" \/>\n<link rel=\"canonical\" href=\"https:\/\/epood.saara.ee\/en\/pood\/eesti-kirivood\" \/>\n<meta property=\"og:locale\" content=\"en_US\" \/>\n<meta property=\"og:type\" content=\"article\" \/>\n<meta property=\"og:title\" content=\"Eesti kiriv\u00f6\u00f6d - Saara Kirjastus\" \/>\n<meta property=\"og:description\" content=\"Kiriv\u00f6\u00f6 kudumise \u00f5petus ja 224 kiriv\u00f6\u00f6 mustrit. Autor Piia Rand\" \/>\n<meta property=\"og:url\" content=\"https:\/\/epood.saara.ee\/en\/pood\/eesti-kirivood\" \/>\n<meta property=\"og:site_name\" content=\"Saara Kirjastus\" \/>\n<meta property=\"article:publisher\" content=\"https:\/\/www.facebook.com\/Saara-Kirjastus\" \/>\n<meta property=\"article:modified_time\" content=\"2026-01-06T13:14:52+00:00\" \/>\n<meta property=\"og:image\" content=\"https:\/\/epood.saara.ee\/wp-content\/uploads\/2015\/04\/Eesti_kirivood_esikaas-1.png\" \/>\n\t<meta property=\"og:image:width\" content=\"600\" \/>\n\t<meta property=\"og:image:height\" content=\"600\" \/>\n\t<meta property=\"og:image:type\" content=\"image\/png\" \/>\n<meta name=\"twitter:label1\" content=\"Est. reading time\" \/>\n\t<meta name=\"twitter:data1\" content=\"1 minute\" \/>\n<script type=\"application\/ld+json\" class=\"yoast-schema-graph\">{\"@context\":\"https:\/\/schema.org\",\"@graph\":[{\"@type\":\"WebPage\",\"@id\":\"https:\/\/epood.saara.ee\/en\/pood\/eesti-kirivood\",\"url\":\"https:\/\/epood.saara.ee\/en\/pood\/eesti-kirivood\",\"name\":\"Eesti kiriv\u00f6\u00f6d - Saara Kirjastus\",\"isPartOf\":{\"@id\":\"https:\/\/epood.saara.ee\/#website\"},\"primaryImageOfPage\":{\"@id\":\"https:\/\/epood.saara.ee\/en\/pood\/eesti-kirivood#primaryimage\"},\"image\":{\"@id\":\"https:\/\/epood.saara.ee\/en\/pood\/eesti-kirivood#primaryimage\"},\"thumbnailUrl\":\"https:\/\/epood.saara.ee\/wp-content\/uploads\/2015\/04\/Eesti_kirivood_esikaas-1.png\",\"datePublished\":\"2015-04-17T12:52:31+00:00\",\"dateModified\":\"2026-01-06T13:14:52+00:00\",\"description\":\"Kiriv\u00f6\u00f6 kudumise \u00f5petus ja 224 kiriv\u00f6\u00f6 mustrit. Autor Piia Rand\",\"breadcrumb\":{\"@id\":\"https:\/\/epood.saara.ee\/en\/pood\/eesti-kirivood#breadcrumb\"},\"inLanguage\":\"en-US\",\"potentialAction\":[{\"@type\":\"ReadAction\",\"target\":[\"https:\/\/epood.saara.ee\/en\/pood\/eesti-kirivood\"]}]},{\"@type\":\"ImageObject\",\"inLanguage\":\"en-US\",\"@id\":\"https:\/\/epood.saara.ee\/en\/pood\/eesti-kirivood#primaryimage\",\"url\":\"https:\/\/epood.saara.ee\/wp-content\/uploads\/2015\/04\/Eesti_kirivood_esikaas-1.png\",\"contentUrl\":\"https:\/\/epood.saara.ee\/wp-content\/uploads\/2015\/04\/Eesti_kirivood_esikaas-1.png\",\"width\":600,\"height\":600,\"caption\":\"woven belt patterns\"},{\"@type\":\"BreadcrumbList\",\"@id\":\"https:\/\/epood.saara.ee\/en\/pood\/eesti-kirivood#breadcrumb\",\"itemListElement\":[{\"@type\":\"ListItem\",\"position\":1,\"name\":\"Home\",\"item\":\"https:\/\/epood.saara.ee\/en\"},{\"@type\":\"ListItem\",\"position\":2,\"name\":\"Shop\",\"item\":\"https:\/\/epood.saara.ee\/en\/shop\"},{\"@type\":\"ListItem\",\"position\":3,\"name\":\"Eesti kiriv\u00f6\u00f6d\"}]},{\"@type\":\"WebSite\",\"@id\":\"https:\/\/epood.saara.ee\/#website\",\"url\":\"https:\/\/epood.saara.ee\/\",\"name\":\"Saara Kirjastus\",\"description\":\"Kujundusteenused, raamatud, k&auml;sit&ouml;&ouml;\",\"publisher\":{\"@id\":\"https:\/\/epood.saara.ee\/#organization\"},\"potentialAction\":[{\"@type\":\"SearchAction\",\"target\":{\"@type\":\"EntryPoint\",\"urlTemplate\":\"https:\/\/epood.saara.ee\/?s={search_term_string}\"},\"query-input\":{\"@type\":\"PropertyValueSpecification\",\"valueRequired\":true,\"valueName\":\"search_term_string\"}}],\"inLanguage\":\"en-US\"},{\"@type\":\"Organization\",\"@id\":\"https:\/\/epood.saara.ee\/#organization\",\"name\":\"Saarakiri O\u00dc\",\"url\":\"https:\/\/epood.saara.ee\/\",\"logo\":{\"@type\":\"ImageObject\",\"inLanguage\":\"en-US\",\"@id\":\"https:\/\/epood.saara.ee\/#\/schema\/logo\/image\/\",\"url\":\"https:\/\/epood.saara.ee\/wp-content\/uploads\/2015\/03\/saara_mv_R.png\",\"contentUrl\":\"https:\/\/epood.saara.ee\/wp-content\/uploads\/2015\/03\/saara_mv_R.png\",\"width\":649,\"height\":226,\"caption\":\"Saarakiri O\u00dc\"},\"image\":{\"@id\":\"https:\/\/epood.saara.ee\/#\/schema\/logo\/image\/\"},\"sameAs\":[\"https:\/\/www.facebook.com\/Saara-Kirjastus\"]}]}<\/script>\n<!-- \/ Yoast SEO plugin. -->","yoast_head_json":{"title":"Eesti kiriv\u00f6\u00f6d - Saara Kirjastus","description":"Kiriv\u00f6\u00f6 kudumise \u00f5petus ja 224 kiriv\u00f6\u00f6 mustrit. Autor Piia Rand","robots":{"index":"index","follow":"follow","max-snippet":"max-snippet:-1","max-image-preview":"max-image-preview:large","max-video-preview":"max-video-preview:-1"},"canonical":"https:\/\/epood.saara.ee\/en\/pood\/eesti-kirivood","og_locale":"en_US","og_type":"article","og_title":"Eesti kiriv\u00f6\u00f6d - Saara Kirjastus","og_description":"Kiriv\u00f6\u00f6 kudumise \u00f5petus ja 224 kiriv\u00f6\u00f6 mustrit. Autor Piia Rand","og_url":"https:\/\/epood.saara.ee\/en\/pood\/eesti-kirivood","og_site_name":"Saara Kirjastus","article_publisher":"https:\/\/www.facebook.com\/Saara-Kirjastus","article_modified_time":"2026-01-06T13:14:52+00:00","og_image":[{"width":600,"height":600,"url":"https:\/\/epood.saara.ee\/wp-content\/uploads\/2015\/04\/Eesti_kirivood_esikaas-1.png","type":"image\/png"}],"twitter_misc":{"Est. reading time":"1 minute"},"schema":{"@context":"https:\/\/schema.org","@graph":[{"@type":"WebPage","@id":"https:\/\/epood.saara.ee\/en\/pood\/eesti-kirivood","url":"https:\/\/epood.saara.ee\/en\/pood\/eesti-kirivood","name":"Eesti kiriv\u00f6\u00f6d - Saara Kirjastus","isPartOf":{"@id":"https:\/\/epood.saara.ee\/#website"},"primaryImageOfPage":{"@id":"https:\/\/epood.saara.ee\/en\/pood\/eesti-kirivood#primaryimage"},"image":{"@id":"https:\/\/epood.saara.ee\/en\/pood\/eesti-kirivood#primaryimage"},"thumbnailUrl":"https:\/\/epood.saara.ee\/wp-content\/uploads\/2015\/04\/Eesti_kirivood_esikaas-1.png","datePublished":"2015-04-17T12:52:31+00:00","dateModified":"2026-01-06T13:14:52+00:00","description":"Kiriv\u00f6\u00f6 kudumise \u00f5petus ja 224 kiriv\u00f6\u00f6 mustrit. Autor Piia Rand","breadcrumb":{"@id":"https:\/\/epood.saara.ee\/en\/pood\/eesti-kirivood#breadcrumb"},"inLanguage":"en-US","potentialAction":[{"@type":"ReadAction","target":["https:\/\/epood.saara.ee\/en\/pood\/eesti-kirivood"]}]},{"@type":"ImageObject","inLanguage":"en-US","@id":"https:\/\/epood.saara.ee\/en\/pood\/eesti-kirivood#primaryimage","url":"https:\/\/epood.saara.ee\/wp-content\/uploads\/2015\/04\/Eesti_kirivood_esikaas-1.png","contentUrl":"https:\/\/epood.saara.ee\/wp-content\/uploads\/2015\/04\/Eesti_kirivood_esikaas-1.png","width":600,"height":600,"caption":"woven belt patterns"},{"@type":"BreadcrumbList","@id":"https:\/\/epood.saara.ee\/en\/pood\/eesti-kirivood#breadcrumb","itemListElement":[{"@type":"ListItem","position":1,"name":"Home","item":"https:\/\/epood.saara.ee\/en"},{"@type":"ListItem","position":2,"name":"Shop","item":"https:\/\/epood.saara.ee\/en\/shop"},{"@type":"ListItem","position":3,"name":"Eesti kiriv\u00f6\u00f6d"}]},{"@type":"WebSite","@id":"https:\/\/epood.saara.ee\/#website","url":"https:\/\/epood.saara.ee\/","name":"Saara Kirjastus","description":"Kujundusteenused, raamatud, k&auml;sit&ouml;&ouml;","publisher":{"@id":"https:\/\/epood.saara.ee\/#organization"},"potentialAction":[{"@type":"SearchAction","target":{"@type":"EntryPoint","urlTemplate":"https:\/\/epood.saara.ee\/?s={search_term_string}"},"query-input":{"@type":"PropertyValueSpecification","valueRequired":true,"valueName":"search_term_string"}}],"inLanguage":"en-US"},{"@type":"Organization","@id":"https:\/\/epood.saara.ee\/#organization","name":"Saarakiri O\u00dc","url":"https:\/\/epood.saara.ee\/","logo":{"@type":"ImageObject","inLanguage":"en-US","@id":"https:\/\/epood.saara.ee\/#\/schema\/logo\/image\/","url":"https:\/\/epood.saara.ee\/wp-content\/uploads\/2015\/03\/saara_mv_R.png","contentUrl":"https:\/\/epood.saara.ee\/wp-content\/uploads\/2015\/03\/saara_mv_R.png","width":649,"height":226,"caption":"Saarakiri O\u00dc"},"image":{"@id":"https:\/\/epood.saara.ee\/#\/schema\/logo\/image\/"},"sameAs":["https:\/\/www.facebook.com\/Saara-Kirjastus"]}]}},"_links":{"self":[{"href":"https:\/\/epood.saara.ee\/en\/wp-json\/wp\/v2\/product\/14094","targetHints":{"allow":["GET"]}}],"collection":[{"href":"https:\/\/epood.saara.ee\/en\/wp-json\/wp\/v2\/product"}],"about":[{"href":"https:\/\/epood.saara.ee\/en\/wp-json\/wp\/v2\/types\/product"}],"wp:featuredmedia":[{"embeddable":true,"href":"https:\/\/epood.saara.ee\/en\/wp-json\/wp\/v2\/media\/18268"}],"wp:attachment":[{"href":"https:\/\/epood.saara.ee\/en\/wp-json\/wp\/v2\/media?parent=14094"}],"wp:term":[{"taxonomy":"product_brand","embeddable":true,"href":"https:\/\/epood.saara.ee\/en\/wp-json\/wp\/v2\/product_brand?post=14094"},{"taxonomy":"product_cat","embeddable":true,"href":"https:\/\/epood.saara.ee\/en\/wp-json\/wp\/v2\/product_cat?post=14094"},{"taxonomy":"product_tag","embeddable":true,"href":"https:\/\/epood.saara.ee\/en\/wp-json\/wp\/v2\/product_tag?post=14094"}],"curies":[{"name":"wp","href":"https:\/\/api.w.org\/{rel}","templated":true}]}}