{"id":11600,"date":"2016-10-18T19:19:36","date_gmt":"2016-10-20T11:30:38","guid":{"rendered":"http:\/\/epood.saara.ee\/en\/?post_type=product&#038;p=11600"},"modified":"2017-07-31T16:02:54","modified_gmt":"2017-07-31T13:02:54","slug":"passionate-red-thick-yarn-haapsalu-shawl-152","status":"publish","type":"product","link":"https:\/\/epood.saara.ee\/en\/pood\/passionate-red-thick-yarn-haapsalu-shawl-152","title":{"rendered":"Passionate Red Thick Yarn for the Haapsalu Shawl 15\/2"},"content":{"rendered":"<p>Tavap\u00e4rasest Haapsalu salli l\u00f5ngast poole j\u00e4medam Itaaliast p\u00e4rit t\u00e4isvillane kahekordne l\u00f5ng on hea kududa ja hoiab venitatult h\u00e4sti vormi. Sobib h\u00e4sti algajale r\u00e4tikudujale ja neile, kes soovivad toekamat r\u00e4tti. Soovitame kasutada vardaid nr 3 kuni nr 4. Keskmise r\u00e4ti kudumiseks kulub kaks kera l\u00f5nga.<\/p>\n<p>Raamatute &#8220;Haapsalu sall&#8221; ja &#8220;Haapsalu r\u00e4tt&#8221; autor Siiri Reimann peab seda heaks j\u00e4medaks r\u00e4til\u00f5ngaks!<\/p>\n<div  class='av-social-sharing-box av-av_social_share-feb505b66c6ae6530f7e1dd10db56ce8 av-social-sharing-box-minimal  avia-builder-el-0  avia-builder-el-no-sibling  av-social-sharing-box-fullwidth'><div class=\"av-share-box\"><h5 class='av-share-link-description av-no-toc '>Jaga<\/h5><ul class=\"av-share-box-list noLightbox\"><li class='av-share-link av-social-link-facebook' ><a target=\"_blank\" aria-label=\"Share on Facebook\" href='https:\/\/www.facebook.com\/sharer.php?u=https:\/\/epood.saara.ee\/en\/pood\/passionate-red-thick-yarn-haapsalu-shawl-152&#038;t=Passionate%20Red%20Thick%20Yarn%20for%20the%20Haapsalu%20Shawl%2015%2F2' aria-hidden='false' data-av_icon='\ue8f3' data-av_iconfont='entypo-fontello' title='' data-avia-related-tooltip='Share on Facebook' rel=\"noopener\"><span class='avia_hidden_link_text'>Share on Facebook<\/span><\/a><\/li><\/ul><\/div><\/div>\n","protected":false},"excerpt":{"rendered":"<p>100 % wool<br \/>\nDimension: 100 g \/ 750 m<br \/>\nColor: Passionate Red<\/p>\n","protected":false},"featured_media":11557,"template":"","meta":[],"product_brand":[],"product_cat":[173,204,177],"product_tag":[],"class_list":{"0":"post-11600","1":"product","2":"type-product","3":"status-publish","4":"has-post-thumbnail","6":"product_cat-haapsalu-shawl","7":"product_cat-haapsalu-shawl-yarns","8":"product_cat-yarns","10":"first","11":"outofstock","12":"shipping-taxable","13":"purchasable","14":"product-type-simple"},"yoast_head":"<!-- This site is optimized with the Yoast SEO plugin v27.3 - https:\/\/yoast.com\/product\/yoast-seo-wordpress\/ -->\n<title>Passionate Red Thick Yarn for the Haapsalu Shawl 15\/2 - Saara Kirjastus<\/title>\n<meta name=\"robots\" content=\"index, follow, max-snippet:-1, max-image-preview:large, max-video-preview:-1\" \/>\n<link rel=\"canonical\" href=\"https:\/\/epood.saara.ee\/en\/pood\/passionate-red-thick-yarn-haapsalu-shawl-152\" \/>\n<meta property=\"og:locale\" content=\"en_US\" \/>\n<meta property=\"og:type\" content=\"article\" \/>\n<meta property=\"og:title\" content=\"Passionate Red Thick Yarn for the Haapsalu Shawl 15\/2 - Saara Kirjastus\" \/>\n<meta property=\"og:description\" content=\"100 % wool Dimension: 100 g \/ 750 m Color: Passionate Red\" \/>\n<meta property=\"og:url\" content=\"https:\/\/epood.saara.ee\/en\/pood\/passionate-red-thick-yarn-haapsalu-shawl-152\" \/>\n<meta property=\"og:site_name\" content=\"Saara Kirjastus\" \/>\n<meta property=\"article:publisher\" content=\"https:\/\/www.facebook.com\/Saara-Kirjastus\" \/>\n<meta property=\"article:modified_time\" content=\"2017-07-31T13:02:54+00:00\" \/>\n<meta property=\"og:image\" content=\"https:\/\/epood.saara.ee\/wp-content\/uploads\/2016\/10\/kirepunane-15_2.jpg\" \/>\n\t<meta property=\"og:image:width\" content=\"600\" \/>\n\t<meta property=\"og:image:height\" content=\"600\" \/>\n\t<meta property=\"og:image:type\" content=\"image\/jpeg\" \/>\n<script type=\"application\/ld+json\" class=\"yoast-schema-graph\">{\"@context\":\"https:\\\/\\\/schema.org\",\"@graph\":[{\"@type\":\"WebPage\",\"@id\":\"https:\\\/\\\/epood.saara.ee\\\/en\\\/pood\\\/passionate-red-thick-yarn-haapsalu-shawl-152\",\"url\":\"https:\\\/\\\/epood.saara.ee\\\/en\\\/pood\\\/passionate-red-thick-yarn-haapsalu-shawl-152\",\"name\":\"Passionate Red Thick Yarn for the Haapsalu Shawl 15\\\/2 - Saara Kirjastus\",\"isPartOf\":{\"@id\":\"https:\\\/\\\/epood.saara.ee\\\/#website\"},\"primaryImageOfPage\":{\"@id\":\"https:\\\/\\\/epood.saara.ee\\\/en\\\/pood\\\/passionate-red-thick-yarn-haapsalu-shawl-152#primaryimage\"},\"image\":{\"@id\":\"https:\\\/\\\/epood.saara.ee\\\/en\\\/pood\\\/passionate-red-thick-yarn-haapsalu-shawl-152#primaryimage\"},\"thumbnailUrl\":\"https:\\\/\\\/epood.saara.ee\\\/wp-content\\\/uploads\\\/2016\\\/10\\\/kirepunane-15_2.jpg\",\"datePublished\":\"2016-10-20T11:30:38+00:00\",\"dateModified\":\"2017-07-31T13:02:54+00:00\",\"breadcrumb\":{\"@id\":\"https:\\\/\\\/epood.saara.ee\\\/en\\\/pood\\\/passionate-red-thick-yarn-haapsalu-shawl-152#breadcrumb\"},\"inLanguage\":\"en-US\",\"potentialAction\":[{\"@type\":\"ReadAction\",\"target\":[\"https:\\\/\\\/epood.saara.ee\\\/en\\\/pood\\\/passionate-red-thick-yarn-haapsalu-shawl-152\"]}]},{\"@type\":\"ImageObject\",\"inLanguage\":\"en-US\",\"@id\":\"https:\\\/\\\/epood.saara.ee\\\/en\\\/pood\\\/passionate-red-thick-yarn-haapsalu-shawl-152#primaryimage\",\"url\":\"https:\\\/\\\/epood.saara.ee\\\/wp-content\\\/uploads\\\/2016\\\/10\\\/kirepunane-15_2.jpg\",\"contentUrl\":\"https:\\\/\\\/epood.saara.ee\\\/wp-content\\\/uploads\\\/2016\\\/10\\\/kirepunane-15_2.jpg\",\"width\":600,\"height\":600,\"caption\":\"Passionate Red Thick Yarn\"},{\"@type\":\"BreadcrumbList\",\"@id\":\"https:\\\/\\\/epood.saara.ee\\\/en\\\/pood\\\/passionate-red-thick-yarn-haapsalu-shawl-152#breadcrumb\",\"itemListElement\":[{\"@type\":\"ListItem\",\"position\":1,\"name\":\"Home\",\"item\":\"https:\\\/\\\/epood.saara.ee\\\/en\"},{\"@type\":\"ListItem\",\"position\":2,\"name\":\"Shop\",\"item\":\"https:\\\/\\\/epood.saara.ee\\\/en\\\/shop\"},{\"@type\":\"ListItem\",\"position\":3,\"name\":\"Passionate Red Thick Yarn for the Haapsalu Shawl 15\\\/2\"}]},{\"@type\":\"WebSite\",\"@id\":\"https:\\\/\\\/epood.saara.ee\\\/#website\",\"url\":\"https:\\\/\\\/epood.saara.ee\\\/\",\"name\":\"Saara Kirjastus\",\"description\":\"Kujundusteenused, raamatud, k&auml;sit&ouml;&ouml;\",\"publisher\":{\"@id\":\"https:\\\/\\\/epood.saara.ee\\\/#organization\"},\"potentialAction\":[{\"@type\":\"SearchAction\",\"target\":{\"@type\":\"EntryPoint\",\"urlTemplate\":\"https:\\\/\\\/epood.saara.ee\\\/?s={search_term_string}\"},\"query-input\":{\"@type\":\"PropertyValueSpecification\",\"valueRequired\":true,\"valueName\":\"search_term_string\"}}],\"inLanguage\":\"en-US\"},{\"@type\":\"Organization\",\"@id\":\"https:\\\/\\\/epood.saara.ee\\\/#organization\",\"name\":\"Saarakiri O\u00dc\",\"url\":\"https:\\\/\\\/epood.saara.ee\\\/\",\"logo\":{\"@type\":\"ImageObject\",\"inLanguage\":\"en-US\",\"@id\":\"https:\\\/\\\/epood.saara.ee\\\/#\\\/schema\\\/logo\\\/image\\\/\",\"url\":\"https:\\\/\\\/epood.saara.ee\\\/wp-content\\\/uploads\\\/2015\\\/03\\\/saara_mv_R.png\",\"contentUrl\":\"https:\\\/\\\/epood.saara.ee\\\/wp-content\\\/uploads\\\/2015\\\/03\\\/saara_mv_R.png\",\"width\":649,\"height\":226,\"caption\":\"Saarakiri O\u00dc\"},\"image\":{\"@id\":\"https:\\\/\\\/epood.saara.ee\\\/#\\\/schema\\\/logo\\\/image\\\/\"},\"sameAs\":[\"https:\\\/\\\/www.facebook.com\\\/Saara-Kirjastus\"]}]}<\/script>\n<!-- \/ Yoast SEO plugin. -->","yoast_head_json":{"title":"Passionate Red Thick Yarn for the Haapsalu Shawl 15\/2 - Saara Kirjastus","robots":{"index":"index","follow":"follow","max-snippet":"max-snippet:-1","max-image-preview":"max-image-preview:large","max-video-preview":"max-video-preview:-1"},"canonical":"https:\/\/epood.saara.ee\/en\/pood\/passionate-red-thick-yarn-haapsalu-shawl-152","og_locale":"en_US","og_type":"article","og_title":"Passionate Red Thick Yarn for the Haapsalu Shawl 15\/2 - Saara Kirjastus","og_description":"100 % wool Dimension: 100 g \/ 750 m Color: Passionate Red","og_url":"https:\/\/epood.saara.ee\/en\/pood\/passionate-red-thick-yarn-haapsalu-shawl-152","og_site_name":"Saara Kirjastus","article_publisher":"https:\/\/www.facebook.com\/Saara-Kirjastus","article_modified_time":"2017-07-31T13:02:54+00:00","og_image":[{"width":600,"height":600,"url":"https:\/\/epood.saara.ee\/wp-content\/uploads\/2016\/10\/kirepunane-15_2.jpg","type":"image\/jpeg"}],"schema":{"@context":"https:\/\/schema.org","@graph":[{"@type":"WebPage","@id":"https:\/\/epood.saara.ee\/en\/pood\/passionate-red-thick-yarn-haapsalu-shawl-152","url":"https:\/\/epood.saara.ee\/en\/pood\/passionate-red-thick-yarn-haapsalu-shawl-152","name":"Passionate Red Thick Yarn for the Haapsalu Shawl 15\/2 - Saara Kirjastus","isPartOf":{"@id":"https:\/\/epood.saara.ee\/#website"},"primaryImageOfPage":{"@id":"https:\/\/epood.saara.ee\/en\/pood\/passionate-red-thick-yarn-haapsalu-shawl-152#primaryimage"},"image":{"@id":"https:\/\/epood.saara.ee\/en\/pood\/passionate-red-thick-yarn-haapsalu-shawl-152#primaryimage"},"thumbnailUrl":"https:\/\/epood.saara.ee\/wp-content\/uploads\/2016\/10\/kirepunane-15_2.jpg","datePublished":"2016-10-20T11:30:38+00:00","dateModified":"2017-07-31T13:02:54+00:00","breadcrumb":{"@id":"https:\/\/epood.saara.ee\/en\/pood\/passionate-red-thick-yarn-haapsalu-shawl-152#breadcrumb"},"inLanguage":"en-US","potentialAction":[{"@type":"ReadAction","target":["https:\/\/epood.saara.ee\/en\/pood\/passionate-red-thick-yarn-haapsalu-shawl-152"]}]},{"@type":"ImageObject","inLanguage":"en-US","@id":"https:\/\/epood.saara.ee\/en\/pood\/passionate-red-thick-yarn-haapsalu-shawl-152#primaryimage","url":"https:\/\/epood.saara.ee\/wp-content\/uploads\/2016\/10\/kirepunane-15_2.jpg","contentUrl":"https:\/\/epood.saara.ee\/wp-content\/uploads\/2016\/10\/kirepunane-15_2.jpg","width":600,"height":600,"caption":"Passionate Red Thick Yarn"},{"@type":"BreadcrumbList","@id":"https:\/\/epood.saara.ee\/en\/pood\/passionate-red-thick-yarn-haapsalu-shawl-152#breadcrumb","itemListElement":[{"@type":"ListItem","position":1,"name":"Home","item":"https:\/\/epood.saara.ee\/en"},{"@type":"ListItem","position":2,"name":"Shop","item":"https:\/\/epood.saara.ee\/en\/shop"},{"@type":"ListItem","position":3,"name":"Passionate Red Thick Yarn for the Haapsalu Shawl 15\/2"}]},{"@type":"WebSite","@id":"https:\/\/epood.saara.ee\/#website","url":"https:\/\/epood.saara.ee\/","name":"Saara Kirjastus","description":"Kujundusteenused, raamatud, k&auml;sit&ouml;&ouml;","publisher":{"@id":"https:\/\/epood.saara.ee\/#organization"},"potentialAction":[{"@type":"SearchAction","target":{"@type":"EntryPoint","urlTemplate":"https:\/\/epood.saara.ee\/?s={search_term_string}"},"query-input":{"@type":"PropertyValueSpecification","valueRequired":true,"valueName":"search_term_string"}}],"inLanguage":"en-US"},{"@type":"Organization","@id":"https:\/\/epood.saara.ee\/#organization","name":"Saarakiri O\u00dc","url":"https:\/\/epood.saara.ee\/","logo":{"@type":"ImageObject","inLanguage":"en-US","@id":"https:\/\/epood.saara.ee\/#\/schema\/logo\/image\/","url":"https:\/\/epood.saara.ee\/wp-content\/uploads\/2015\/03\/saara_mv_R.png","contentUrl":"https:\/\/epood.saara.ee\/wp-content\/uploads\/2015\/03\/saara_mv_R.png","width":649,"height":226,"caption":"Saarakiri O\u00dc"},"image":{"@id":"https:\/\/epood.saara.ee\/#\/schema\/logo\/image\/"},"sameAs":["https:\/\/www.facebook.com\/Saara-Kirjastus"]}]}},"_links":{"self":[{"href":"https:\/\/epood.saara.ee\/en\/wp-json\/wp\/v2\/product\/11600","targetHints":{"allow":["GET"]}}],"collection":[{"href":"https:\/\/epood.saara.ee\/en\/wp-json\/wp\/v2\/product"}],"about":[{"href":"https:\/\/epood.saara.ee\/en\/wp-json\/wp\/v2\/types\/product"}],"wp:featuredmedia":[{"embeddable":true,"href":"https:\/\/epood.saara.ee\/en\/wp-json\/wp\/v2\/media\/11557"}],"wp:attachment":[{"href":"https:\/\/epood.saara.ee\/en\/wp-json\/wp\/v2\/media?parent=11600"}],"wp:term":[{"taxonomy":"product_brand","embeddable":true,"href":"https:\/\/epood.saara.ee\/en\/wp-json\/wp\/v2\/product_brand?post=11600"},{"taxonomy":"product_cat","embeddable":true,"href":"https:\/\/epood.saara.ee\/en\/wp-json\/wp\/v2\/product_cat?post=11600"},{"taxonomy":"product_tag","embeddable":true,"href":"https:\/\/epood.saara.ee\/en\/wp-json\/wp\/v2\/product_tag?post=11600"}],"curies":[{"name":"wp","href":"https:\/\/api.w.org\/{rel}","templated":true}]}}