{"id":10734,"date":"2016-08-18T15:30:14","date_gmt":"2016-08-18T12:30:15","guid":{"rendered":""},"modified":"2025-06-11T15:25:15","modified_gmt":"2025-06-11T12:25:15","slug":"koome-haapsalu-salli","status":"publish","type":"product","link":"https:\/\/epood.saara.ee\/en\/pood\/koome-haapsalu-salli","title":{"rendered":"Koome Haapsalu salli"},"content":{"rendered":"<p>See on uue sarja SAARA K\u00c4SIT\u00d6\u00d6KOOL esimene raamat. V\u00e4ike ja praktiline raamatuke mahub h\u00f5lpsalt k\u00e4ekotti,\u00a0 seda saab kasutada rongis, rannas v\u00f5i kohvikus, v\u00f5tta kaasa puhkusele v\u00f5i mahutada kohviatassi k\u00f5rvale.<\/p>\n<p>&#8220;Koome Haapsalu salli&#8221; autor on Haapsalu pitsimester ja \u00f5petaja Siiri Reimann. Raamat pole siiski l\u00fchendatud variant mahukamast raamatust &#8220;Haapsalu sall&#8221;, pigem on see veelgi t\u00e4psemaks lihvitud ja v\u00e4ga konkreetselt kirja pandud \u00f5petus neile, kes tahavad iseseisvalt sallikudumise ette v\u00f5tta. \u00d5petustele lisaks on toodud ka \u00fcheksa enamlevinud sallikirja.<\/p>\n<h5>Koome koos Haapsalu salli \u2013 sellest v\u00f5ib saada sinu uus hobi!<\/h5>\n<div  class='av-social-sharing-box av-mwu5rh-f80793191407df0bc53f006ae968a03f av-social-sharing-box-minimal  avia-builder-el-0  avia-builder-el-no-sibling  av-social-sharing-box-fullwidth'><div class=\"av-share-box\"><h5 class='av-share-link-description av-no-toc '>In Estonian<\/h5><ul class=\"av-share-box-list noLightbox\"><li class='av-share-link av-social-link-facebook' ><a target=\"_blank\" aria-label=\"Share on Facebook\" href='https:\/\/www.facebook.com\/sharer.php?u=https:\/\/epood.saara.ee\/en\/pood\/koome-haapsalu-salli&#038;t=Koome%20Haapsalu%20salli' aria-hidden='false' data-av_icon='\ue8f3' data-av_iconfont='entypo-fontello' title='' data-avia-related-tooltip='Share on Facebook' rel=\"noopener\"><span class='avia_hidden_link_text'>Share on Facebook<\/span><\/a><\/li><\/ul><\/div><\/div>\n","protected":false},"excerpt":{"rendered":"<p>&nbsp;<\/p>\n<p>&nbsp;<\/p>\n<p>&nbsp;<\/p>\n","protected":false},"featured_media":18258,"template":"","meta":[],"product_brand":[],"product_cat":[168,172],"product_tag":[],"class_list":{"0":"post-10734","1":"product","2":"type-product","3":"status-publish","4":"has-post-thumbnail","6":"product_cat-books-en","7":"product_cat-kasitooraamatud-en","9":"first","10":"instock","11":"shipping-taxable","12":"purchasable","13":"product-type-simple"},"yoast_head":"<!-- This site is optimized with the Yoast SEO plugin v27.2 - https:\/\/yoast.com\/product\/yoast-seo-wordpress\/ -->\n<title>Koome Haapsalu salli - Saara Kirjastus<\/title>\n<meta name=\"robots\" content=\"index, follow, max-snippet:-1, max-image-preview:large, max-video-preview:-1\" \/>\n<link rel=\"canonical\" href=\"https:\/\/epood.saara.ee\/en\/pood\/koome-haapsalu-salli\" \/>\n<meta property=\"og:locale\" content=\"en_US\" \/>\n<meta property=\"og:type\" content=\"article\" \/>\n<meta property=\"og:title\" content=\"Koome Haapsalu salli - Saara Kirjastus\" \/>\n<meta property=\"og:description\" content=\"&nbsp;  &nbsp;  &nbsp;\" \/>\n<meta property=\"og:url\" content=\"https:\/\/epood.saara.ee\/en\/pood\/koome-haapsalu-salli\" \/>\n<meta property=\"og:site_name\" content=\"Saara Kirjastus\" \/>\n<meta property=\"article:publisher\" content=\"https:\/\/www.facebook.com\/Saara-Kirjastus\" \/>\n<meta property=\"article:modified_time\" content=\"2025-06-11T12:25:15+00:00\" \/>\n<meta property=\"og:image\" content=\"https:\/\/epood.saara.ee\/wp-content\/uploads\/2016\/08\/Koome_Haapsalu_salli_kaaned-1.png\" \/>\n\t<meta property=\"og:image:width\" content=\"600\" \/>\n\t<meta property=\"og:image:height\" content=\"600\" \/>\n\t<meta property=\"og:image:type\" content=\"image\/png\" \/>\n<meta name=\"twitter:label1\" content=\"Est. reading time\" \/>\n\t<meta name=\"twitter:data1\" content=\"1 minute\" \/>\n<script type=\"application\/ld+json\" class=\"yoast-schema-graph\">{\"@context\":\"https:\/\/schema.org\",\"@graph\":[{\"@type\":\"WebPage\",\"@id\":\"https:\/\/epood.saara.ee\/en\/pood\/koome-haapsalu-salli\",\"url\":\"https:\/\/epood.saara.ee\/en\/pood\/koome-haapsalu-salli\",\"name\":\"Koome Haapsalu salli - Saara Kirjastus\",\"isPartOf\":{\"@id\":\"https:\/\/epood.saara.ee\/#website\"},\"primaryImageOfPage\":{\"@id\":\"https:\/\/epood.saara.ee\/en\/pood\/koome-haapsalu-salli#primaryimage\"},\"image\":{\"@id\":\"https:\/\/epood.saara.ee\/en\/pood\/koome-haapsalu-salli#primaryimage\"},\"thumbnailUrl\":\"https:\/\/epood.saara.ee\/wp-content\/uploads\/2016\/08\/Koome_Haapsalu_salli_kaaned-1.png\",\"datePublished\":\"2016-08-18T12:30:15+00:00\",\"dateModified\":\"2025-06-11T12:25:15+00:00\",\"breadcrumb\":{\"@id\":\"https:\/\/epood.saara.ee\/en\/pood\/koome-haapsalu-salli#breadcrumb\"},\"inLanguage\":\"en-US\",\"potentialAction\":[{\"@type\":\"ReadAction\",\"target\":[\"https:\/\/epood.saara.ee\/en\/pood\/koome-haapsalu-salli\"]}]},{\"@type\":\"ImageObject\",\"inLanguage\":\"en-US\",\"@id\":\"https:\/\/epood.saara.ee\/en\/pood\/koome-haapsalu-salli#primaryimage\",\"url\":\"https:\/\/epood.saara.ee\/wp-content\/uploads\/2016\/08\/Koome_Haapsalu_salli_kaaned-1.png\",\"contentUrl\":\"https:\/\/epood.saara.ee\/wp-content\/uploads\/2016\/08\/Koome_Haapsalu_salli_kaaned-1.png\",\"width\":600,\"height\":600,\"caption\":\"Koome Haapsalu salli\"},{\"@type\":\"BreadcrumbList\",\"@id\":\"https:\/\/epood.saara.ee\/en\/pood\/koome-haapsalu-salli#breadcrumb\",\"itemListElement\":[{\"@type\":\"ListItem\",\"position\":1,\"name\":\"Home\",\"item\":\"https:\/\/epood.saara.ee\/en\"},{\"@type\":\"ListItem\",\"position\":2,\"name\":\"Shop\",\"item\":\"https:\/\/epood.saara.ee\/en\/shop\"},{\"@type\":\"ListItem\",\"position\":3,\"name\":\"Koome Haapsalu salli\"}]},{\"@type\":\"WebSite\",\"@id\":\"https:\/\/epood.saara.ee\/#website\",\"url\":\"https:\/\/epood.saara.ee\/\",\"name\":\"Saara Kirjastus\",\"description\":\"Kujundusteenused, raamatud, k&auml;sit&ouml;&ouml;\",\"publisher\":{\"@id\":\"https:\/\/epood.saara.ee\/#organization\"},\"potentialAction\":[{\"@type\":\"SearchAction\",\"target\":{\"@type\":\"EntryPoint\",\"urlTemplate\":\"https:\/\/epood.saara.ee\/?s={search_term_string}\"},\"query-input\":{\"@type\":\"PropertyValueSpecification\",\"valueRequired\":true,\"valueName\":\"search_term_string\"}}],\"inLanguage\":\"en-US\"},{\"@type\":\"Organization\",\"@id\":\"https:\/\/epood.saara.ee\/#organization\",\"name\":\"Saarakiri O\u00dc\",\"url\":\"https:\/\/epood.saara.ee\/\",\"logo\":{\"@type\":\"ImageObject\",\"inLanguage\":\"en-US\",\"@id\":\"https:\/\/epood.saara.ee\/#\/schema\/logo\/image\/\",\"url\":\"https:\/\/epood.saara.ee\/wp-content\/uploads\/2015\/03\/saara_mv_R.png\",\"contentUrl\":\"https:\/\/epood.saara.ee\/wp-content\/uploads\/2015\/03\/saara_mv_R.png\",\"width\":649,\"height\":226,\"caption\":\"Saarakiri O\u00dc\"},\"image\":{\"@id\":\"https:\/\/epood.saara.ee\/#\/schema\/logo\/image\/\"},\"sameAs\":[\"https:\/\/www.facebook.com\/Saara-Kirjastus\"]}]}<\/script>\n<!-- \/ Yoast SEO plugin. -->","yoast_head_json":{"title":"Koome Haapsalu salli - Saara Kirjastus","robots":{"index":"index","follow":"follow","max-snippet":"max-snippet:-1","max-image-preview":"max-image-preview:large","max-video-preview":"max-video-preview:-1"},"canonical":"https:\/\/epood.saara.ee\/en\/pood\/koome-haapsalu-salli","og_locale":"en_US","og_type":"article","og_title":"Koome Haapsalu salli - Saara Kirjastus","og_description":"&nbsp;  &nbsp;  &nbsp;","og_url":"https:\/\/epood.saara.ee\/en\/pood\/koome-haapsalu-salli","og_site_name":"Saara Kirjastus","article_publisher":"https:\/\/www.facebook.com\/Saara-Kirjastus","article_modified_time":"2025-06-11T12:25:15+00:00","og_image":[{"width":600,"height":600,"url":"https:\/\/epood.saara.ee\/wp-content\/uploads\/2016\/08\/Koome_Haapsalu_salli_kaaned-1.png","type":"image\/png"}],"twitter_misc":{"Est. reading time":"1 minute"},"schema":{"@context":"https:\/\/schema.org","@graph":[{"@type":"WebPage","@id":"https:\/\/epood.saara.ee\/en\/pood\/koome-haapsalu-salli","url":"https:\/\/epood.saara.ee\/en\/pood\/koome-haapsalu-salli","name":"Koome Haapsalu salli - Saara Kirjastus","isPartOf":{"@id":"https:\/\/epood.saara.ee\/#website"},"primaryImageOfPage":{"@id":"https:\/\/epood.saara.ee\/en\/pood\/koome-haapsalu-salli#primaryimage"},"image":{"@id":"https:\/\/epood.saara.ee\/en\/pood\/koome-haapsalu-salli#primaryimage"},"thumbnailUrl":"https:\/\/epood.saara.ee\/wp-content\/uploads\/2016\/08\/Koome_Haapsalu_salli_kaaned-1.png","datePublished":"2016-08-18T12:30:15+00:00","dateModified":"2025-06-11T12:25:15+00:00","breadcrumb":{"@id":"https:\/\/epood.saara.ee\/en\/pood\/koome-haapsalu-salli#breadcrumb"},"inLanguage":"en-US","potentialAction":[{"@type":"ReadAction","target":["https:\/\/epood.saara.ee\/en\/pood\/koome-haapsalu-salli"]}]},{"@type":"ImageObject","inLanguage":"en-US","@id":"https:\/\/epood.saara.ee\/en\/pood\/koome-haapsalu-salli#primaryimage","url":"https:\/\/epood.saara.ee\/wp-content\/uploads\/2016\/08\/Koome_Haapsalu_salli_kaaned-1.png","contentUrl":"https:\/\/epood.saara.ee\/wp-content\/uploads\/2016\/08\/Koome_Haapsalu_salli_kaaned-1.png","width":600,"height":600,"caption":"Koome Haapsalu salli"},{"@type":"BreadcrumbList","@id":"https:\/\/epood.saara.ee\/en\/pood\/koome-haapsalu-salli#breadcrumb","itemListElement":[{"@type":"ListItem","position":1,"name":"Home","item":"https:\/\/epood.saara.ee\/en"},{"@type":"ListItem","position":2,"name":"Shop","item":"https:\/\/epood.saara.ee\/en\/shop"},{"@type":"ListItem","position":3,"name":"Koome Haapsalu salli"}]},{"@type":"WebSite","@id":"https:\/\/epood.saara.ee\/#website","url":"https:\/\/epood.saara.ee\/","name":"Saara Kirjastus","description":"Kujundusteenused, raamatud, k&auml;sit&ouml;&ouml;","publisher":{"@id":"https:\/\/epood.saara.ee\/#organization"},"potentialAction":[{"@type":"SearchAction","target":{"@type":"EntryPoint","urlTemplate":"https:\/\/epood.saara.ee\/?s={search_term_string}"},"query-input":{"@type":"PropertyValueSpecification","valueRequired":true,"valueName":"search_term_string"}}],"inLanguage":"en-US"},{"@type":"Organization","@id":"https:\/\/epood.saara.ee\/#organization","name":"Saarakiri O\u00dc","url":"https:\/\/epood.saara.ee\/","logo":{"@type":"ImageObject","inLanguage":"en-US","@id":"https:\/\/epood.saara.ee\/#\/schema\/logo\/image\/","url":"https:\/\/epood.saara.ee\/wp-content\/uploads\/2015\/03\/saara_mv_R.png","contentUrl":"https:\/\/epood.saara.ee\/wp-content\/uploads\/2015\/03\/saara_mv_R.png","width":649,"height":226,"caption":"Saarakiri O\u00dc"},"image":{"@id":"https:\/\/epood.saara.ee\/#\/schema\/logo\/image\/"},"sameAs":["https:\/\/www.facebook.com\/Saara-Kirjastus"]}]}},"_links":{"self":[{"href":"https:\/\/epood.saara.ee\/en\/wp-json\/wp\/v2\/product\/10734","targetHints":{"allow":["GET"]}}],"collection":[{"href":"https:\/\/epood.saara.ee\/en\/wp-json\/wp\/v2\/product"}],"about":[{"href":"https:\/\/epood.saara.ee\/en\/wp-json\/wp\/v2\/types\/product"}],"wp:featuredmedia":[{"embeddable":true,"href":"https:\/\/epood.saara.ee\/en\/wp-json\/wp\/v2\/media\/18258"}],"wp:attachment":[{"href":"https:\/\/epood.saara.ee\/en\/wp-json\/wp\/v2\/media?parent=10734"}],"wp:term":[{"taxonomy":"product_brand","embeddable":true,"href":"https:\/\/epood.saara.ee\/en\/wp-json\/wp\/v2\/product_brand?post=10734"},{"taxonomy":"product_cat","embeddable":true,"href":"https:\/\/epood.saara.ee\/en\/wp-json\/wp\/v2\/product_cat?post=10734"},{"taxonomy":"product_tag","embeddable":true,"href":"https:\/\/epood.saara.ee\/en\/wp-json\/wp\/v2\/product_tag?post=10734"}],"curies":[{"name":"wp","href":"https:\/\/api.w.org\/{rel}","templated":true}]}}