{"id":5637,"date":"2015-03-10T13:59:24","date_gmt":"2015-03-10T13:59:24","guid":{"rendered":"http:\/\/epood.saara.ee\/esileht-2"},"modified":"2015-04-23T16:06:07","modified_gmt":"2015-04-23T16:06:07","slug":"esileht","status":"publish","type":"page","link":"https:\/\/epood.saara.ee\/en\/esileht","title":{"rendered":"Esileht"},"content":{"rendered":"<div id='av_section_1'  class='avia-section av-av_section-d5a9e6ff7a7e2f8221d0433159a2280d main_color avia-section-default avia-no-shadow  avia-builder-el-0  el_before_av_section  avia-builder-el-first  avia-bg-style-scroll container_wrap sidebar_left'  ><div class='container av-section-cont-open' ><main  role=\"main\" itemprop=\"mainContentOfPage\"  class='template-page content  av-content-small units'><div class='post-entry post-entry-type-page post-entry-5637'><div class='entry-content-wrapper clearfix'>\n<div  class='flex_column av-av_one_full-2a9015ff38129c418a3f2eafba3e9512 av_one_full  avia-builder-el-1  avia-builder-el-no-sibling  first flex_column_div  '     ><p><div  class='avia-slideshow av-av_slideshow-faca14bbc174800b17b3bb9dc08c1abd avia-slideshow-no scaling av_slideshow avia-fade-slider  avia-builder-el-2  el_before_av_masonry_gallery  avia-builder-el-no-sibling  av-slideshow-ui av-control-hidden av-no-slider-navigation av-hide-nav-arrows av-slideshow-autoplay av-loop-endless av-loop-manual-endless av-default-height-applied avia-slideshow-1' data-slideshow-options=\"{&quot;animation&quot;:&quot;fade&quot;,&quot;autoplay&quot;:true,&quot;loop_autoplay&quot;:&quot;endless&quot;,&quot;interval&quot;:10,&quot;loop_manual&quot;:&quot;manual-endless&quot;,&quot;autoplay_stopper&quot;:false,&quot;noNavigation&quot;:true,&quot;bg_slider&quot;:false,&quot;keep_padding&quot;:false,&quot;hoverpause&quot;:false,&quot;show_slide_delay&quot;:0}\"  itemprop=\"image\" itemscope=\"itemscope\" itemtype=\"https:\/\/schema.org\/ImageObject\" ><ul class='avia-slideshow-inner ' style='padding-bottom: 12.755102040816%;'><li  class='avia-slideshow-slide av-av_slideshow-faca14bbc174800b17b3bb9dc08c1abd__0  av-single-slide slide-1 slide-odd'><div data-rel='slideshow-1' class='avia-slide-wrap '   ><img decoding=\"async\" fetchpriority=\"high\" class=\"wp-image-7666 avia-img-lazy-loading-not-7666\"  src=\"https:\/\/epood.saara.ee\/wp-content\/uploads\/2015\/03\/esislaider_D1.jpg\" width=\"1176\" height=\"150\" title='_' alt=''  itemprop=\"thumbnailUrl\" srcset=\"https:\/\/epood.saara.ee\/wp-content\/uploads\/2015\/03\/esislaider_D1.jpg 1176w, https:\/\/epood.saara.ee\/wp-content\/uploads\/2015\/03\/esislaider_D1-450x57.jpg 450w, https:\/\/epood.saara.ee\/wp-content\/uploads\/2015\/03\/esislaider_D1-600x77.jpg 600w, https:\/\/epood.saara.ee\/wp-content\/uploads\/2015\/03\/esislaider_D1-1030x131.jpg 1030w, https:\/\/epood.saara.ee\/wp-content\/uploads\/2015\/03\/esislaider_D1-705x90.jpg 705w\" sizes=\"(max-width: 1176px) 100vw, 1176px\" \/><\/div><\/li><\/ul><\/div><br \/>\n<div id='av-masonry-1' class='av-masonry av-av_masonry_gallery-80386c261b07cf7b3900b67ef675300b noHover av-flex-size av-no-gap av-hover-overlay-active av-masonry-animation-active av-masonry-col-3 av-caption-always av-caption-style- av-masonry-gallery ' data-post_id=\"5637\"><div class=\"av-masonry-container isotope av-js-disabled\"><div class='av-masonry-entry isotope-item av-masonry-item-no-image '><\/div><div id='av-masonry-1-item-7661' data-av-masonry-item='7661' class='av-masonry-entry isotope-item post-7661 attachment type-attachment status-inherit hentry  av-masonry-item-with-image'    itemprop=\"thumbnailUrl\" ><div class='av-inner-masonry-sizer'><\/div><figure class='av-inner-masonry main_color'><div class=\"av-masonry-outerimage-container\"><div class='av-masonry-image-container'   ><img decoding=\"async\" width=\"400\" height=\"262\" fetchpriority=\"high\" class=\"wp-image-7661 avia-img-lazy-loading-not-7661\"  src=\"https:\/\/epood.saara.ee\/wp-content\/uploads\/2015\/03\/TR\u00dcKISED.jpg\" title=\"Tr\u00fckised\" alt=\"\" \/><\/div><\/div><figcaption class='av-inner-masonry-content site-background'><div class='av-inner-masonry-content-pos'><div class='av-inner-masonry-content-pos-content'><div class='avia-arrow'><\/div><div class='av-masonry-entry-content entry-content'  itemprop=\"text\" >Kujundusteenused, raamatud, kirjastus.<\/div><\/div><\/div><\/figcaption><\/figure><\/div><!--end av-masonry entry--><div id='av-masonry-1-item-7659' data-av-masonry-item='7659' class='av-masonry-entry isotope-item post-7659 attachment type-attachment status-inherit hentry  av-masonry-item-with-image'    itemprop=\"thumbnailUrl\" ><div class='av-inner-masonry-sizer'><\/div><figure class='av-inner-masonry main_color'><div class=\"av-masonry-outerimage-container\"><div class='av-masonry-image-container'   ><img decoding=\"async\" width=\"400\" height=\"262\" fetchpriority=\"high\" class=\"wp-image-7659 avia-img-lazy-loading-not-7659\"  src=\"https:\/\/epood.saara.ee\/wp-content\/uploads\/2015\/03\/epood.jpg\" title=\"E-pood\" alt=\"\" \/><\/div><\/div><figcaption class='av-inner-masonry-content site-background'><div class='av-inner-masonry-content-pos'><div class='av-inner-masonry-content-pos-content'><div class='avia-arrow'><\/div><div class='av-masonry-entry-content entry-content'  itemprop=\"text\" >Meie raamatud ja k\u00e4sit\u00f6\u00f6 tarvikud.<\/div><\/div><\/div><\/figcaption><\/figure><\/div><!--end av-masonry entry--><div id='av-masonry-1-item-7667' data-av-masonry-item='7667' class='av-masonry-entry isotope-item post-7667 attachment type-attachment status-inherit hentry  av-masonry-item-with-image'    itemprop=\"thumbnailUrl\" ><div class='av-inner-masonry-sizer'><\/div><figure class='av-inner-masonry main_color'><div class=\"av-masonry-outerimage-container\"><div class='av-masonry-image-container'   ><img decoding=\"async\" width=\"400\" height=\"262\" fetchpriority=\"high\" class=\"wp-image-7667 avia-img-lazy-loading-not-7667\"  src=\"https:\/\/epood.saara.ee\/wp-content\/uploads\/2015\/03\/k2sit66kool3.jpg\" title=\"K\u00e4sit\u00f6\u00f6kool\" alt=\"\" \/><\/div><\/div><figcaption class='av-inner-masonry-content site-background'><div class='av-inner-masonry-content-pos'><div class='av-inner-masonry-content-pos-content'><div class='avia-arrow'><\/div><div class='av-masonry-entry-content entry-content'  itemprop=\"text\" >Koolitused, blogi, koolitajad.<\/div><\/div><\/div><\/figcaption><\/figure><\/div><!--end av-masonry entry--><\/div><\/div><\/p><\/div><\/div><\/div><\/main><!-- close content main element --><\/div><\/div>\n<style type=\"text\/css\" data-created_by=\"avia_inline_auto\" id=\"style-css-av-av_section-0a36bba90a1820ee0e911fad6b533ba2\">\n.avia-section.av-av_section-0a36bba90a1820ee0e911fad6b533ba2{\nbackground-color:#ffffff;\nbackground-image:unset;\n}\n<\/style>\n<div id='av_section_2'  class='avia-section av-av_section-0a36bba90a1820ee0e911fad6b533ba2 main_color avia-section-default avia-no-shadow  avia-builder-el-4  el_after_av_section  avia-builder-el-last  avia-bg-style-scroll container_wrap sidebar_left'  ><div class='container av-section-cont-open' ><div class='template-page content  av-content-small units'><div class='post-entry post-entry-type-page post-entry-5637'><div class='entry-content-wrapper clearfix'>\n<div  class='flex_column av-av_three_fifth-2a9015ff38129c418a3f2eafba3e9512 av_three_fifth  avia-builder-el-5  el_before_av_two_fifth  avia-builder-el-first  first flex_column_div  '     ><p>\n<style type=\"text\/css\" data-created_by=\"avia_inline_auto\" id=\"style-css-av-av_heading-fabb9d13b08a67c03445ac8fdbbc9a2d\">\n#top .av-special-heading.av-av_heading-fabb9d13b08a67c03445ac8fdbbc9a2d{\npadding-bottom:10px;\n}\nbody .av-special-heading.av-av_heading-fabb9d13b08a67c03445ac8fdbbc9a2d .av-special-heading-tag .heading-char{\nfont-size:25px;\n}\n.av-special-heading.av-av_heading-fabb9d13b08a67c03445ac8fdbbc9a2d .av-subheading{\nfont-size:15px;\n}\n<\/style>\n<div  class='av-special-heading av-av_heading-fabb9d13b08a67c03445ac8fdbbc9a2d av-special-heading-h3  avia-builder-el-6  el_before_av_textblock  avia-builder-el-first '><h3 class='av-special-heading-tag'  itemprop=\"headline\"  >Saara Kirjastus<\/h3><div class=\"special-heading-border\"><div class=\"special-heading-inner-border\"><\/div><\/div><\/div><br \/>\n<section  class='av_textblock_section av-av_textblock-0366cc7376be6c9e82a3e9cc8987b64f '   itemscope=\"itemscope\" itemtype=\"https:\/\/schema.org\/CreativeWork\" ><div class='avia_textblock'  itemprop=\"text\" ><p><strong>Saara Kirjastuse<\/strong> s\u00fcnnilugu on tihedalt seotud T\u00fcri Noorte Kunstip\u00e4evadega. Ehkki kunstip\u00e4evad on v\u00e4hemalt esialgu l\u00e4inud kaduviku rada, h\u00f5ljub killuke kunstip\u00e4evade vaimust Saara kontoris, tegemistes ja ettev\u00f5tmistes edasi.<\/p>\n<p>Kirjastus loodi 2002. aastal eelk\u00f5ige k\u00e4sit\u00f6\u00f6alaste \u00f5ppematerjalide ja raamatute kirjastamiseks, t\u00e4naseks on tehtud t\u00f6\u00f6de riiulil ka hulgaliselt visiitkaarte, reklaamtr\u00fckiseid, plakateid, juturaamatuid jm.<\/p>\n<p>Armastame \u00fclek\u00f5ige oma ettev\u00f5tmistes feelingut, v\u00e4\u00e4rtustame vanu asju, hindame uusi ideid ja lahendusi.<\/p>\n<p><img loading=\"lazy\" decoding=\"async\" class=\"alignnone size-full wp-image-4093\" src=\"https:\/\/epood.saara.ee\/wp-content\/uploads\/2015\/03\/kasi.png\" alt=\"Saarakiri\" width=\"200\" height=\"246\" \/><\/p>\n<\/div><\/section><\/p><\/div><div  class='flex_column av-av_two_fifth-b51168870d26eac9084c0e2dc495efe0 av_two_fifth  avia-builder-el-8  el_after_av_three_fifth  avia-builder-el-last  flex_column_div  '     ><p>\n<style type=\"text\/css\" data-created_by=\"avia_inline_auto\" id=\"style-css-av-av_heading-333b78d4ae68715da0854b0312b9fbf2\">\n#top .av-special-heading.av-av_heading-333b78d4ae68715da0854b0312b9fbf2{\npadding-bottom:10px;\n}\nbody .av-special-heading.av-av_heading-333b78d4ae68715da0854b0312b9fbf2 .av-special-heading-tag .heading-char{\nfont-size:25px;\n}\n.av-special-heading.av-av_heading-333b78d4ae68715da0854b0312b9fbf2 .av-subheading{\nfont-size:15px;\n}\n<\/style>\n<div  class='av-special-heading av-av_heading-333b78d4ae68715da0854b0312b9fbf2 av-special-heading-h3  avia-builder-el-9  el_before_av_blog  avia-builder-el-first '><h3 class='av-special-heading-tag'  itemprop=\"headline\"  >Uudised<\/h3><div class=\"special-heading-border\"><div class=\"special-heading-inner-border\"><\/div><\/div><\/div><br \/>\n<\/p><\/div>\n<\/div><\/div><\/div><!-- close content main div --><\/div><\/div><div id='after_section_2'  class='main_color av_default_container_wrap container_wrap sidebar_left'  ><div class='container av-section-cont-open' ><div class='template-page content  av-content-small units'><div class='post-entry post-entry-type-page post-entry-5637'><div class='entry-content-wrapper clearfix'><\/p>\n","protected":false},"excerpt":{"rendered":"","protected":false},"author":1,"featured_media":0,"parent":0,"menu_order":0,"comment_status":"closed","ping_status":"closed","template":"","meta":{"footnotes":""},"class_list":["post-5637","page","type-page","status-publish","hentry"],"yoast_head":"<!-- This site is optimized with the Yoast SEO plugin v27.3 - https:\/\/yoast.com\/product\/yoast-seo-wordpress\/ -->\n<title>Esileht - Saara Kirjastus<\/title>\n<meta name=\"robots\" content=\"index, follow, max-snippet:-1, max-image-preview:large, max-video-preview:-1\" \/>\n<link rel=\"canonical\" href=\"https:\/\/epood.saara.ee\/en\/esileht\" \/>\n<meta property=\"og:locale\" content=\"en_US\" \/>\n<meta property=\"og:type\" content=\"article\" \/>\n<meta property=\"og:title\" content=\"Esileht - Saara Kirjastus\" \/>\n<meta property=\"og:url\" content=\"https:\/\/epood.saara.ee\/en\/esileht\" \/>\n<meta property=\"og:site_name\" content=\"Saara Kirjastus\" \/>\n<meta property=\"article:publisher\" content=\"https:\/\/www.facebook.com\/Saara-Kirjastus\" \/>\n<meta property=\"article:modified_time\" content=\"2015-04-23T16:06:07+00:00\" \/>\n<meta property=\"og:image\" content=\"https:\/\/epood.saara.ee\/wp-content\/uploads\/2015\/03\/kasi.png\" \/>\n<meta name=\"twitter:label1\" content=\"Est. reading time\" \/>\n\t<meta name=\"twitter:data1\" content=\"2 minutes\" \/>\n<script type=\"application\/ld+json\" class=\"yoast-schema-graph\">{\"@context\":\"https:\\\/\\\/schema.org\",\"@graph\":[{\"@type\":\"WebPage\",\"@id\":\"https:\\\/\\\/epood.saara.ee\\\/en\\\/esileht\",\"url\":\"https:\\\/\\\/epood.saara.ee\\\/en\\\/esileht\",\"name\":\"Esileht - Saara Kirjastus\",\"isPartOf\":{\"@id\":\"https:\\\/\\\/epood.saara.ee\\\/#website\"},\"primaryImageOfPage\":{\"@id\":\"https:\\\/\\\/epood.saara.ee\\\/en\\\/esileht#primaryimage\"},\"image\":{\"@id\":\"https:\\\/\\\/epood.saara.ee\\\/en\\\/esileht#primaryimage\"},\"thumbnailUrl\":\"https:\\\/\\\/epood.saara.ee\\\/wp-content\\\/uploads\\\/2015\\\/03\\\/kasi.png\",\"datePublished\":\"2015-03-10T13:59:24+00:00\",\"dateModified\":\"2015-04-23T16:06:07+00:00\",\"breadcrumb\":{\"@id\":\"https:\\\/\\\/epood.saara.ee\\\/en\\\/esileht#breadcrumb\"},\"inLanguage\":\"en-US\",\"potentialAction\":[{\"@type\":\"ReadAction\",\"target\":[\"https:\\\/\\\/epood.saara.ee\\\/en\\\/esileht\"]}]},{\"@type\":\"ImageObject\",\"inLanguage\":\"en-US\",\"@id\":\"https:\\\/\\\/epood.saara.ee\\\/en\\\/esileht#primaryimage\",\"url\":\"https:\\\/\\\/epood.saara.ee\\\/wp-content\\\/uploads\\\/2015\\\/03\\\/kasi.png\",\"contentUrl\":\"https:\\\/\\\/epood.saara.ee\\\/wp-content\\\/uploads\\\/2015\\\/03\\\/kasi.png\"},{\"@type\":\"BreadcrumbList\",\"@id\":\"https:\\\/\\\/epood.saara.ee\\\/en\\\/esileht#breadcrumb\",\"itemListElement\":[{\"@type\":\"ListItem\",\"position\":1,\"name\":\"Home\",\"item\":\"https:\\\/\\\/epood.saara.ee\\\/en\"},{\"@type\":\"ListItem\",\"position\":2,\"name\":\"Esileht\"}]},{\"@type\":\"WebSite\",\"@id\":\"https:\\\/\\\/epood.saara.ee\\\/#website\",\"url\":\"https:\\\/\\\/epood.saara.ee\\\/\",\"name\":\"Saara Kirjastus\",\"description\":\"Kujundusteenused, raamatud, k&auml;sit&ouml;&ouml;\",\"publisher\":{\"@id\":\"https:\\\/\\\/epood.saara.ee\\\/#organization\"},\"potentialAction\":[{\"@type\":\"SearchAction\",\"target\":{\"@type\":\"EntryPoint\",\"urlTemplate\":\"https:\\\/\\\/epood.saara.ee\\\/?s={search_term_string}\"},\"query-input\":{\"@type\":\"PropertyValueSpecification\",\"valueRequired\":true,\"valueName\":\"search_term_string\"}}],\"inLanguage\":\"en-US\"},{\"@type\":\"Organization\",\"@id\":\"https:\\\/\\\/epood.saara.ee\\\/#organization\",\"name\":\"Saarakiri O\u00dc\",\"url\":\"https:\\\/\\\/epood.saara.ee\\\/\",\"logo\":{\"@type\":\"ImageObject\",\"inLanguage\":\"en-US\",\"@id\":\"https:\\\/\\\/epood.saara.ee\\\/#\\\/schema\\\/logo\\\/image\\\/\",\"url\":\"https:\\\/\\\/epood.saara.ee\\\/wp-content\\\/uploads\\\/2015\\\/03\\\/saara_mv_R.png\",\"contentUrl\":\"https:\\\/\\\/epood.saara.ee\\\/wp-content\\\/uploads\\\/2015\\\/03\\\/saara_mv_R.png\",\"width\":649,\"height\":226,\"caption\":\"Saarakiri O\u00dc\"},\"image\":{\"@id\":\"https:\\\/\\\/epood.saara.ee\\\/#\\\/schema\\\/logo\\\/image\\\/\"},\"sameAs\":[\"https:\\\/\\\/www.facebook.com\\\/Saara-Kirjastus\"]}]}<\/script>\n<!-- \/ Yoast SEO plugin. -->","yoast_head_json":{"title":"Esileht - Saara Kirjastus","robots":{"index":"index","follow":"follow","max-snippet":"max-snippet:-1","max-image-preview":"max-image-preview:large","max-video-preview":"max-video-preview:-1"},"canonical":"https:\/\/epood.saara.ee\/en\/esileht","og_locale":"en_US","og_type":"article","og_title":"Esileht - Saara Kirjastus","og_url":"https:\/\/epood.saara.ee\/en\/esileht","og_site_name":"Saara Kirjastus","article_publisher":"https:\/\/www.facebook.com\/Saara-Kirjastus","article_modified_time":"2015-04-23T16:06:07+00:00","og_image":[{"url":"https:\/\/epood.saara.ee\/wp-content\/uploads\/2015\/03\/kasi.png","type":"","width":"","height":""}],"twitter_misc":{"Est. reading time":"2 minutes"},"schema":{"@context":"https:\/\/schema.org","@graph":[{"@type":"WebPage","@id":"https:\/\/epood.saara.ee\/en\/esileht","url":"https:\/\/epood.saara.ee\/en\/esileht","name":"Esileht - Saara Kirjastus","isPartOf":{"@id":"https:\/\/epood.saara.ee\/#website"},"primaryImageOfPage":{"@id":"https:\/\/epood.saara.ee\/en\/esileht#primaryimage"},"image":{"@id":"https:\/\/epood.saara.ee\/en\/esileht#primaryimage"},"thumbnailUrl":"https:\/\/epood.saara.ee\/wp-content\/uploads\/2015\/03\/kasi.png","datePublished":"2015-03-10T13:59:24+00:00","dateModified":"2015-04-23T16:06:07+00:00","breadcrumb":{"@id":"https:\/\/epood.saara.ee\/en\/esileht#breadcrumb"},"inLanguage":"en-US","potentialAction":[{"@type":"ReadAction","target":["https:\/\/epood.saara.ee\/en\/esileht"]}]},{"@type":"ImageObject","inLanguage":"en-US","@id":"https:\/\/epood.saara.ee\/en\/esileht#primaryimage","url":"https:\/\/epood.saara.ee\/wp-content\/uploads\/2015\/03\/kasi.png","contentUrl":"https:\/\/epood.saara.ee\/wp-content\/uploads\/2015\/03\/kasi.png"},{"@type":"BreadcrumbList","@id":"https:\/\/epood.saara.ee\/en\/esileht#breadcrumb","itemListElement":[{"@type":"ListItem","position":1,"name":"Home","item":"https:\/\/epood.saara.ee\/en"},{"@type":"ListItem","position":2,"name":"Esileht"}]},{"@type":"WebSite","@id":"https:\/\/epood.saara.ee\/#website","url":"https:\/\/epood.saara.ee\/","name":"Saara Kirjastus","description":"Kujundusteenused, raamatud, k&auml;sit&ouml;&ouml;","publisher":{"@id":"https:\/\/epood.saara.ee\/#organization"},"potentialAction":[{"@type":"SearchAction","target":{"@type":"EntryPoint","urlTemplate":"https:\/\/epood.saara.ee\/?s={search_term_string}"},"query-input":{"@type":"PropertyValueSpecification","valueRequired":true,"valueName":"search_term_string"}}],"inLanguage":"en-US"},{"@type":"Organization","@id":"https:\/\/epood.saara.ee\/#organization","name":"Saarakiri O\u00dc","url":"https:\/\/epood.saara.ee\/","logo":{"@type":"ImageObject","inLanguage":"en-US","@id":"https:\/\/epood.saara.ee\/#\/schema\/logo\/image\/","url":"https:\/\/epood.saara.ee\/wp-content\/uploads\/2015\/03\/saara_mv_R.png","contentUrl":"https:\/\/epood.saara.ee\/wp-content\/uploads\/2015\/03\/saara_mv_R.png","width":649,"height":226,"caption":"Saarakiri O\u00dc"},"image":{"@id":"https:\/\/epood.saara.ee\/#\/schema\/logo\/image\/"},"sameAs":["https:\/\/www.facebook.com\/Saara-Kirjastus"]}]}},"_links":{"self":[{"href":"https:\/\/epood.saara.ee\/en\/wp-json\/wp\/v2\/pages\/5637","targetHints":{"allow":["GET"]}}],"collection":[{"href":"https:\/\/epood.saara.ee\/en\/wp-json\/wp\/v2\/pages"}],"about":[{"href":"https:\/\/epood.saara.ee\/en\/wp-json\/wp\/v2\/types\/page"}],"author":[{"embeddable":true,"href":"https:\/\/epood.saara.ee\/en\/wp-json\/wp\/v2\/users\/1"}],"replies":[{"embeddable":true,"href":"https:\/\/epood.saara.ee\/en\/wp-json\/wp\/v2\/comments?post=5637"}],"version-history":[{"count":0,"href":"https:\/\/epood.saara.ee\/en\/wp-json\/wp\/v2\/pages\/5637\/revisions"}],"wp:attachment":[{"href":"https:\/\/epood.saara.ee\/en\/wp-json\/wp\/v2\/media?parent=5637"}],"curies":[{"name":"wp","href":"https:\/\/api.w.org\/{rel}","templated":true}]}}